{"id":9033,"date":"2022-05-10T17:11:30","date_gmt":"2022-05-10T17:11:30","guid":{"rendered":"https:\/\/suculture.com\/?page_id=9033"},"modified":"2023-05-04T13:47:24","modified_gmt":"2023-05-04T13:47:24","slug":"about","status":"publish","type":"page","link":"https:\/\/suculture.com\/yo\/about\/","title":{"rendered":"Nipa re"},"content":{"rendered":"<div data-elementor-type=\"wp-page\" data-elementor-id=\"9033\" class=\"elementor elementor-9033\">\n\t\t\t\t\t\t\t\t\t<section class=\"elementor-section elementor-top-section elementor-element elementor-element-188f850a elementor-section-boxed elementor-section-height-default elementor-section-height-default\" data-id=\"188f850a\" data-element_type=\"section\">\n\t\t\t\t\t\t<div class=\"elementor-container elementor-column-gap-default\">\n\t\t\t\t\t<div class=\"elementor-column elementor-col-100 elementor-top-column elementor-element elementor-element-6280244d\" data-id=\"6280244d\" data-element_type=\"column\">\n\t\t\t<div class=\"elementor-widget-wrap elementor-element-populated\">\n\t\t\t\t\t\t\t\t<div class=\"elementor-element elementor-element-a33a6fc elementor-widget elementor-widget-heading\" data-id=\"a33a6fc\" data-element_type=\"widget\" data-widget_type=\"heading.default\">\n\t\t\t\t<div class=\"elementor-widget-container\">\n\t\t\t<h2 class=\"elementor-heading-title elementor-size-default\"><br>Dagba &amp; faagun ero r\u1eb9. <br>Dagba ni \u1eb9y\u1ecdkan.<\/h2>\t\t<\/div>\n\t\t\t\t<\/div>\n\t\t\t\t<div class=\"elementor-element elementor-element-78d1299 elementor-widget elementor-widget-spacer\" data-id=\"78d1299\" data-element_type=\"widget\" data-widget_type=\"spacer.default\">\n\t\t\t\t<div class=\"elementor-widget-container\">\n\t\t\t\t\t<div class=\"elementor-spacer\">\n\t\t\t<div class=\"elementor-spacer-inner\"><\/div>\n\t\t<\/div>\n\t\t\t\t<\/div>\n\t\t\t\t<\/div>\n\t\t\t\t<div class=\"elementor-element elementor-element-d1307b7 elementor-widget elementor-widget-text-editor\" data-id=\"d1307b7\" data-element_type=\"widget\" data-widget_type=\"text-editor.default\">\n\t\t\t\t<div class=\"elementor-widget-container\">\n\t\t\t\t\t\t\t<p style=\"font-size: 18px; text-align: justify;\">SUCULTURE j\u1eb9 it\u1ecds\u1ecdna nipas\u1eb9 aw\u1ecdn ipil\u1eb9 m\u1eb9fa: \u1e63i\u1e63i, idojuk\u1ecd, is\u1ecdp\u1ecd-ara, aibikita, iyipada, ati ironu igba pip\u1eb9.<\/p>\n<p style=\"font-size: 18px; text-align: justify;\">Aw\u1ecdn ilana it\u1ecds\u1ecdna ti o wa l\u1eb9hin SUCULTURE ni lati \u1e63\u1eb9da ilolupo ilolupo lori ayelujara ti o \u1e63e idasile aw\u1ecdn aj\u1ecd\u1e63ep\u1ecd \u1eb9da, ati imudara aw\u1ecdn iriri \u1eb9ni k\u1ecd\u1ecdkan.<\/p>\n<p style=\"font-size: 18px; text-align: justify;\">Ni Afirika, ati aw\u1ecdn oril\u1eb9-ede Afirika ti o gbooro, \u1ecdr\u1ecd naa &quot;SU&quot; ni a lo ni ede ojoojum\u1ecd ati pe o tum\u1ecd si \u1ecdna asop\u1ecd fun ifowosowopo, pa\u1e63ipaar\u1ecd tabi ifiagbara ifowosowopo.<\/p>\n<p style=\"font-size: 18px; text-align: justify;\">\u00c0\u1e62\u1eb8\u0301 m\u00e1a \u0144 f\u1eb9\u0301 j\u1eb9\u0301 \u1ecd\u0300n\u00e0 \u00e0b\u00e1w\u1ecdl\u00e9 l\u00e1\u00e0\u00e1r\u00edn \u1ecd\u0300n\u00e0 j\u00edj\u00ecn r\u00e9r\u00e9 p\u00edl\u00e1n\u1eb9\u0301\u1eb9\u0300t\u00ec; laarin North ati South, East ati West. Kik\u1ecd otito tuntun ati awo\u1e63e tuntun fun \u1ecdr\u1eb9, agbegbe, ati aw\u1ecdn aj\u1ecd\u1e63ep\u1ecd geoeconomic. Yiyipada alaye ti kini ibaraenis\u1ecdr\u1ecd ifowosowopo tum\u1ecd si.<\/p>\n<p style=\"font-size: 18px; text-align: justify;\">\u1e62awakiri aw\u1ecdn oril\u1eb9-ede 130 lori SUCULTURE, ni gbogbo agbaye. <span style=\"color: #ffcb05;\"><strong>\u00c0GB\u00c1RA<\/strong><\/span>!<\/p>\t\t\t\t\t\t<\/div>\n\t\t\t\t<\/div>\n\t\t\t\t<div class=\"elementor-element elementor-element-1e31a95 elementor-widget elementor-widget-spacer\" data-id=\"1e31a95\" data-element_type=\"widget\" data-widget_type=\"spacer.default\">\n\t\t\t\t<div class=\"elementor-widget-container\">\n\t\t\t\t\t<div class=\"elementor-spacer\">\n\t\t\t<div class=\"elementor-spacer-inner\"><\/div>\n\t\t<\/div>\n\t\t\t\t<\/div>\n\t\t\t\t<\/div>\n\t\t\t\t<div class=\"elementor-element elementor-element-ae5f1db elementor-widget elementor-widget-image\" data-id=\"ae5f1db\" data-element_type=\"widget\" data-widget_type=\"image.default\">\n\t\t\t\t<div class=\"elementor-widget-container\">\n\t\t\t\t\t\t\t\t\t\t\t\t\t\t\t<img fetchpriority=\"high\" decoding=\"async\" width=\"724\" height=\"1024\" src=\"https:\/\/suculture.com\/wp-content\/uploads\/2021\/03\/About-Us-Design-scaled.jpg\" class=\"attachment-large size-large wp-image-4519\" alt=\"\" \/>\t\t\t\t\t\t\t\t\t\t\t\t\t\t\t<\/div>\n\t\t\t\t<\/div>\n\t\t\t\t<div class=\"elementor-element elementor-element-f09e879 elementor-widget elementor-widget-image\" data-id=\"f09e879\" data-element_type=\"widget\" data-widget_type=\"image.default\">\n\t\t\t\t<div class=\"elementor-widget-container\">\n\t\t\t\t\t\t\t\t\t\t\t\t\t\t\t<img decoding=\"async\" width=\"1350\" height=\"1350\" src=\"https:\/\/suculture.com\/wp-content\/uploads\/2020\/06\/cropped-favicon.png\" class=\"attachment-full size-full wp-image-3791\" alt=\"\" srcset=\"https:\/\/suculture.com\/wp-content\/uploads\/2020\/06\/cropped-favicon.png 1350w, https:\/\/suculture.com\/wp-content\/uploads\/2020\/06\/cropped-favicon-300x300.png 300w, https:\/\/suculture.com\/wp-content\/uploads\/2020\/06\/cropped-favicon-1024x1024.png 1024w, https:\/\/suculture.com\/wp-content\/uploads\/2020\/06\/cropped-favicon-100x100.png 100w, https:\/\/suculture.com\/wp-content\/uploads\/2020\/06\/cropped-favicon-768x768.png 768w, https:\/\/suculture.com\/wp-content\/uploads\/2020\/06\/cropped-favicon-120x120.png 120w, https:\/\/suculture.com\/wp-content\/uploads\/2020\/06\/cropped-favicon-900x900.png 900w\" sizes=\"(max-width: 1350px) 100vw, 1350px\" \/>\t\t\t\t\t\t\t\t\t\t\t\t\t\t\t<\/div>\n\t\t\t\t<\/div>\n\t\t\t\t\t<\/div>\n\t\t<\/div>\n\t\t\t\t\t\t\t<\/div>\n\t\t<\/section>\n\t\t\t\t\t\t\t<\/div>","protected":false},"excerpt":{"rendered":"<p>Dagba &amp; faagun ero r\u1eb9. Dagba ni \u1eb9y\u1ecdkan. SUCULTURE j\u1eb9 it\u1ecds\u1ecdna nipas\u1eb9 aw\u1ecdn ipil\u1eb9 m\u1eb9fa: \u1e63i\u1e63i, idojuk\u1ecd, is\u1ecdp\u1ecd, aibikita, imud\u1ecdgba, ati igba pip\u1eb9\u2026 <a class=\"more-link\" href=\"https:\/\/suculture.com\/yo\/about\/\">Tesiwaju kika \u2192<\/a><\/p>","protected":false},"author":1,"featured_media":0,"parent":0,"menu_order":0,"comment_status":"closed","ping_status":"closed","template":"","meta":{"_bbp_topic_count":0,"_bbp_reply_count":0,"_bbp_total_topic_count":0,"_bbp_total_reply_count":0,"_bbp_voice_count":0,"_bbp_anonymous_reply_count":0,"_bbp_topic_count_hidden":0,"_bbp_reply_count_hidden":0,"_bbp_forum_subforum_count":0},"yoast_head":"<!-- This site is optimized with the Yoast SEO plugin v19.6 - https:\/\/yoast.com\/wordpress\/plugins\/seo\/ -->\n<title>About Us - Explore the world through a Black lens! | SUCULTURE<\/title>\n<meta name=\"description\" content=\"Create a FREE Profile! SUCULTURE Explore Black Music festivals and events, SUCULTURE Black culture news and entertainment, Black Stories and Perspectives, Black-owned entrepreneurship and businesses, Black culture and history, Music and entertainment for Black Gen Z and millennials, Black Innovative tech startups, Black Youth culture, Black identity creativity art and design, Black Health Hair and Beauty Tips, Black representation in literature and media, Black Girl Nerds Community, Career and job tips for Black professionals.\" \/>\n<meta name=\"robots\" content=\"index, follow, max-snippet:-1, max-image-preview:large, max-video-preview:-1\" \/>\n<link rel=\"canonical\" href=\"https:\/\/suculture.com\/yo\/about\/\" \/>\n<meta property=\"og:locale\" content=\"en_US\" \/>\n<meta property=\"og:type\" content=\"article\" \/>\n<meta property=\"og:title\" content=\"About Us - Explore the world through a Black lens! | SUCULTURE\" \/>\n<meta property=\"og:description\" content=\"Create a FREE Profile! SUCULTURE Explore Black Music festivals and events, SUCULTURE Black culture news and entertainment, Black Stories and Perspectives, Black-owned entrepreneurship and businesses, Black culture and history, Music and entertainment for Black Gen Z and millennials, Black Innovative tech startups, Black Youth culture, Black identity creativity art and design, Black Health Hair and Beauty Tips, Black representation in literature and media, Black Girl Nerds Community, Career and job tips for Black professionals.\" \/>\n<meta property=\"og:url\" content=\"https:\/\/suculture.com\/yo\/about\/\" \/>\n<meta property=\"og:site_name\" content=\"SUCULTURE\" \/>\n<meta property=\"article:modified_time\" content=\"2023-05-04T13:47:24+00:00\" \/>\n<meta property=\"og:image\" content=\"https:\/\/suculture.com\/wp-content\/uploads\/2021\/03\/About-Us-Design-scaled.jpg\" \/>\n<meta name=\"twitter:card\" content=\"summary_large_image\" \/>\n<meta name=\"twitter:label1\" content=\"Est. reading time\" \/>\n\t<meta name=\"twitter:data1\" content=\"1 minute\" \/>\n<script type=\"application\/ld+json\" class=\"yoast-schema-graph\">{\"@context\":\"https:\/\/schema.org\",\"@graph\":[{\"@type\":\"WebPage\",\"@id\":\"https:\/\/suculture.com\/about\/\",\"url\":\"https:\/\/suculture.com\/about\/\",\"name\":\"About Us - Explore the world through a Black lens! | SUCULTURE\",\"isPartOf\":{\"@id\":\"https:\/\/suculture.com\/#website\"},\"datePublished\":\"2022-05-10T17:11:30+00:00\",\"dateModified\":\"2023-05-04T13:47:24+00:00\",\"description\":\"Create a FREE Profile! SUCULTURE Explore Black Music festivals and events, SUCULTURE Black culture news and entertainment, Black Stories and Perspectives, Black-owned entrepreneurship and businesses, Black culture and history, Music and entertainment for Black Gen Z and millennials, Black Innovative tech startups, Black Youth culture, Black identity creativity art and design, Black Health Hair and Beauty Tips, Black representation in literature and media, Black Girl Nerds Community, Career and job tips for Black professionals.\",\"breadcrumb\":{\"@id\":\"https:\/\/suculture.com\/about\/#breadcrumb\"},\"inLanguage\":\"yo\",\"potentialAction\":[{\"@type\":\"ReadAction\",\"target\":[\"https:\/\/suculture.com\/about\/\"]}]},{\"@type\":\"BreadcrumbList\",\"@id\":\"https:\/\/suculture.com\/about\/#breadcrumb\",\"itemListElement\":[{\"@type\":\"ListItem\",\"position\":1,\"name\":\"Home\",\"item\":\"https:\/\/suculture.com\/\"},{\"@type\":\"ListItem\",\"position\":2,\"name\":\"About Us\"}]},{\"@type\":\"WebSite\",\"@id\":\"https:\/\/suculture.com\/#website\",\"url\":\"https:\/\/suculture.com\/\",\"name\":\"SUCULTURE\",\"description\":\"A Unified Online Ecosystem\",\"publisher\":{\"@id\":\"https:\/\/suculture.com\/#organization\"},\"potentialAction\":[{\"@type\":\"SearchAction\",\"target\":{\"@type\":\"EntryPoint\",\"urlTemplate\":\"https:\/\/suculture.com\/?s={search_term_string}\"},\"query-input\":\"required name=search_term_string\"}],\"inLanguage\":\"yo\"},{\"@type\":\"Organization\",\"@id\":\"https:\/\/suculture.com\/#organization\",\"name\":\"SUCULTURE\",\"url\":\"https:\/\/suculture.com\/\",\"sameAs\":[],\"logo\":{\"@type\":\"ImageObject\",\"inLanguage\":\"yo\",\"@id\":\"https:\/\/suculture.com\/#\/schema\/logo\/image\/\",\"url\":\"https:\/\/suculture.com\/wp-content\/uploads\/2020\/10\/dark_logo.png\",\"contentUrl\":\"https:\/\/suculture.com\/wp-content\/uploads\/2020\/10\/dark_logo.png\",\"width\":1000,\"height\":195,\"caption\":\"SUCULTURE\"},\"image\":{\"@id\":\"https:\/\/suculture.com\/#\/schema\/logo\/image\/\"}}]}<\/script>\n<!-- \/ Yoast SEO plugin. -->","yoast_head_json":{"title":"About Us - Explore the world through a Black lens! | SUCULTURE","description":"Create a FREE Profile! SUCULTURE Explore Black Music festivals and events, SUCULTURE Black culture news and entertainment, Black Stories and Perspectives, Black-owned entrepreneurship and businesses, Black culture and history, Music and entertainment for Black Gen Z and millennials, Black Innovative tech startups, Black Youth culture, Black identity creativity art and design, Black Health Hair and Beauty Tips, Black representation in literature and media, Black Girl Nerds Community, Career and job tips for Black professionals.","robots":{"index":"index","follow":"follow","max-snippet":"max-snippet:-1","max-image-preview":"max-image-preview:large","max-video-preview":"max-video-preview:-1"},"canonical":"https:\/\/suculture.com\/yo\/about\/","og_locale":"en_US","og_type":"article","og_title":"About Us - Explore the world through a Black lens! | SUCULTURE","og_description":"Create a FREE Profile! SUCULTURE Explore Black Music festivals and events, SUCULTURE Black culture news and entertainment, Black Stories and Perspectives, Black-owned entrepreneurship and businesses, Black culture and history, Music and entertainment for Black Gen Z and millennials, Black Innovative tech startups, Black Youth culture, Black identity creativity art and design, Black Health Hair and Beauty Tips, Black representation in literature and media, Black Girl Nerds Community, Career and job tips for Black professionals.","og_url":"https:\/\/suculture.com\/yo\/about\/","og_site_name":"SUCULTURE","article_modified_time":"2023-05-04T13:47:24+00:00","og_image":[{"url":"https:\/\/suculture.com\/wp-content\/uploads\/2021\/03\/About-Us-Design-scaled.jpg"}],"twitter_card":"summary_large_image","twitter_misc":{"Est. reading time":"1 minute"},"schema":{"@context":"https:\/\/schema.org","@graph":[{"@type":"WebPage","@id":"https:\/\/suculture.com\/about\/","url":"https:\/\/suculture.com\/about\/","name":"About Us - Explore the world through a Black lens! | SUCULTURE","isPartOf":{"@id":"https:\/\/suculture.com\/#website"},"datePublished":"2022-05-10T17:11:30+00:00","dateModified":"2023-05-04T13:47:24+00:00","description":"Create a FREE Profile! SUCULTURE Explore Black Music festivals and events, SUCULTURE Black culture news and entertainment, Black Stories and Perspectives, Black-owned entrepreneurship and businesses, Black culture and history, Music and entertainment for Black Gen Z and millennials, Black Innovative tech startups, Black Youth culture, Black identity creativity art and design, Black Health Hair and Beauty Tips, Black representation in literature and media, Black Girl Nerds Community, Career and job tips for Black professionals.","breadcrumb":{"@id":"https:\/\/suculture.com\/about\/#breadcrumb"},"inLanguage":"yo","potentialAction":[{"@type":"ReadAction","target":["https:\/\/suculture.com\/about\/"]}]},{"@type":"BreadcrumbList","@id":"https:\/\/suculture.com\/about\/#breadcrumb","itemListElement":[{"@type":"ListItem","position":1,"name":"Home","item":"https:\/\/suculture.com\/"},{"@type":"ListItem","position":2,"name":"About Us"}]},{"@type":"WebSite","@id":"https:\/\/suculture.com\/#website","url":"https:\/\/suculture.com\/","name":"SUCULTURE","description":"A Unified Online Ecosystem","publisher":{"@id":"https:\/\/suculture.com\/#organization"},"potentialAction":[{"@type":"SearchAction","target":{"@type":"EntryPoint","urlTemplate":"https:\/\/suculture.com\/?s={search_term_string}"},"query-input":"required name=search_term_string"}],"inLanguage":"yo"},{"@type":"Organization","@id":"https:\/\/suculture.com\/#organization","name":"SUCULTURE","url":"https:\/\/suculture.com\/","sameAs":[],"logo":{"@type":"ImageObject","inLanguage":"yo","@id":"https:\/\/suculture.com\/#\/schema\/logo\/image\/","url":"https:\/\/suculture.com\/wp-content\/uploads\/2020\/10\/dark_logo.png","contentUrl":"https:\/\/suculture.com\/wp-content\/uploads\/2020\/10\/dark_logo.png","width":1000,"height":195,"caption":"SUCULTURE"},"image":{"@id":"https:\/\/suculture.com\/#\/schema\/logo\/image\/"}}]}},"_links":{"self":[{"href":"https:\/\/suculture.com\/yo\/wp-json\/wp\/v2\/pages\/9033"}],"collection":[{"href":"https:\/\/suculture.com\/yo\/wp-json\/wp\/v2\/pages"}],"about":[{"href":"https:\/\/suculture.com\/yo\/wp-json\/wp\/v2\/types\/page"}],"author":[{"embeddable":true,"href":"https:\/\/suculture.com\/yo\/wp-json\/wp\/v2\/users\/1"}],"replies":[{"embeddable":true,"href":"https:\/\/suculture.com\/yo\/wp-json\/wp\/v2\/comments?post=9033"}],"version-history":[{"count":21,"href":"https:\/\/suculture.com\/yo\/wp-json\/wp\/v2\/pages\/9033\/revisions"}],"predecessor-version":[{"id":10874,"href":"https:\/\/suculture.com\/yo\/wp-json\/wp\/v2\/pages\/9033\/revisions\/10874"}],"wp:attachment":[{"href":"https:\/\/suculture.com\/yo\/wp-json\/wp\/v2\/media?parent=9033"}],"curies":[{"name":"wp","href":"https:\/\/api.w.org\/{rel}","templated":true}]}}