{"id":4465,"date":"2021-03-06T20:30:17","date_gmt":"2021-03-06T20:30:17","guid":{"rendered":"https:\/\/suculture.com\/?page_id=4465"},"modified":"2021-03-06T20:34:46","modified_gmt":"2021-03-06T20:34:46","slug":"advertising","status":"publish","type":"page","link":"https:\/\/suculture.com\/yo\/advertising\/","title":{"rendered":"Ipolowo"},"content":{"rendered":"<div data-elementor-type=\"wp-page\" data-elementor-id=\"4465\" class=\"elementor elementor-4465\">\n\t\t\t\t\t\t\t\t\t<section class=\"elementor-section elementor-top-section elementor-element elementor-element-674d6714 elementor-section-boxed elementor-section-height-default elementor-section-height-default\" data-id=\"674d6714\" data-element_type=\"section\">\n\t\t\t\t\t\t<div class=\"elementor-container elementor-column-gap-default\">\n\t\t\t\t\t<div class=\"elementor-column elementor-col-100 elementor-top-column elementor-element elementor-element-5e63486\" data-id=\"5e63486\" data-element_type=\"column\">\n\t\t\t<div class=\"elementor-widget-wrap elementor-element-populated\">\n\t\t\t\t\t\t\t\t<div class=\"elementor-element elementor-element-1bf4c1b7 elementor-widget elementor-widget-text-editor\" data-id=\"1bf4c1b7\" data-element_type=\"widget\" data-widget_type=\"text-editor.default\">\n\t\t\t\t<div class=\"elementor-widget-container\">\n\t\t\t\t\t\t\t<p style=\"text-align: justify;\"><strong>Akop\u1ecd<\/strong><\/p><p style=\"text-align: justify;\">Ilana yii kan si gbogbo aw\u1ecdn ipolowo isanwo SUCULTURE fun \u1ecdj\u00e0, aw\u1ecdn \u1ecdja ati\/tabi aw\u1ecdn i\u1e63\u1eb9.<\/p><p style=\"text-align: justify;\">Aw\u1ecdn olupolowo lori SUCULTURE j\u1eb9 iduro fun ipolowo w\u1ecdn. Eyi tum\u1ecd si ibeere lati \u1e63e akiyesi gbogbo aw\u1ecdn ofin ti o y\u1eb9, idagbasoke ti aw\u1ecdn ipolowo it\u1eb9w\u1ecdgba eyiti o duro de ayewo ilana.\u00a0 \u00a0<\/p><p style=\"text-align: justify;\">P\u1eb9lup\u1eb9lu, aw\u1ecdn olupolowo gb\u1ecdd\u1ecd ni ibamu p\u1eb9lu Aw\u1ecdn ofin lilo SUCULTURE ati Aw\u1ecdn ilana Agbegbe, ati gbogbo aw\u1ecdn ilana SUCULTURE afikun ti n \u1e63akoso lilo aw\u1ecdn i\u1e63\u1eb9 wa. Aw\u1ecdn olupolowo gb\u1ecdd\u1ecd tun pade aw\u1ecdn ipo kan lati le y\u1eb9 lati gbadun akoj\u1ecdp\u1ecd \u1ecdja ipolowo SUCULTURE.<\/p><p style=\"text-align: justify;\">Aw\u1ecdn eto imulo ipolongo SUCULTURE j\u1eb9 koko \u1ecdr\u1ecd si atuny\u1eb9wo lok\u1ecd\u1ecdkan ati pe o yan lati \u1e63e atuny\u1eb9wo oju-iwe yii lorekore lati rii daju pe o loye aw\u1ecdn ofin ipolowo wa.<\/p><p style=\"text-align: justify;\"><strong>Aw\u1ecdn Ilana Wa<\/strong><\/p><p style=\"text-align: justify;\">SUCULTURE \u1e63e idiw\u1ecd igbega akoonu ori ayelujara si oril\u1eb9-ede ti ipolongo naa n fojusi, ati pe ipolowo k\u1ecd\u1ecdkan j\u1eb9 atuny\u1eb9wo lodi si aw\u1ecdn eto imulo w\u1ecdnyi.<\/p><p style=\"text-align: justify;\"><strong>Ilana Atunwo Ipolowo<\/strong><\/p><p style=\"text-align: justify;\">Koko-\u1ecdr\u1ecd si aw\u1ecdn ibeere kan pato, idiju ati aw\u1ecdn i\u1e63edede ipolowo, a \u1e63e if\u1ecdkansi lati \u1e63e atuny\u1eb9wo gbogbo aw\u1ecdn ipolowo ati \u1e63e at\u1eb9jade ni deede laarin aw\u1ecdn wakati 48. Sib\u1eb9sib\u1eb9 atuny\u1eb9wo le gba to gun ni aw\u1ecdn i\u1e63\u1eb9l\u1eb9 kan pato. A yoo \u1e63i\u1e63\u1eb9 p\u1eb9lu r\u1eb9 lati rii daju pe o ni it\u1eb9l\u1ecdrun ati abajade akoko.<\/p><p style=\"text-align: justify;\">Ilana yii \u1e63afikun tit\u1ecdkasi aw\u1ecdn \u1ecdja \/ aw\u1ecdn i\u1e63\u1eb9 lati \u1e63e atuny\u1eb9wo, aw\u1ecdn aworan, aw\u1ecdn wiwo, ak\u1ecdle ipolowo, \u1ecdr\u1ecd, \u1ecdj\u1ecd-ori ati agbegbe ti a fojusi, ati aw\u1ecdn oju-iwe ibal\u1eb9. Lati ni ibamu p\u1eb9lu aw\u1ecdn ti a s\u1ecd t\u1eb9l\u1eb9, a nireti pe gbogbo aw\u1ecdn ipolowo lati wa ni ibamu p\u1eb9lu gbogbo aw\u1ecdn eto imulo ipolowo ati aw\u1ecdn iyipada ilana.<\/p><p style=\"text-align: justify;\"><strong>Ohun ti o y\u1eb9 ki o \u1e63e ti Ipolowo r\u1eb9 ko ba f\u1ecdw\u1ecdsi<\/strong><\/p><p style=\"text-align: justify;\">Ti ipolowo r\u1eb9 ko ba ni ibamu p\u1eb9lu aw\u1ecdn eto imulo wa ati pe a ko f\u1ecdw\u1ecdsi, o le \u1e63atunk\u1ecd r\u1eb9 ki o tun fi sil\u1eb9 fun atuny\u1eb9wo. Lati pade aw\u1ecdn ajohun\u0161e ti a \u1e63eto:<\/p><ul style=\"text-align: justify;\"><li>Lilo aw\u1ecdn esi ti a pese, \u1e63ay\u1eb9wo l\u1eb9\u1eb9meji ipolowo r\u1eb9 fun aw\u1ecdn a\u1e63i\u1e63e ati atuny\u1eb9wo ni ibamu si aw\u1ecdn esi;<\/li><\/ul><ul style=\"text-align: justify;\"><li>A wa nigbagbogbo lati jiroro. De \u1ecdd\u1ecd wa ni <a href=\"mailto:ads@suculture.com\">\u00ecpol\u00f3w\u00f3@suculture.com<\/a><\/li><\/ul><p style=\"text-align: justify;\"><strong>Aw\u1ecdn i\u1e63\u1eb9 \u1e63i\u1e63e <\/strong><\/p><p style=\"text-align: justify;\"><strong>Ibal\u1eb9 Page Ad pato<\/strong><\/p><ol style=\"text-align: justify;\"><li>Lati \u1e63e \u1eb9dun ati rii daju iriri olumulo ti o da lori abajade nigba ti olumulo wa ni it\u1ecds\u1ecdna si oju-iwe ibal\u1eb9, oju-iwe ibal\u1eb9 gb\u1ecdd\u1ecd \u1e63i\u1e63\u1eb9 ni deede, ati pe aw\u1ecdn ipolowo ko gb\u1ecdd\u1ecd dari aw\u1ecdn olumulo wa si oju-iwe ti kii \u1e63e i\u1e63\u1eb9, oju-iwe ti pari, oju-iwe kan lab\u1eb9 ikole tabi eyiti ko ni akoonu ti ko pe, eyiti kii \u1e63e \u1ecdr\u1eb9-alagbeka, eyiti o \u1e63e igbasil\u1eb9 aw\u1ecdn faili laif\u1ecdw\u1ecdyi si \u1eb9r\u1ecd olumulo, \u1e63afihan akoonu eew\u1ecd tabi aw\u1ecdn \u1ecdja, tabi nilo olumulo lati t\u1eb9 alaye ti ara \u1eb9ni sii lati w\u1ecdle si akoonu ak\u1ecdk\u1ecd lori oju-iwe ibal\u1eb9. <br \/><br \/>Aw\u1ecdn ipolowo le \u1e63e it\u1ecds\u1ecdna olumulo si Google Play itaja tabi itaja itaja, oju opo w\u1eb9\u1eb9bu osise ti \u1ecdja tabi i\u1e63\u1eb9, tabi oju-iwe \u1ecdja ti o polowo.<br \/><br \/><\/li><li>Aw\u1ecdn ipolowo i\u1e63owo e-commerce gb\u1ecdd\u1ecd \u1e63afihan alaye ile-i\u1e63\u1eb9 ti o pe lori aw\u1ecdn oju-iwe ibal\u1eb9 fun aw\u1ecdn ibeere ofin agbegbe. Eyi y\u1eb9 ki o p\u1eb9lu, \u1e63ugb\u1ecdn ko ni opin si, oruk\u1ecd ile-i\u1e63\u1eb9 olupolowo, adir\u1eb9si ile-i\u1e63\u1eb9 ati aw\u1ecdn alaye olubas\u1ecdr\u1ecd, ifihan idiyele owo agbegbe, iwe-a\u1e63\u1eb9 i\u1e63owo, aw\u1ecdn ofin &amp; aw\u1ecdn ipo, alaye fifiran\u1e63\u1eb9, ilana ipadab\u1ecd, eto imulo ik\u1ecdk\u1ecd ati eto imulo agbapada.<\/li><\/ol><p style=\"text-align: justify;\"><strong>Iduro\u1e63in\u1e63in ti Ipolowo<\/strong><\/p><ol style=\"text-align: justify;\"><li>Eyi p\u1eb9lu ak\u1ecdle ipolowo, aw\u1ecdn fidio ipolowo, \u1ecdr\u1ecd ipolowo ati aw\u1ecdn aworan ipolowo, ati ipolowo CTA eyiti o nilo lati wa ni ibamu p\u1eb9lu aw\u1ecdn \u1ecdja igbega lori oju-iwe ibal\u1eb9.<\/li><li>&quot;Oruk\u1ecd Ifihan&quot; nilo lati ni ibamu p\u1eb9lu \u1ecdja ti o ni igbega lori oju-iwe ibal\u1eb9.<\/li><\/ol><p style=\"text-align: justify;\"><strong>Ede<\/strong><\/p><p style=\"text-align: justify;\">J\u1ecdw\u1ecd kan si wa lati jiroro lori ayanf\u1eb9 ede r\u1eb9. Ede ti ipolowo ati oju-iwe ibal\u1eb9 nilo lati baramu p\u1eb9lu eto ede tabi ede ti o gba ti agbegbe ti a fojusi. Bakanna Ipolowo ak\u1ecdle ati \u1eccr\u1ecd ko gb\u1ecdd\u1ecd ni eyikeyi aw\u1ecdn ai\u1e63edeede girama ak\u1ecdt\u1ecd ninu.<\/p><p style=\"text-align: justify;\"><strong>Eew\u1ecd akoonu ati Community \u00e0w\u00e1r\u00ed mu<\/strong><\/p><p style=\"text-align: justify;\">O yan Ipolowo r\u1eb9 ba aw\u1ecdn ipo ti a \u1e63eto sinu Aw\u1ecdn ofin Lilo ati Aw\u1ecdn Ilana Agbegbe.<\/p><p style=\"text-align: justify;\"><strong>Arufin a\u1e63ayan i\u1e63\u1eb9-\u1e63i\u1e63e ati leew\u1ecd Services<\/strong><\/p><p style=\"text-align: justify;\">Aw\u1ecdn ipolowo igbega lori SUCULTURE ko gb\u1ecdd\u1ecd \u1e63e afihan, d\u1eb9r\u1ecd, tabi f\u1ecdw\u1ecdsi aw\u1ecdn i\u1e63\u1eb9 tabi aw\u1ecdn i\u1e63e ti a ro pe o j\u1eb9 arufin ni a\u1e63\u1eb9 ti a fun.<\/p><p style=\"text-align: justify;\"><strong>Idaabobo ti Labele<\/strong><strong>\u00a0<\/strong><\/p><p style=\"text-align: justify;\">Aw\u1ecdn ipolowo igbega lori SUCULTURE ko gb\u1ecdd\u1ecd \u1e63e afihan, d\u1eb9r\u1ecd, tabi f\u1ecdw\u1ecdsi akoonu eyiti o \u1e63e afihan ihuwasi aibojumu si tabi kan aw\u1ecdn \u1ecdd\u1ecd, g\u1eb9g\u1eb9bi mimu ti ko dagba tabi mimu siga lab\u1eb9 \u1ecdj\u1ecd ori.<\/p><p style=\"text-align: justify;\">Aw\u1ecdn ipolowo igbega lori SUCULTURE ko gb\u1ecdd\u1ecd \u1e63e afihan, d\u1eb9r\u1ecd, tabi f\u1ecdw\u1ecdsi aw\u1ecdn \u1ecdja\/ere ti o ni itara si aw\u1ecdn \u1ecdd\u1ecd ni di\u1eb9 ninu aw\u1ecdn agbegbe ti o fojusi ipolowo kan pato.<\/p><p style=\"text-align: justify;\"><strong>Oloro ati O\u00f2g\u00f9n Paraphernalia<\/strong><\/p><p style=\"text-align: justify;\">Aw\u1ecdn ipolowo igbega lori SUCULTURE ko gb\u1ecdd\u1ecd \u1e63e afihan, d\u1eb9r\u1ecd, tabi f\u1ecdw\u1ecdsi iwe ilana oogun tabi aw\u1ecdn oogun ere idaraya, tabi aw\u1ecdn \u1eb9ya \u1eb9r\u1ecd ti o ni ibatan eyikeyi p\u1eb9lu lilo oogun g\u1eb9g\u1eb9bi aw\u1ecdn iwe yiyi, aw\u1ecdn \u1eb9r\u1ecd ifiji\u1e63\u1eb9 ti o gbe tabi aw\u1ecdn bongs.<\/p><p style=\"text-align: justify;\"><strong>ihoho tabi Agba akoonu<\/strong><\/p><p style=\"text-align: justify;\">Aw\u1ecdn ipolowo igbega lori SUCULTURE ko gb\u1ecdd\u1ecd \u1e63e afihan, d\u1eb9r\u1ecd, tabi f\u1ecdw\u1ecdsi lilo aw\u1ecdn \u1ecdja tabi aw\u1ecdn i\u1e63\u1eb9 agbalagba eew\u1ecd, apa kan\/it\u1ecdkasi ihoho tabi aw\u1ecdn i\u1e63e ibalop\u1ecd tabi ihuwasi eyiti o kan p\u1eb9lu didaba pup\u1ecd tabi akoonu imunibinu ibalop\u1ecd.<\/p><p style=\"text-align: justify;\"><strong>Explosives, Ohun ija ati ohun ija <\/strong><\/p><p style=\"text-align: justify;\">Aw\u1ecdn ipolowo igbega lori SUCULTURE ko gb\u1ecdd\u1ecd \u1e63e afihan, d\u1eb9r\u1ecd, tabi f\u1ecdw\u1ecdsi lilo aw\u1ecdn ohun ija apaniyan, lilo aw\u1ecdn ohun ija, tabi aw\u1ecdn ib\u1eb9jadi ni igbesi aye gidi, p\u1eb9lu, \u1e63ugb\u1ecdn kii \u1e63e opin si, aw\u1ecdn ib\u1eb9jadi, ibon, aw\u1ecdn bombu, tabi aw\u1ecdn nkan miiran ti a \u1e63e lati fa. ipalara tabi ipalara si aw\u1ecdn \u1eb9ni-k\u1ecd\u1ecdkan.<\/p><p style=\"text-align: justify;\"><strong>Esin ati Asa<\/strong><\/p><p style=\"text-align: justify;\">Aw\u1ecdn ipolowo igbega lori SUCULTURE ko gb\u1ecdd\u1ecd \u1e63e afihan, d\u1eb9r\u1ecd, tabi f\u1ecdw\u1ecdsi akoonu ti o r\u00fa tabi rufin a\u1e63a agbegbe ti aw\u1ecdn agbegbe ti o n fojusi, aw\u1ecdn ile \u1eb9sin, aw\u1ecdn ami \u1eb9sin, tabi afiwera irira ti aw\u1ecdn \u1eb9sin.<\/p><p style=\"text-align: justify;\"><strong>Aw\u1ecdn \u1ecdja taba<\/strong><\/p><p style=\"text-align: justify;\">Aw\u1ecdn ipolowo igbega lori SUCULTURE ko gb\u1ecdd\u1ecd \u1e63e afihan, d\u1eb9r\u1ecd, tabi f\u1ecdw\u1ecdsi taba tabi aw\u1ecdn \u1ecdja ti o ni ibatan si taba g\u1eb9g\u1eb9bi aw\u1ecdn siga e-siga, aw\u1ecdn paipu taba, aw\u1ecdn siga, aw\u1ecdn iwe yiyi, tabi ihuwasi ti o ni ibatan siga ni igbesi aye gidi, p\u1eb9lu, \u1e63ugb\u1ecdn kii \u1e63e opin si, aw\u1ecdn omiiran eyiti fara w\u00e9 i\u1e63\u1eb9\u0301 s\u00ecg\u00e1 m\u00edmu.<\/p><p style=\"text-align: justify;\"><strong>Ibinu, Iyat\u1ecd tabi Akoonu to gaju<\/strong><\/p><p style=\"text-align: justify;\">Laisi aropin, Aw\u1ecdn ipolowo igbega lori SUCULTURE ko gb\u1ecdd\u1ecd \u1e63e afihan, d\u1eb9r\u1ecd, tabi f\u1ecdw\u1ecdsi \u1ecdr\u1ecd ikorira si \u1eb9ni k\u1ecd\u1ecdkan, \u1eb9gb\u1eb9 ti o ni aabo tabi agbari, ti o da lori \u1eb9ya, \u1eb9ya, oril\u1eb9-ede, i\u1e63oogun tabi ipo jiini ati ibatan \u1eb9sin.<\/p><p style=\"text-align: justify;\"><strong>Oselu \u00ecpol\u00f3w\u00f3 ati akoonu<\/strong><\/p><p style=\"text-align: justify;\">Aw\u1ecdn ipolowo igbega lori SUCULTURE ko gb\u1ecdd\u1ecd t\u1ecdka si, f\u1ecdw\u1ecdsi tabi \u1e63e igbega, tabi tako oludije fun \u1ecdfiisi gbogbogbo, l\u1ecdw\u1ecdl\u1ecdw\u1ecd tabi dimu \u1ecdfiisi oselu ti o k\u1ecdja, aw\u1ecdn \u1eb9gb\u1eb9 o\u1e63elu tabi aw\u1ecdn aj\u1ecd, tabi eyiti o le ni akoonu p\u1eb9lu it\u1ecdkasi agbegbe, ipinl\u1eb9, tabi \u1ecdran ti Federal ti gbangba pataki.<\/p><p style=\"text-align: justify;\"><strong>Akoonu Agbofinro<\/strong><\/p><p style=\"text-align: justify;\">Laisi aropin, Aw\u1ecdn ipolowo igbega lori SUCULTURE ko gb\u1ecdd\u1ecd \u1e63e afihan, d\u1eb9r\u1ecd, tabi f\u1ecdw\u1ecdsi akoonu odi p\u1eb9lu it\u1ecdkasi aw\u1ecdn ami imufin ofin, p\u1eb9lu \u1ecdl\u1ecdpa tabi ologun, p\u1eb9lu agbawi ti ikede ogun.<\/p><p style=\"text-align: justify;\"><strong>A\u1e63\u1eb9-lori-ara i\u1e63\u1eb9 ati Ohun-ini Im\u1ecdye<\/strong><\/p><p style=\"text-align: justify;\">Aw\u1ecdn ipolowo igbega lori SUCULTURE ko gb\u1ecdd\u1ecd \u1e63e afihan, d\u1eb9r\u1ecd, tabi f\u1ecdw\u1ecdsi akoonu ti o r\u00fa tabi r\u00fa aw\u1ecdn \u1eb9t\u1ecd \u1eb9ni-k\u1eb9ta, p\u1eb9lu, \u1e63ugb\u1ecdn kii \u1e63e opin si, aw\u1ecdn ami iyas\u1ecdt\u1ecd, aami-i\u0161owo, aw\u1ecdn aami, aw\u1ecdn oruk\u1ecd tabi aw\u1ecdn \u1eb9t\u1ecd ti ara \u1eb9ni tabi ohun-ini miiran.<\/p><p style=\"text-align: justify;\"><strong>Gbigba data<\/strong><\/p><p style=\"text-align: justify;\">Gbogbo alaye ti ara \u1eb9ni ti a gba nipas\u1eb9 ilana ti ipolowo lori SUCULTURE, gb\u1ecdd\u1ecd wa ni il\u1ecdsiwaju ni aabo ni ibamu p\u1eb9lu aw\u1ecdn ofin agbegbe, ati pe eto imulo ik\u1ecdk\u1ecd ti ile-i\u1e63\u1eb9 y\u1eb9 ki o wa ni iraye si eyikeyi \u1eb9ni k\u1ecd\u1ecdkan ti o ti gba data ati\/tabi \u1e63i\u1e63\u1eb9.<\/p><p style=\"text-align: justify;\"><strong>Afikun Iham\u1ecd akoonu.<\/strong><\/p><p style=\"text-align: justify;\">Aw\u1ecdn ipolowo igbega lori SUCULTURE ko gb\u1ecdd\u1ecd \u1e63e afihan, d\u1eb9r\u1ecd, tabi f\u1ecdw\u1ecdsi lilo pup\u1ecd tabi mimu oti, tabi mimu ti ko ni oju\u1e63e, \u1e63e afihan aw\u1ecdn ami ami \u1ecdti oti, aw\u1ecdn iwoye igi, tabi aw\u1ecdn i\u1e63\u1eb9l\u1eb9 mimu ni igbesi aye gidi ni di\u1eb9 ninu aw\u1ecdn agbegbe ipolowo kan pato; ayo p\u1eb9lu owo gidi tabi ayokele i\u1e63ere, aw\u1ecdn lotiri, \u1e63e afihan tabi \u1e63e iwuri aw\u1ecdn ihuwasi ti o j\u1ecdm\u1ecd ere, eyi p\u1eb9lu aw\u1ecdn ere-idaraya \/ t\u1eb9t\u1eb9-ije \u1eb9\u1e63in ni di\u1eb9 ninu aw\u1ecdn agbegbe ipolowo kan pato; ni ede iwa-ipa tabi aw\u1ecdn i\u1e63e \u1eb9gan; \u1e63e afihan ihuwasi ti o lewu laisi aabo aabo; \u1e63e afihan iwa ika \u1eb9ranko, g\u1eb9g\u1eb9 bi aja tabi ija \u1eb9ranko, iwa-ipa aif\u1eb9 si aw\u1ecdn \u1eb9ranko, aibal\u1eb9 ati akoonu iyal\u1eb9nu, akoonu eyiti o ni lafiwe irira p\u1eb9lu aw\u1ecdn ami iyas\u1ecdt\u1ecd miiran; Ipolowo eyiti o ni aw\u1ecdn \u1eb9t\u1ecd ti o \u1e63inil\u1ecdna ninu, aw\u1ecdn apejuwe abum\u1ecd tabi aw\u1ecdn ibeere pipe laisi \u1eb9ri ti o j\u1ecdm\u1ecd, p\u1eb9lu aw\u1ecdn ti o nii \u1e63e nipa ipa \u1ecdja kan tabi \u1e63e agbega aw\u1ecdn \u1ecdja ayederu.\u00a0<\/p>\t\t\t\t\t\t<\/div>\n\t\t\t\t<\/div>\n\t\t\t\t\t<\/div>\n\t\t<\/div>\n\t\t\t\t\t\t\t<\/div>\n\t\t<\/section>\n\t\t\t\t\t\t\t<\/div>","protected":false},"excerpt":{"rendered":"<p>Akop\u1ecd Ilana yii kan si gbogbo aw\u1ecdn ipolowo isanwo SUCULTURE fun \u1ecdj\u00e0, aw\u1ecdn \u1ecdja ati\/tabi aw\u1ecdn i\u1e63\u1eb9. Aw\u1ecdn olupolowo lori SUCULTURE j\u1eb9 iduro fun\u2026 <a class=\"more-link\" href=\"https:\/\/suculture.com\/yo\/advertising\/\">Tesiwaju kika \u2192<\/a><\/p>","protected":false},"author":1,"featured_media":0,"parent":0,"menu_order":0,"comment_status":"closed","ping_status":"closed","template":"","meta":{"_bbp_topic_count":0,"_bbp_reply_count":0,"_bbp_total_topic_count":0,"_bbp_total_reply_count":0,"_bbp_voice_count":0,"_bbp_anonymous_reply_count":0,"_bbp_topic_count_hidden":0,"_bbp_reply_count_hidden":0,"_bbp_forum_subforum_count":0},"yoast_head":"<!-- This site is optimized with the Yoast SEO plugin v19.6 - https:\/\/yoast.com\/wordpress\/plugins\/seo\/ -->\n<title>Advertising - SUCULTURE<\/title>\n<meta name=\"robots\" content=\"index, follow, max-snippet:-1, max-image-preview:large, max-video-preview:-1\" \/>\n<link rel=\"canonical\" href=\"https:\/\/suculture.com\/yo\/advertising\/\" \/>\n<meta property=\"og:locale\" content=\"en_US\" \/>\n<meta property=\"og:type\" content=\"article\" \/>\n<meta property=\"og:title\" content=\"Advertising - SUCULTURE\" \/>\n<meta property=\"og:description\" content=\"Overview This policy applies to all SUCULTURE paid advertising for merchandise, products and\/or services. Advertisers on SUCULTURE are responsible for ... Continue reading \u2192\" \/>\n<meta property=\"og:url\" content=\"https:\/\/suculture.com\/yo\/advertising\/\" \/>\n<meta property=\"og:site_name\" content=\"SUCULTURE\" \/>\n<meta property=\"article:modified_time\" content=\"2021-03-06T20:34:46+00:00\" \/>\n<meta name=\"twitter:card\" content=\"summary_large_image\" \/>\n<meta name=\"twitter:label1\" content=\"Est. reading time\" \/>\n\t<meta name=\"twitter:data1\" content=\"6 minutes\" \/>\n<script type=\"application\/ld+json\" class=\"yoast-schema-graph\">{\"@context\":\"https:\/\/schema.org\",\"@graph\":[{\"@type\":\"WebPage\",\"@id\":\"https:\/\/suculture.com\/advertising\/\",\"url\":\"https:\/\/suculture.com\/advertising\/\",\"name\":\"Advertising - SUCULTURE\",\"isPartOf\":{\"@id\":\"https:\/\/suculture.com\/#website\"},\"datePublished\":\"2021-03-06T20:30:17+00:00\",\"dateModified\":\"2021-03-06T20:34:46+00:00\",\"breadcrumb\":{\"@id\":\"https:\/\/suculture.com\/advertising\/#breadcrumb\"},\"inLanguage\":\"yo\",\"potentialAction\":[{\"@type\":\"ReadAction\",\"target\":[\"https:\/\/suculture.com\/advertising\/\"]}]},{\"@type\":\"BreadcrumbList\",\"@id\":\"https:\/\/suculture.com\/advertising\/#breadcrumb\",\"itemListElement\":[{\"@type\":\"ListItem\",\"position\":1,\"name\":\"Home\",\"item\":\"https:\/\/suculture.com\/\"},{\"@type\":\"ListItem\",\"position\":2,\"name\":\"Advertising\"}]},{\"@type\":\"WebSite\",\"@id\":\"https:\/\/suculture.com\/#website\",\"url\":\"https:\/\/suculture.com\/\",\"name\":\"SUCULTURE\",\"description\":\"A Unified Online Ecosystem\",\"publisher\":{\"@id\":\"https:\/\/suculture.com\/#organization\"},\"potentialAction\":[{\"@type\":\"SearchAction\",\"target\":{\"@type\":\"EntryPoint\",\"urlTemplate\":\"https:\/\/suculture.com\/?s={search_term_string}\"},\"query-input\":\"required name=search_term_string\"}],\"inLanguage\":\"yo\"},{\"@type\":\"Organization\",\"@id\":\"https:\/\/suculture.com\/#organization\",\"name\":\"SUCULTURE\",\"url\":\"https:\/\/suculture.com\/\",\"sameAs\":[],\"logo\":{\"@type\":\"ImageObject\",\"inLanguage\":\"yo\",\"@id\":\"https:\/\/suculture.com\/#\/schema\/logo\/image\/\",\"url\":\"https:\/\/suculture.com\/wp-content\/uploads\/2020\/10\/dark_logo.png\",\"contentUrl\":\"https:\/\/suculture.com\/wp-content\/uploads\/2020\/10\/dark_logo.png\",\"width\":1000,\"height\":195,\"caption\":\"SUCULTURE\"},\"image\":{\"@id\":\"https:\/\/suculture.com\/#\/schema\/logo\/image\/\"}}]}<\/script>\n<!-- \/ Yoast SEO plugin. -->","yoast_head_json":{"title":"Advertising - SUCULTURE","robots":{"index":"index","follow":"follow","max-snippet":"max-snippet:-1","max-image-preview":"max-image-preview:large","max-video-preview":"max-video-preview:-1"},"canonical":"https:\/\/suculture.com\/yo\/advertising\/","og_locale":"en_US","og_type":"article","og_title":"Advertising - SUCULTURE","og_description":"Overview This policy applies to all SUCULTURE paid advertising for merchandise, products and\/or services. Advertisers on SUCULTURE are responsible for ... Continue reading \u2192","og_url":"https:\/\/suculture.com\/yo\/advertising\/","og_site_name":"SUCULTURE","article_modified_time":"2021-03-06T20:34:46+00:00","twitter_card":"summary_large_image","twitter_misc":{"Est. reading time":"6 minutes"},"schema":{"@context":"https:\/\/schema.org","@graph":[{"@type":"WebPage","@id":"https:\/\/suculture.com\/advertising\/","url":"https:\/\/suculture.com\/advertising\/","name":"Advertising - SUCULTURE","isPartOf":{"@id":"https:\/\/suculture.com\/#website"},"datePublished":"2021-03-06T20:30:17+00:00","dateModified":"2021-03-06T20:34:46+00:00","breadcrumb":{"@id":"https:\/\/suculture.com\/advertising\/#breadcrumb"},"inLanguage":"yo","potentialAction":[{"@type":"ReadAction","target":["https:\/\/suculture.com\/advertising\/"]}]},{"@type":"BreadcrumbList","@id":"https:\/\/suculture.com\/advertising\/#breadcrumb","itemListElement":[{"@type":"ListItem","position":1,"name":"Home","item":"https:\/\/suculture.com\/"},{"@type":"ListItem","position":2,"name":"Advertising"}]},{"@type":"WebSite","@id":"https:\/\/suculture.com\/#website","url":"https:\/\/suculture.com\/","name":"SUCULTURE","description":"A Unified Online Ecosystem","publisher":{"@id":"https:\/\/suculture.com\/#organization"},"potentialAction":[{"@type":"SearchAction","target":{"@type":"EntryPoint","urlTemplate":"https:\/\/suculture.com\/?s={search_term_string}"},"query-input":"required name=search_term_string"}],"inLanguage":"yo"},{"@type":"Organization","@id":"https:\/\/suculture.com\/#organization","name":"SUCULTURE","url":"https:\/\/suculture.com\/","sameAs":[],"logo":{"@type":"ImageObject","inLanguage":"yo","@id":"https:\/\/suculture.com\/#\/schema\/logo\/image\/","url":"https:\/\/suculture.com\/wp-content\/uploads\/2020\/10\/dark_logo.png","contentUrl":"https:\/\/suculture.com\/wp-content\/uploads\/2020\/10\/dark_logo.png","width":1000,"height":195,"caption":"SUCULTURE"},"image":{"@id":"https:\/\/suculture.com\/#\/schema\/logo\/image\/"}}]}},"_links":{"self":[{"href":"https:\/\/suculture.com\/yo\/wp-json\/wp\/v2\/pages\/4465"}],"collection":[{"href":"https:\/\/suculture.com\/yo\/wp-json\/wp\/v2\/pages"}],"about":[{"href":"https:\/\/suculture.com\/yo\/wp-json\/wp\/v2\/types\/page"}],"author":[{"embeddable":true,"href":"https:\/\/suculture.com\/yo\/wp-json\/wp\/v2\/users\/1"}],"replies":[{"embeddable":true,"href":"https:\/\/suculture.com\/yo\/wp-json\/wp\/v2\/comments?post=4465"}],"version-history":[{"count":5,"href":"https:\/\/suculture.com\/yo\/wp-json\/wp\/v2\/pages\/4465\/revisions"}],"predecessor-version":[{"id":4637,"href":"https:\/\/suculture.com\/yo\/wp-json\/wp\/v2\/pages\/4465\/revisions\/4637"}],"wp:attachment":[{"href":"https:\/\/suculture.com\/yo\/wp-json\/wp\/v2\/media?parent=4465"}],"curies":[{"name":"wp","href":"https:\/\/api.w.org\/{rel}","templated":true}]}}