{"id":1950,"date":"2018-10-17T14:53:09","date_gmt":"2018-10-17T14:53:09","guid":{"rendered":"https:\/\/suculture.com\/?page_id=1950"},"modified":"2023-03-11T05:14:08","modified_gmt":"2023-03-11T05:14:08","slug":"terms","status":"publish","type":"page","link":"https:\/\/suculture.com\/yo\/terms\/","title":{"rendered":"Aw\u1ecdn ofin lilo"},"content":{"rendered":"<div data-elementor-type=\"wp-page\" data-elementor-id=\"1950\" class=\"elementor elementor-1950\">\n\t\t\t\t\t\t\t\t\t<section class=\"elementor-section elementor-top-section elementor-element elementor-element-6680711d elementor-section-boxed elementor-section-height-default elementor-section-height-default\" data-id=\"6680711d\" data-element_type=\"section\">\n\t\t\t\t\t\t<div class=\"elementor-container elementor-column-gap-default\">\n\t\t\t\t\t<div class=\"elementor-column elementor-col-100 elementor-top-column elementor-element elementor-element-6e47ba68\" data-id=\"6e47ba68\" data-element_type=\"column\">\n\t\t\t<div class=\"elementor-widget-wrap elementor-element-populated\">\n\t\t\t\t\t\t\t\t<div class=\"elementor-element elementor-element-3f651e9e elementor-widget elementor-widget-text-editor\" data-id=\"3f651e9e\" data-element_type=\"widget\" data-widget_type=\"text-editor.default\">\n\t\t\t\t<div class=\"elementor-widget-container\">\n\t\t\t\t\t\t\t<p style=\"text-align: justify;\"><strong>J\u1ecdw\u1ecd KA Aw\u1ecdn ofin lilo w\u1ecdnyi ni i\u1e63\u1ecdra \u1e63aaju lilo oju opo w\u1eb9\u1eb9bu YI.<\/strong><\/p>\n<p style=\"text-align: justify;\">Oju-iwe w\u1eb9\u1eb9bu yii \u1e63e alaye aw\u1ecdn ofin ti adehun ofin (\u201cAw\u1ecdn ofin lilo\u201d) laarin iw\u1ecd ati SUCULTURE, eyiti yoo \u1e63e akoso \u1ecdna ti o lo SUCULTURE ati aw\u1ecdn i\u1e63\u1eb9 to som\u1ecd. Nipa iw\u1ecdle si oju opo w\u1eb9\u1eb9bu yii, tite b\u1ecdtini \u201c\u1e62\u1eb9da Account\u201d nigbati o foruk\u1ecdsil\u1eb9 ak\u1ecd\u1ecdl\u1eb9 SUCULTURE, p\u1eb9lu ipolowo ipolowo, tabi as\u1ecdye; o j\u1eb9w\u1ecd pe o ti ka ati loye Aw\u1ecdn ofin Lilo ati pe, ti o ti ka ati loye Aw\u1ecdn ofin Lilo, o fi atinuwa gba lati di alaa nipas\u1eb9 Aw\u1ecdn ofin Lilo. O tun gba lati ni ibamu p\u1eb9lu gbogbo aw\u1ecdn ofin ati ilana ti o wulo fun lilo Oju opo w\u1eb9\u1eb9bu yii, lilo Intan\u1eb9\u1eb9ti, ati si aw\u1ecdn i\u1e63\u1eb9 \u1e63i\u1e63e ti o wa ninu lilo Oju opo w\u1eb9\u1eb9bu yii. Ti o ko ba gba p\u1eb9lu Aw\u1ecdn ofin Lilo, l\u1eb9hinna ma \u1e63e lo oju opo w\u1eb9\u1eb9bu yii.<\/p>\n<p style=\"text-align: justify;\"><strong>Oju opo w\u1eb9\u1eb9bu Lilo<\/strong><\/p>\n<p style=\"text-align: justify;\">O le w\u1ecdle si oju-iwe ile wa ki o l\u1ecd kiri lori aaye wa laisi \u1e63i\u1e63afihan data ti ara \u1eb9ni fifipam\u1ecd alaye ti a gba nipas\u1eb9 aw\u1ecdn kuki ti a lo, aw\u1ecdn beakoni w\u1eb9\u1eb9bu, ati aw\u1ecdn im\u1ecd-\u1eb9r\u1ecd miiran ti o j\u1ecdra fun titoju alaye lati \u1e63e iranl\u1ecdw\u1ecd fun \u1ecd ni iriri ti o dara jul\u1ecd, yiyara ati ailewu ati fun ipolowo. \u00ecd\u00ed.<\/p>\n<p style=\"text-align: justify;\">Iw\u1ecd kii yoo ni asop\u1ecd p\u1eb9lu lilo Oju opo w\u1eb9\u1eb9bu yii: (a) dabaru p\u1eb9lu tabi dabaru lilo Oju opo w\u1eb9\u1eb9bu naa; (b) aw\u1ecdn ak\u1ecdsori eke tabi ni \u1ecdna eyikeyi \u1e63e af\u1ecdw\u1ecdyi aw\u1ecdn idam\u1ecd lati le pa orisun ti alaye eyikeyi pada; (c) gbejade, firan\u1e63\u1eb9, gbejade, gbejade, tabi kaakiri eyikeyi ohun elo ti o r\u00fa, r\u00fa, irufin tabi bib\u1eb9\u1eb9k\u1ecd tako aw\u1ecdn \u1eb9t\u1ecd SUCULTURE, p\u1eb9lu eyikeyi a\u1e63\u1eb9-lori, aami-i\u1e63owo, it\u1ecdsi, aw\u1ecdn \u1eb9t\u1ecd ik\u1ecdk\u1ecd tabi ikede tabi eyikeyi \u1eb9t\u1ecd ohun-ini miiran; (d) lo tabi gbiyanju lati lo oju opo w\u1eb9\u1eb9bu tabi alaye eyikeyi ni \u1ecdna eyikeyi ti a ko gba laaye, tabi ni iru \u1ecdna lati gba tit\u1eb9si laigba a\u1e63\u1eb9 tabi iraye si oju opo w\u1eb9\u1eb9bu \/ aw\u1ecdn eto k\u1ecdnputa ti eyikeyi eniyan miiran tabi nkankan; tabi (e) gbejade, firan\u1e63\u1eb9, gbejade, \u1e63e at\u1eb9jade tabi kaakiri eyikeyi ohun elo tabi alaye ti o j\u1eb9 tabi \u1e63e iwuri iwa ti yoo j\u1eb9 \u1eb9\u1e63\u1eb9 \u1ecddar\u00e0n, ti o dide si layabiliti miiran, tabi bib\u1eb9\u1eb9k\u1ecd r\u00fa aw\u1ecdn ofin to wulo.<strong>&nbsp;<\/strong><\/p>\n<p style=\"text-align: justify;\"><strong>AlAIgBA ti Atil\u1eb9yin \u1ecdja ati Layabiliti<\/strong><\/p>\n<p style=\"text-align: justify;\">Aw\u1ecdn ipese at\u1eb9le le j\u1eb9 idinku tabi k\u1ecd ni a\u1e63\u1eb9 nipas\u1eb9 aw\u1ecdn ofin ti aw\u1ecdn sakani kan. Ni iru aw\u1ecdn i\u1e63\u1eb9l\u1eb9 b\u1eb9\u1eb9, aw\u1ecdn ofin ti o y\u1eb9 ki o ka bi laisi tabi diw\u1ecdn iru \u1ecdr\u1ecd b\u1eb9 lati ni it\u1eb9l\u1ecdrun iru ofin b\u1eb9\u1eb9. A ko \u1e63e a\u1e63oju tabi \u1e63e atil\u1eb9yin pe alaye ti o wa nipas\u1eb9 Oju opo w\u1eb9\u1eb9bu yii j\u1eb9 deede, pipe tabi l\u1ecdw\u1ecdl\u1ecdw\u1ecd. A ko ni layabiliti ohunkohun ti ni \u1ecdw\u1ecd ti eyikeyi lilo ti o \u1e63e ti iru alaye.<\/p>\n<p style=\"text-align: justify;\">Alaye ti a pese lori Oju opo w\u1eb9\u1eb9bu yii ko ti k\u1ecd lati pade aw\u1ecdn ibeere k\u1ecd\u1ecdkan ati pe o j\u1eb9 oju\u1e63e r\u1eb9 nikan lati ni it\u1eb9l\u1ecdrun arar\u1eb9 \u1e63aaju lilo alaye tabi aw\u1ecdn i\u1e63\u1eb9 lati oju opo w\u1eb9\u1eb9bu yii pe w\u1ecdn dara fun aw\u1ecdn idi r\u1eb9.<\/p>\n<p style=\"text-align: justify;\">Lakoko ti a \u1e63e gbogbo aw\u1ecdn igbiyanju ironu lati y\u1ecdkuro aw\u1ecdn \u1ecdl\u1ecdj\u1eb9 lati oju opo w\u1eb9\u1eb9bu, a ko le rii daju iru iyasoto ati pe ko si layabiliti ti o gba fun aw\u1ecdn \u1ecdl\u1ecdj\u1eb9. Nitorinaa, o gba \u1ecd niyanju lati mu gbogbo aw\u1ecdn aabo ti o y\u1eb9 \u1e63aaju igbasil\u1eb9 alaye tabi aw\u1ecdn aworan lati oju opo w\u1eb9\u1eb9bu yii, p\u1eb9lu iw\u1ecdle si Aw\u1ecdn i\u1e63\u1eb9 SUCULTURE lati \u1eb9r\u1ecd alagbeka ati lilo Ohun elo Alagbeka SUCULTURE kan.<\/p>\n<p style=\"text-align: justify;\">Gbogbo aw\u1ecdn atil\u1eb9yin \u1ecdja, han tabi mim\u1ecd, ofin tabi bib\u1eb9\u1eb9k\u1ecd ti y\u1ecdkuro.<\/p>\n<p style=\"text-align: justify;\"><strong>Idaniloju<\/strong>&nbsp;<\/p>\n<p style=\"text-align: justify;\">Iw\u1ecd yoo j\u1eb9 \u1eb9san fun wa (eyi p\u1eb9lu eyikeyi aw\u1ecdn o\u1e63i\u1e63\u1eb9 wa) ki o j\u1eb9 ki a j\u1eb9 ki o j\u1eb9 ki o j\u1eb9 ki a j\u1eb9 laiseniyan lati ati lodi si eyikeyi iru aw\u1ecdn bibaj\u1eb9 ati bib\u1eb9\u1eb9k\u1ecd ti o dide p\u1eb9lu, laisi aropin, pipadanu aw\u1ecdn ere, isanpada, abajade, taara, ap\u1eb9\u1eb9r\u1eb9, asese, ai\u1e63e-taara , ijiya tabi pataki, aw\u1ecdn bibaj\u1eb9 tabi eyikeyi gbese ti o le ni si \u1eb9gb\u1eb9 k\u1eb9ta, paapaa ti a ba ti ni im\u1ecdran ti o \u1e63ee\u1e63e ti iru isonu.<\/p>\n<p style=\"text-align: justify;\">Ko si i\u1e63\u1eb9l\u1eb9 ti a \u1e63e oniduro fun apejuwe ifiweran\u1e63\u1eb9 eyikeyi - arufin, id\u1eb9ruba, ilokulo, abuku, aibikita tabi alaye aibojumu, tabi ohun elo eyikeyi ti o r\u00fa tabi r\u00fa aw\u1ecdn \u1eb9t\u1ecd ti \u1eb9nik\u1eb9ta miiran, p\u1eb9lu laisi aropin eyikeyi aw\u1ecdn gbigbe ti o j\u1eb9 tabi iwuri. iwa ti yoo j\u1eb9 \u1eb9\u1e63\u1eb9 \u1ecddar\u00e0n, funni ni gbese ilu tabi bib\u1eb9\u1eb9k\u1ecd r\u00fa eyikeyi ofin to wulo.<\/p>\n<p style=\"text-align: justify;\">Nipa eyikeyi ariyanjiyan laarin iw\u1ecd ati eyikeyi aw\u1ecdn olumulo SUCULTURE miiran, o tu wa sil\u1eb9 (ati aw\u1ecdn o\u1e63i\u1e63\u1eb9 wa, aw\u1ecdn oludari, aw\u1ecdn a\u1e63oju, aw\u1ecdn \u1eb9ka, aw\u1ecdn ile-i\u1e63\u1eb9 apap\u1ecd ati aw\u1ecdn o\u1e63i\u1e63\u1eb9) lati eyikeyi ati gbogbo aw\u1ecdn \u1eb9t\u1ecd, aw\u1ecdn ibeere ati aw\u1ecdn bibaj\u1eb9 (gangan ati abajade) ti gbogbo iru ati iseda , ti a m\u1ecd tabi aim\u1ecd, ti o dide lati tabi ni \u1ecdna eyikeyi ti o ni asop\u1ecd p\u1eb9lu iru aw\u1ecdn ijiyan.<\/p>\n<p style=\"text-align: justify;\">SUCULTURE ni \u1eb9t\u1ecd ni \u1eb9t\u1ecd lati y\u1ecd akoonu kuro, mu tabi fopin si aw\u1ecdn anfani \u1ecdm\u1ecd \u1eb9gb\u1eb9, ni odidi tabi ni apakan, ati\/tabi s\u1eb9, fi opin si, da duro, tabi opin iraye si gbogbo tabi apakan eyikeyi ti Aw\u1ecdn i\u1e63\u1eb9 SUCULTURE, ti SUCULTURE ba pinnu ni lakaye \u1eb9da r\u1eb9. , pe o ti j\u1eb9 i\u1e63e ti a ro pe ko y\u1eb9 ni ilodi si aw\u1ecdn ipese ti o wa ninu Aw\u1ecdn ofin ti Adehun Lilo, pataki ti aw\u1ecdn i\u1e63\u1eb9 ba waye lori ak\u1ecd\u1ecdl\u1eb9 r\u1eb9 ti o j\u1eb9 irokeke ewu si SUCULTURE, Aw\u1ecdn olumulo ati \/ tabi gbogbo eniyan, le fa ipalara tabi irufin lori Aw\u1ecdn i\u1e63\u1eb9, rufin eyikeyi aw\u1ecdn \u1eb9t\u1ecd \u1eb9ni-k\u1eb9ta, ati ni pataki, irufin eyikeyi aw\u1ecdn ofin tabi ilana.<\/p>\n<p style=\"text-align: justify;\">SUCULTURE ko gba ojuse fun aini i\u1e63\u1eb9 \u1e63i\u1e63e, tabi fun ailagbara nipas\u1eb9 wa lati ni ibamu p\u1eb9lu aw\u1ecdn ofin w\u1ecdnyi, ni aw\u1ecdn ipo nibiti iru aw\u1ecdn i\u1e63\u1eb9l\u1eb9 ba wa ni idi ti o k\u1ecdja i\u1e63akoso wa. Ni afikun, aw\u1ecdn i\u1e63\u1eb9 SUCULTURE ati agbara r\u1eb9 lati w\u1ecdle si aw\u1ecdn i\u1e63\u1eb9 naa ni a pese \u201cbi o ti ri\u201d ati SUCULTURE s\u1ecd ni gbangba gbogbo aw\u1ecdn atil\u1eb9yin \u1ecdja, han tabi mim\u1ecd ti o j\u1ecdm\u1ecd iw\u1ecdle r\u1eb9, i\u1e63\u1eb9 ati wiwa ti aw\u1ecdn aaye wa, aw\u1ecdn i\u1e63\u1eb9, aw\u1ecdn ohun elo tabi aw\u1ecdn irin\u1e63\u1eb9 ati lilo .<\/p>\n<p style=\"text-align: justify;\"><strong>Alajaja aw\u1ecdn ija.<\/strong><\/p>\n<p style=\"text-align: justify;\">Gbogbo aw\u1ecdn ipin ti adehun ni a gba pe o j\u1eb9 \u201cadehun kik\u1ecd lati \u1e63e laja\u201d ati pe o kan gbogbo Aw\u1ecdn olumulo ti Aw\u1ecdn i\u1e63\u1eb9 SUCULTURE. Iw\u1ecd ati SUCULTURE gba pe a pinnu pe Adehun yii ati Aw\u1ecdn ofin ti o wa ninu wa ni it\u1eb9l\u1ecdrun ibeere \u201ckik\u1ecd\u201d ti akiyesi lati \u1e63e laja ati pe yoo kan si gbogbo aw\u1ecdn ariyanjiyan to wulo laarin iw\u1ecd ati SUCULTURE. \u201cAdehun si Alaja\u201d yii le yipada tabi fopin si lori adehun laarin iw\u1ecd ati SUCULTURE.<\/p>\n<p style=\"text-align: justify;\"><strong>Ak\u1ecdk\u1ecd - Gbiyanju lati yanju<\/strong>. Ti iw\u1ecd tabi SUCULTURE ba m\u1ecd ariyanjiyan kan, l\u1eb9hinna iw\u1ecd ati SUCULTURE gba lati k\u1ecdk\u1ecd fi akiyesi kik\u1ecd ran\u1e63\u1eb9 si ekeji, pese aw\u1ecdn alaye ti Ifarakanra ti a s\u1ecd, p\u1eb9lu ipinnu ipinnu ti \u1ecdr\u1ecd naa. Ifitonileti wa si \u1ecd yoo firan\u1e63\u1eb9 koko-\u1ecdr\u1ecd si alaye olubas\u1ecdr\u1ecd to \u1e63\u1eb9\u1e63\u1eb9 jul\u1ecd ti o ti pese fun wa. Bib\u1eb9\u1eb9k\u1ecd, nibiti iru alaye ko ba si tabi ti iru alaye b\u1eb9\u1eb9 ko ba l\u1ecdw\u1ecdl\u1ecdw\u1ecd, tabi deede, l\u1eb9hinna SUCULTURE ko ni aw\u1ecdn adehun si lab\u1eb9 adehun yii. Aw\u1ecdn igbiyanju ipinnu kan yoo \u1e63ee \u1e63e p\u1eb9lu igbagb\u1ecd to dara, \u1e63ugb\u1ecdn ko si ohunkan ninu adehun yii ti yoo tum\u1ecd si bi o nilo iw\u1ecd tabi SUCULTURE lati yanju ariyanjiyan lori aw\u1ecdn ofin ti ko ni itara fun ara wa.<\/p>\n<p style=\"text-align: justify;\"><strong>Olulaja ti \u1eccp\u1ecdl\u1ecdp\u1ecd \u00c0r\u00edy\u00e0njiy\u00e0n<\/strong>. Ti a ko ba le yanju ariyanjiyan kan g\u1eb9g\u1eb9bi a ti \u1e63eto r\u1eb9 laarin \u1ecdg\u1ecdta (60) \u1ecdj\u1ecd ti gbigba akiyesi naa, l\u1eb9hinna awa mejeeji gba lati fi If\u1ecdr\u1ecdwanil\u1eb9nuwo naa sil\u1eb9 si Alaja deede.<\/p>\n<p style=\"text-align: justify;\">Alaja n funni ni ipinnu iyara si aw\u1ecdn ijiyan, ni idakeji p\u1eb9lu \u1e63i\u1e63e igbero ile-\u1eb9j\u1ecd gigun kan. Gbogbo aw\u1ecdn \u1eb9gb\u1eb9 si Olulaja yoo ni \u1eb9t\u1ecd si aw\u1ecdn inawo tiw\u1ecdn. Ipinnu Olulaja gb\u1ecdd\u1ecd ni alaye kik\u1ecd ti n \u1e63alaye ipo ti \u1eb9t\u1ecd k\u1ecd\u1ecdkan ti Ifarakanra, ati pe o gb\u1ecdd\u1ecd pese alaye ti aw\u1ecdn awari pataki ati aw\u1ecdn ipinnu lori eyiti ipinnu ati \u1eb9bun eyikeyi (ti o ba j\u1eb9 eyikeyi) da lori.<\/p>\n<p style=\"text-align: justify;\"><strong>\u1eb8j\u1ecd ati Ofin Isakoso<\/strong><\/p>\n<p style=\"text-align: justify;\">Aw\u1ecdn ofin w\u1ecdnyi ati aibikita ati eyikeyi \u1eb9t\u1ecd ti o da lori lilo alaye lati oju opo w\u1eb9\u1eb9bu yii ni yoo \u1e63e ij\u1ecdba nipas\u1eb9, ati tum\u1ecd ni ibamu p\u1eb9lu \u201cofin G\u1eb9\u1eb9si\u201d ati \u201caw\u1ecdn ofin England ati Wales\u201d p\u1eb9lu \u201cIle-\u1eb9j\u1ecd giga ni Ilu L\u1ecdnd\u1ecdnu\u201d ti o ni a\u1e63\u1eb9, ati, SUCULTURE le yan lati fi ipa mu ipinnu eyikeyi ni aw\u1ecdn kootu agbegbe r\u1eb9.<\/p>\n<p style=\"text-align: justify;\"><strong>Aw\u1ecdn ibeere<\/strong><\/p>\n<p style=\"text-align: justify;\">Ti o ba ni ibeere eyikeyi tabi ibakcdun nipa eto imulo ik\u1ecdk\u1ecd wa tabi \u1ecdna ti a \u1e63e n \u1e63akoso i\u1e63owo wa j\u1ecdw\u1ecd kan si wa ni info@suculture.com.<\/p>\n<p style=\"text-align: justify;\"><strong>Aw\u1ecdn ofin, Ayipada ati Ifopinsi<\/strong><\/p>\n<p style=\"text-align: justify;\"><strong>J\u1ecdw\u1ecd \u1e63e akiyesi pe aw\u1ecdn ofin ti adehun YI j\u1eb9 koko \u1ecdr\u1ecd si iyipada nipas\u1eb9 <\/strong><strong>\u00c0GB\u00c1RA <\/strong><strong>IN R\u1eb8 nikan lakaye LATI TIME TO Akoko. <\/strong><\/p>\n<p style=\"text-align: justify;\">Eyi le p\u1eb9lu, aw\u1ecdn imudojuiw\u1ecdn si i\u1e63\u1eb9 \u1e63i\u1e63e ti Aw\u1ecdn i\u1e63\u1eb9 wa, tabi aw\u1ecdn i\u1e63\u1eb9 ti o \u1e63i\u1e63\u1eb9 nipas\u1eb9 aw\u1ecdn alafaramo, tabi ni i\u1e63\u1eb9l\u1eb9 ti aw\u1ecdn ayipada ilana pataki.<\/p>\n<p style=\"text-align: justify;\">A yoo lo gbogbo aw\u1ecdn ipa ti o ni oye lati s\u1ecd fun gbogbo aw\u1ecdn olumulo eyikeyi aw\u1ecdn ayipada ohun elo si Aw\u1ecdn ofin w\u1ecdnyi, g\u1eb9g\u1eb9bi nipas\u1eb9 aw\u1ecdn iwifunni lori SUCULTURE, ati nipas\u1eb9 adir\u1eb9si imeeli ti o k\u1eb9hin ti o pese fun wa ni ila p\u1eb9lu Aw\u1ecdn ofin inu.<\/p>\n<p style=\"text-align: justify;\">Nigbati a ba \u1e63e aw\u1ecdn atun\u1e63e, SUCULTURE yoo j\u1eb9 ki \u1eb9da tuntun wa ti Aw\u1ecdn ofin ti Adehun Lilo lori Oju opo w\u1eb9\u1eb9bu SUCULTURE. A yoo tun \u1e63e imudojuiw\u1ecdn \u1ecdj\u1ecd \u201cImudojuiw\u1ecdn K\u1eb9hin\u201d ni oke ti Aw\u1ecdn ofin ti Adehun Lilo.<\/p>\n<p style=\"text-align: justify;\">G\u1eb9g\u1eb9 b\u1eb9, gbogbo aw\u1ecdn imudojuiw\u1ecdn ti wa ni dati ni oke ti Aw\u1ecdn ofin ti Adehun Lilo, eyiti o \u1e63e afihan \u1ecdj\u1ecd ti o munadoko ti iru Aw\u1ecdn ofin (\u201cImudojuiw\u1ecdn Ik\u1eb9hin\u201d). Eyikeyi aw\u1ecdn atun\u1e63e si Aw\u1ecdn ofin ti Adehun Lilo yoo munadoko l\u1eb9s\u1eb9k\u1eb9s\u1eb9 fun gbogbo aw\u1ecdn \u1ecdm\u1ecd \u1eb9gb\u1eb9 ti Oju opo w\u1eb9\u1eb9bu SUCULTURE.<\/p>\n<p style=\"text-align: justify;\">Lilo il\u1ecdsiwaju ti Aw\u1ecdn i\u1e63\u1eb9 SUCULTURE ni at\u1eb9le akiyesi ati \u1ecdj\u1ecd ti Aw\u1ecdn ofin tuntun, j\u1eb9 gbigba r\u1eb9 ti iru Aw\u1ecdn ofin ati aw\u1ecdn ayipada tuntun. Ti o ko ba gba si Aw\u1ecdn ofin titun tabi eyikeyi iyipada, o gb\u1ecdd\u1ecd daw\u1ecd w\u1ecdle tabi lilo Oju opo w\u1eb9\u1eb9bu yii.<\/p>\t\t\t\t\t\t<\/div>\n\t\t\t\t<\/div>\n\t\t\t\t\t<\/div>\n\t\t<\/div>\n\t\t\t\t\t\t\t<\/div>\n\t\t<\/section>\n\t\t\t\t\t\t\t<\/div>","protected":false},"excerpt":{"rendered":"<p>J\u1ecdw\u1ecd ka aw\u1ecdn ofin lilo w\u1ecdnyi ni i\u1e63\u1ecdra \u1e63aaju lilo oju opo w\u1eb9\u1eb9bu YI. Oju-iwe w\u1eb9\u1eb9bu yii \u1e63e alaye aw\u1ecdn ofin ti adehun ofin\u2026 <a class=\"more-link\" href=\"https:\/\/suculture.com\/yo\/terms\/\">Tesiwaju kika \u2192<\/a><\/p>","protected":false},"author":1,"featured_media":0,"parent":0,"menu_order":0,"comment_status":"closed","ping_status":"closed","template":"","meta":{"_bbp_topic_count":0,"_bbp_reply_count":0,"_bbp_total_topic_count":0,"_bbp_total_reply_count":0,"_bbp_voice_count":0,"_bbp_anonymous_reply_count":0,"_bbp_topic_count_hidden":0,"_bbp_reply_count_hidden":0,"_bbp_forum_subforum_count":0},"yoast_head":"<!-- This site is optimized with the Yoast SEO plugin v19.6 - https:\/\/yoast.com\/wordpress\/plugins\/seo\/ -->\n<title>Terms of Use - SUCULTURE<\/title>\n<meta name=\"robots\" content=\"index, follow, max-snippet:-1, max-image-preview:large, max-video-preview:-1\" \/>\n<link rel=\"canonical\" href=\"https:\/\/suculture.com\/yo\/terms\/\" \/>\n<meta property=\"og:locale\" content=\"en_US\" \/>\n<meta property=\"og:type\" content=\"article\" \/>\n<meta property=\"og:title\" content=\"Terms of Use - SUCULTURE\" \/>\n<meta property=\"og:description\" content=\"PLEASE READ THESE TERMS OF USE CAREFULLY BEFORE USING THIS WEBSITE. This web-page details the terms of a legal agreement ... Continue reading \u2192\" \/>\n<meta property=\"og:url\" content=\"https:\/\/suculture.com\/yo\/terms\/\" \/>\n<meta property=\"og:site_name\" content=\"SUCULTURE\" \/>\n<meta property=\"article:modified_time\" content=\"2023-03-11T05:14:08+00:00\" \/>\n<meta name=\"twitter:card\" content=\"summary_large_image\" \/>\n<meta name=\"twitter:label1\" content=\"Est. reading time\" \/>\n\t<meta name=\"twitter:data1\" content=\"7 minutes\" \/>\n<script type=\"application\/ld+json\" class=\"yoast-schema-graph\">{\"@context\":\"https:\/\/schema.org\",\"@graph\":[{\"@type\":\"WebPage\",\"@id\":\"https:\/\/suculture.com\/terms\/\",\"url\":\"https:\/\/suculture.com\/terms\/\",\"name\":\"Terms of Use - SUCULTURE\",\"isPartOf\":{\"@id\":\"https:\/\/suculture.com\/#website\"},\"datePublished\":\"2018-10-17T14:53:09+00:00\",\"dateModified\":\"2023-03-11T05:14:08+00:00\",\"breadcrumb\":{\"@id\":\"https:\/\/suculture.com\/terms\/#breadcrumb\"},\"inLanguage\":\"yo\",\"potentialAction\":[{\"@type\":\"ReadAction\",\"target\":[\"https:\/\/suculture.com\/terms\/\"]}]},{\"@type\":\"BreadcrumbList\",\"@id\":\"https:\/\/suculture.com\/terms\/#breadcrumb\",\"itemListElement\":[{\"@type\":\"ListItem\",\"position\":1,\"name\":\"Home\",\"item\":\"https:\/\/suculture.com\/\"},{\"@type\":\"ListItem\",\"position\":2,\"name\":\"Terms of Use\"}]},{\"@type\":\"WebSite\",\"@id\":\"https:\/\/suculture.com\/#website\",\"url\":\"https:\/\/suculture.com\/\",\"name\":\"SUCULTURE\",\"description\":\"A Unified Online Ecosystem\",\"publisher\":{\"@id\":\"https:\/\/suculture.com\/#organization\"},\"potentialAction\":[{\"@type\":\"SearchAction\",\"target\":{\"@type\":\"EntryPoint\",\"urlTemplate\":\"https:\/\/suculture.com\/?s={search_term_string}\"},\"query-input\":\"required name=search_term_string\"}],\"inLanguage\":\"yo\"},{\"@type\":\"Organization\",\"@id\":\"https:\/\/suculture.com\/#organization\",\"name\":\"SUCULTURE\",\"url\":\"https:\/\/suculture.com\/\",\"sameAs\":[],\"logo\":{\"@type\":\"ImageObject\",\"inLanguage\":\"yo\",\"@id\":\"https:\/\/suculture.com\/#\/schema\/logo\/image\/\",\"url\":\"https:\/\/suculture.com\/wp-content\/uploads\/2020\/10\/dark_logo.png\",\"contentUrl\":\"https:\/\/suculture.com\/wp-content\/uploads\/2020\/10\/dark_logo.png\",\"width\":1000,\"height\":195,\"caption\":\"SUCULTURE\"},\"image\":{\"@id\":\"https:\/\/suculture.com\/#\/schema\/logo\/image\/\"}}]}<\/script>\n<!-- \/ Yoast SEO plugin. -->","yoast_head_json":{"title":"Terms of Use - SUCULTURE","robots":{"index":"index","follow":"follow","max-snippet":"max-snippet:-1","max-image-preview":"max-image-preview:large","max-video-preview":"max-video-preview:-1"},"canonical":"https:\/\/suculture.com\/yo\/terms\/","og_locale":"en_US","og_type":"article","og_title":"Terms of Use - SUCULTURE","og_description":"PLEASE READ THESE TERMS OF USE CAREFULLY BEFORE USING THIS WEBSITE. This web-page details the terms of a legal agreement ... Continue reading \u2192","og_url":"https:\/\/suculture.com\/yo\/terms\/","og_site_name":"SUCULTURE","article_modified_time":"2023-03-11T05:14:08+00:00","twitter_card":"summary_large_image","twitter_misc":{"Est. reading time":"7 minutes"},"schema":{"@context":"https:\/\/schema.org","@graph":[{"@type":"WebPage","@id":"https:\/\/suculture.com\/terms\/","url":"https:\/\/suculture.com\/terms\/","name":"Terms of Use - SUCULTURE","isPartOf":{"@id":"https:\/\/suculture.com\/#website"},"datePublished":"2018-10-17T14:53:09+00:00","dateModified":"2023-03-11T05:14:08+00:00","breadcrumb":{"@id":"https:\/\/suculture.com\/terms\/#breadcrumb"},"inLanguage":"yo","potentialAction":[{"@type":"ReadAction","target":["https:\/\/suculture.com\/terms\/"]}]},{"@type":"BreadcrumbList","@id":"https:\/\/suculture.com\/terms\/#breadcrumb","itemListElement":[{"@type":"ListItem","position":1,"name":"Home","item":"https:\/\/suculture.com\/"},{"@type":"ListItem","position":2,"name":"Terms of Use"}]},{"@type":"WebSite","@id":"https:\/\/suculture.com\/#website","url":"https:\/\/suculture.com\/","name":"SUCULTURE","description":"A Unified Online Ecosystem","publisher":{"@id":"https:\/\/suculture.com\/#organization"},"potentialAction":[{"@type":"SearchAction","target":{"@type":"EntryPoint","urlTemplate":"https:\/\/suculture.com\/?s={search_term_string}"},"query-input":"required name=search_term_string"}],"inLanguage":"yo"},{"@type":"Organization","@id":"https:\/\/suculture.com\/#organization","name":"SUCULTURE","url":"https:\/\/suculture.com\/","sameAs":[],"logo":{"@type":"ImageObject","inLanguage":"yo","@id":"https:\/\/suculture.com\/#\/schema\/logo\/image\/","url":"https:\/\/suculture.com\/wp-content\/uploads\/2020\/10\/dark_logo.png","contentUrl":"https:\/\/suculture.com\/wp-content\/uploads\/2020\/10\/dark_logo.png","width":1000,"height":195,"caption":"SUCULTURE"},"image":{"@id":"https:\/\/suculture.com\/#\/schema\/logo\/image\/"}}]}},"_links":{"self":[{"href":"https:\/\/suculture.com\/yo\/wp-json\/wp\/v2\/pages\/1950"}],"collection":[{"href":"https:\/\/suculture.com\/yo\/wp-json\/wp\/v2\/pages"}],"about":[{"href":"https:\/\/suculture.com\/yo\/wp-json\/wp\/v2\/types\/page"}],"author":[{"embeddable":true,"href":"https:\/\/suculture.com\/yo\/wp-json\/wp\/v2\/users\/1"}],"replies":[{"embeddable":true,"href":"https:\/\/suculture.com\/yo\/wp-json\/wp\/v2\/comments?post=1950"}],"version-history":[{"count":16,"href":"https:\/\/suculture.com\/yo\/wp-json\/wp\/v2\/pages\/1950\/revisions"}],"predecessor-version":[{"id":10232,"href":"https:\/\/suculture.com\/yo\/wp-json\/wp\/v2\/pages\/1950\/revisions\/10232"}],"wp:attachment":[{"href":"https:\/\/suculture.com\/yo\/wp-json\/wp\/v2\/media?parent=1950"}],"curies":[{"name":"wp","href":"https:\/\/api.w.org\/{rel}","templated":true}]}}