{"id":4465,"date":"2021-03-06T20:30:17","date_gmt":"2021-03-06T20:30:17","guid":{"rendered":"https:\/\/suculture.com\/?page_id=4465"},"modified":"2021-03-06T20:34:46","modified_gmt":"2021-03-06T20:34:46","slug":"advertising","status":"publish","type":"page","link":"https:\/\/suculture.com\/pt\/advertising\/","title":{"rendered":"Publicidade"},"content":{"rendered":"<div data-elementor-type=\"wp-page\" data-elementor-id=\"4465\" class=\"elementor elementor-4465\">\n\t\t\t\t\t\t\t\t\t<section class=\"elementor-section elementor-top-section elementor-element elementor-element-674d6714 elementor-section-boxed elementor-section-height-default elementor-section-height-default\" data-id=\"674d6714\" data-element_type=\"section\">\n\t\t\t\t\t\t<div class=\"elementor-container elementor-column-gap-default\">\n\t\t\t\t\t<div class=\"elementor-column elementor-col-100 elementor-top-column elementor-element elementor-element-5e63486\" data-id=\"5e63486\" data-element_type=\"column\">\n\t\t\t<div class=\"elementor-widget-wrap elementor-element-populated\">\n\t\t\t\t\t\t\t\t<div class=\"elementor-element elementor-element-1bf4c1b7 elementor-widget elementor-widget-text-editor\" data-id=\"1bf4c1b7\" data-element_type=\"widget\" data-widget_type=\"text-editor.default\">\n\t\t\t\t<div class=\"elementor-widget-container\">\n\t\t\t\t\t\t\t<p style=\"text-align: justify;\"><strong>Vis\u00e3o geral<\/strong><\/p><p style=\"text-align: justify;\">Esta pol\u00edtica se aplica a toda publicidade paga da SUCULTURE para mercadorias, produtos e\/ou servi\u00e7os.<\/p><p style=\"text-align: justify;\">Os anunciantes da SUCULTURE s\u00e3o respons\u00e1veis por seus an\u00fancios. Isso implica a exig\u00eancia de observar atentamente todas as leis apropriadas, o desenvolvimento de an\u00fancios aceit\u00e1veis que resistam ao escrut\u00ednio regulat\u00f3rio.\u00a0 \u00a0<\/p><p style=\"text-align: justify;\">Al\u00e9m disso, os anunciantes devem cumprir os Termos de Uso da SUCULTURE e os Regulamentos da Comunidade, e todas as pol\u00edticas complementares da SUCULTURE que regem o uso de nossos servi\u00e7os. Os anunciantes tamb\u00e9m devem atender a certas condi\u00e7\u00f5es para serem eleg\u00edveis para desfrutar do conjunto de produtos publicit\u00e1rios da SUCULTURE.<\/p><p style=\"text-align: justify;\">As pol\u00edticas de publicidade da SUCULTURE est\u00e3o sujeitas a revis\u00e3o peri\u00f3dica e voc\u00ea opta por revisar esta p\u00e1gina periodicamente para garantir que compreende nossos termos de publicidade.<\/p><p style=\"text-align: justify;\"><strong>Nossas Politicas<\/strong><\/p><p style=\"text-align: justify;\">A SUCULTURE restringe a promo\u00e7\u00e3o de conte\u00fado on-line sujeito ao pa\u00eds que a campanha est\u00e1 segmentando, e cada an\u00fancio \u00e9 analisado de acordo com essas pol\u00edticas.<\/p><p style=\"text-align: justify;\"><strong>O processo de revis\u00e3o de an\u00fancios<\/strong><\/p><p style=\"text-align: justify;\">Sujeito a requisitos espec\u00edficos, complexidade e padr\u00f5es de publicidade, nosso objetivo \u00e9 revisar todos os an\u00fancios e public\u00e1-los normalmente em 48 horas. No entanto, uma revis\u00e3o pode demorar mais em casos espec\u00edficos. Trabalharemos com voc\u00ea para garantir um resultado satisfat\u00f3rio e oportuno.<\/p><p style=\"text-align: justify;\">Esse processo incorpora a submiss\u00e3o dos produtos\/servi\u00e7os \u00e0 revis\u00e3o, imagens, recursos visuais, legenda do an\u00fancio, texto, idade e regi\u00e3o de destino e p\u00e1ginas de destino. Para cumprir com o supracitado, esperamos que todos os an\u00fancios estejam em conformidade com todas as pol\u00edticas de publicidade e mudan\u00e7as regulat\u00f3rias.<\/p><p style=\"text-align: justify;\"><strong>O que voc\u00ea deve fazer se seu an\u00fancio for reprovado<\/strong><\/p><p style=\"text-align: justify;\">Caso seu an\u00fancio n\u00e3o atenda \u00e0s nossas pol\u00edticas e seja reprovado, voc\u00ea poder\u00e1 edit\u00e1-lo e reenvi\u00e1-lo para revis\u00e3o. Para atender aos padr\u00f5es estabelecidos:<\/p><ul style=\"text-align: justify;\"><li>Usando o feedback fornecido, verifique seu an\u00fancio quanto a erros e revise de acordo com o feedback;<\/li><\/ul><ul style=\"text-align: justify;\"><li>Estamos sempre aqui para discutir. Alcance-nos em <a href=\"mailto:ads@suculture.com\">ads@suculture.com<\/a><\/li><\/ul><p style=\"text-align: justify;\"><strong>Funcionalidades <\/strong><\/p><p style=\"text-align: justify;\"><strong>Especifica\u00e7\u00f5es do an\u00fancio da p\u00e1gina de destino<\/strong><\/p><ol style=\"text-align: justify;\"><li>Para ser uma reclama\u00e7\u00e3o e garantir uma experi\u00eancia de usu\u00e1rio orientada para resultados quando nossos usu\u00e1rios s\u00e3o direcionados para a p\u00e1gina de destino, a p\u00e1gina de destino deve funcionar corretamente e os an\u00fancios n\u00e3o devem direcionar nossos usu\u00e1rios para uma p\u00e1gina n\u00e3o funcional, uma p\u00e1gina expirada, uma p\u00e1gina em constru\u00e7\u00e3o ou que tenha conte\u00fado incompleto, que n\u00e3o seja compat\u00edvel com dispositivos m\u00f3veis, que baixe arquivos automaticamente para o dispositivo do usu\u00e1rio, exiba conte\u00fado ou produtos proibidos ou exija que o usu\u00e1rio insira informa\u00e7\u00f5es pessoais para acessar o conte\u00fado principal na p\u00e1gina de destino. <br \/><br \/>Os an\u00fancios podem direcionar o usu\u00e1rio para a Google Play Store ou App Store, o site oficial do produto ou servi\u00e7o ou a p\u00e1gina do produto anunciado.<br \/><br \/><\/li><li>Os an\u00fancios de com\u00e9rcio eletr\u00f4nico devem mostrar as informa\u00e7\u00f5es corretas da empresa nas p\u00e1ginas de destino de acordo com os requisitos da legisla\u00e7\u00e3o local. Isso deve incluir, entre outros, o nome da empresa do anunciante, o endere\u00e7o da empresa e os detalhes de contato, a exibi\u00e7\u00e3o do pre\u00e7o na moeda local, a licen\u00e7a comercial, os termos e condi\u00e7\u00f5es, as informa\u00e7\u00f5es de envio, a pol\u00edtica de devolu\u00e7\u00f5es, a pol\u00edtica de privacidade e a pol\u00edtica de reembolso.<\/li><\/ol><p style=\"text-align: justify;\"><strong>Consist\u00eancia do an\u00fancio<\/strong><\/p><ol style=\"text-align: justify;\"><li>Isso inclui a legenda do an\u00fancio, os v\u00eddeos do an\u00fancio, o texto do an\u00fancio e as imagens do an\u00fancio e a CTA do an\u00fancio, que precisa ser compat\u00edvel com os produtos promovidos na p\u00e1gina de destino.<\/li><li>O &quot;Nome de exibi\u00e7\u00e3o&quot; precisa corresponder ao produto promovido na p\u00e1gina de destino.<\/li><\/ol><p style=\"text-align: justify;\"><strong>Linguagem<\/strong><\/p><p style=\"text-align: justify;\">Entre em contato conosco para discutir sua prefer\u00eancia de idioma. O idioma do an\u00fancio e da p\u00e1gina de destino precisa corresponder \u00e0 configura\u00e7\u00e3o de idioma ou ao idioma aceito da regi\u00e3o segmentada. Da mesma forma, a legenda e o texto do an\u00fancio n\u00e3o devem conter erros gramaticais de erros ortogr\u00e1ficos.<\/p><p style=\"text-align: justify;\"><strong>Conte\u00fado proibido e crit\u00e9rio da comunidade<\/strong><\/p><p style=\"text-align: justify;\">Voc\u00ea decide que seu An\u00fancio atende \u00e0s condi\u00e7\u00f5es estabelecidas em nossos Termos de Uso e Regulamentos da Comunidade.<\/p><p style=\"text-align: justify;\"><strong>Atividade Ilegal e Servi\u00e7os Proibidos<\/strong><\/p><p style=\"text-align: justify;\">Os an\u00fancios promovidos na SUCULTURE n\u00e3o devem exibir, facilitar ou endossar servi\u00e7os ou atividades consideradas ilegais em uma determinada jurisdi\u00e7\u00e3o.<\/p><p style=\"text-align: justify;\"><strong>Prote\u00e7\u00e3o de Menores<\/strong><strong>\u00a0<\/strong><\/p><p style=\"text-align: justify;\">Os an\u00fancios promovidos no SUCULTURE n\u00e3o devem exibir, facilitar ou endossar conte\u00fado que demonstre comportamento inadequado ou envolva menores de idade, como beber ou fumar menores de idade.<\/p><p style=\"text-align: justify;\">Os an\u00fancios promovidos no SUCULTURE n\u00e3o devem exibir, facilitar ou endossar produtos\/jogos destinados a atrair menores em algumas regi\u00f5es espec\u00edficas de segmenta\u00e7\u00e3o de an\u00fancios.<\/p><p style=\"text-align: justify;\"><strong>Drogas e Parafern\u00e1lia de Drogas<\/strong><\/p><p style=\"text-align: justify;\">Os an\u00fancios promovidos no SUCULTURE n\u00e3o devem exibir, facilitar ou endossar drogas prescritas ou recreativas, ou acess\u00f3rios que tenham qualquer associa\u00e7\u00e3o com o uso de drogas, como pap\u00e9is para enrolar, dispositivos de entrega vaporizados ou bongos.<\/p><p style=\"text-align: justify;\"><strong>Nudez ou conte\u00fado adulto<\/strong><\/p><p style=\"text-align: justify;\">Os an\u00fancios promovidos no SUCULTURE n\u00e3o devem exibir, facilitar ou endossar o uso de produtos ou servi\u00e7os adultos proibidos, nudez parcial\/impl\u00edcita ou atividades ou comportamentos sexuais que envolvam conte\u00fado excessivamente sugestivo ou sexualmente provocativo.<\/p><p style=\"text-align: justify;\"><strong>Explosivos, Armas e Muni\u00e7\u00f5es <\/strong><\/p><p style=\"text-align: justify;\">Os an\u00fancios promovidos no SUCULTURE n\u00e3o devem exibir, facilitar ou endossar o uso de armas letais, o uso de muni\u00e7\u00f5es ou explosivos na vida real, incluindo, entre outros, explosivos, armas, bombas ou outros objetos projetados para causar danos ou les\u00f5es a indiv\u00edduos.<\/p><p style=\"text-align: justify;\"><strong>Religi\u00e3o e Cultura<\/strong><\/p><p style=\"text-align: justify;\">Os an\u00fancios promovidos no SUCULTURE n\u00e3o devem exibir, facilitar ou endossar conte\u00fado que infrinja ou viole a cultura local das regi\u00f5es de segmenta\u00e7\u00e3o do an\u00fancio, edif\u00edcios religiosos, s\u00edmbolos religiosos ou a compara\u00e7\u00e3o maliciosa de religi\u00f5es.<\/p><p style=\"text-align: justify;\"><strong>Produtos de tabaco<\/strong><\/p><p style=\"text-align: justify;\">Os an\u00fancios promovidos no SUCULTURE n\u00e3o devem exibir, facilitar ou endossar tabaco ou produtos relacionados ao tabaco, como cigarros eletr\u00f4nicos, cachimbos, charutos, pap\u00e9is para enrolar ou comportamento relacionado ao tabagismo na vida real, incluindo, entre outros, alternativas que imitar o ato de fumar.<\/p><p style=\"text-align: justify;\"><strong>Conte\u00fado ofensivo, discriminat\u00f3rio ou extremo<\/strong><\/p><p style=\"text-align: justify;\">Sem limita\u00e7\u00e3o, os an\u00fancios promovidos no SUCULTURE n\u00e3o devem exibir, facilitar ou endossar discurso de \u00f3dio contra um indiv\u00edduo, grupo ou organiza\u00e7\u00e3o protegida, com base em ra\u00e7a, etnia, nacionalidade, condi\u00e7\u00e3o m\u00e9dica ou gen\u00e9tica e afilia\u00e7\u00e3o religiosa.<\/p><p style=\"text-align: justify;\"><strong>An\u00fancios e conte\u00fado pol\u00edtico<\/strong><\/p><p style=\"text-align: justify;\">Os an\u00fancios promovidos no SUCULTURE n\u00e3o devem fazer refer\u00eancia, endossar, promover ou se opor a um candidato a cargo p\u00fablico, atual ou ex-titular de cargo pol\u00edtico, partidos ou organiza\u00e7\u00f5es pol\u00edticas, ou que possa conter conte\u00fado referente a uma quest\u00e3o local, estadual ou federal de import\u00e2ncia p\u00fablica.<\/p><p style=\"text-align: justify;\"><strong>Conte\u00fado de aplica\u00e7\u00e3o da lei<\/strong><\/p><p style=\"text-align: justify;\">Sem limita\u00e7\u00e3o, os an\u00fancios promovidos no SUCULTURE n\u00e3o devem exibir, facilitar ou endossar conte\u00fado negativo com refer\u00eancia a s\u00edmbolos de aplica\u00e7\u00e3o da lei, incluindo policiais ou militares, incluindo a defesa de propaganda de guerra.<\/p><p style=\"text-align: justify;\"><strong>Trabalho protegido por direitos autorais e propriedade intelectual<\/strong><\/p><p style=\"text-align: justify;\">Os an\u00fancios promovidos no SUCULTURE n\u00e3o devem exibir, facilitar ou endossar conte\u00fado que infrinja ou viole os direitos de terceiros, incluindo, mas n\u00e3o limitado a, marcas, marcas registradas, logotipos, nomes ou outros direitos pessoais ou de propriedade.<\/p><p style=\"text-align: justify;\"><strong>Cole\u00e7\u00e3o de dados<\/strong><\/p><p style=\"text-align: justify;\">Todas as informa\u00e7\u00f5es pessoais coletadas por meio do processo de publicidade na SUCULTURE, devem ser processadas com seguran\u00e7a de acordo com as leis locais, e a pol\u00edtica de privacidade da empresa deve ser acess\u00edvel a qualquer indiv\u00edduo cujos dados tenham sido coletados e\/ou processados.<\/p><p style=\"text-align: justify;\"><strong>Conte\u00fado Restrito Adicional.<\/strong><\/p><p style=\"text-align: justify;\">Os an\u00fancios promovidos no SUCULTURE n\u00e3o devem exibir, facilitar ou endossar o uso ou consumo excessivo de \u00e1lcool, ou consumo irrespons\u00e1vel, exibir nomes de marcas de bebidas alco\u00f3licas, cenas de bar ou cenas de consumo na vida real em algumas regi\u00f5es espec\u00edficas de segmenta\u00e7\u00e3o de an\u00fancios; jogos de azar com dinheiro real ou jogos de azar simulados, loterias, retratam ou incentivam comportamentos relacionados a jogos de azar, isso inclui apostas esportivas\/corridas de cavalos em algumas regi\u00f5es espec\u00edficas de segmenta\u00e7\u00e3o de an\u00fancios; conter linguagem violenta ou a\u00e7\u00f5es ofensivas; exibir comportamento perigoso sem prote\u00e7\u00e3o de seguran\u00e7a; exibir crueldade contra animais, como brigas de c\u00e3es ou animais, viol\u00eancia gratuita contra animais, conte\u00fado sensacionalista e chocante, conte\u00fado que contenha uma compara\u00e7\u00e3o maliciosa com outras marcas; an\u00fancios que contenham declara\u00e7\u00f5es enganosas, descri\u00e7\u00f5es exageradas ou declara\u00e7\u00f5es absolutas sem prova relacionada, incluindo aquelas relativas ao efeito de um produto ou promover produtos falsificados.\u00a0<\/p>\t\t\t\t\t\t<\/div>\n\t\t\t\t<\/div>\n\t\t\t\t\t<\/div>\n\t\t<\/div>\n\t\t\t\t\t\t\t<\/div>\n\t\t<\/section>\n\t\t\t\t\t\t\t<\/div>","protected":false},"excerpt":{"rendered":"<p>Vis\u00e3o geral Esta pol\u00edtica se aplica a todos os an\u00fancios pagos da SUCULTURE para mercadorias, produtos e\/ou servi\u00e7os. Os anunciantes da SUCULTURE s\u00e3o respons\u00e1veis por\u2026 <a class=\"more-link\" href=\"https:\/\/suculture.com\/pt\/advertising\/\">Continue lendo \u2192<\/a><\/p>","protected":false},"author":1,"featured_media":0,"parent":0,"menu_order":0,"comment_status":"closed","ping_status":"closed","template":"","meta":{"_bbp_topic_count":0,"_bbp_reply_count":0,"_bbp_total_topic_count":0,"_bbp_total_reply_count":0,"_bbp_voice_count":0,"_bbp_anonymous_reply_count":0,"_bbp_topic_count_hidden":0,"_bbp_reply_count_hidden":0,"_bbp_forum_subforum_count":0},"yoast_head":"<!-- This site is optimized with the Yoast SEO plugin v19.6 - https:\/\/yoast.com\/wordpress\/plugins\/seo\/ -->\n<title>Advertising - SUCULTURE<\/title>\n<meta name=\"robots\" content=\"index, follow, max-snippet:-1, max-image-preview:large, max-video-preview:-1\" \/>\n<link rel=\"canonical\" href=\"https:\/\/suculture.com\/pt\/advertising\/\" \/>\n<meta property=\"og:locale\" content=\"pt_PT\" \/>\n<meta property=\"og:type\" content=\"article\" \/>\n<meta property=\"og:title\" content=\"Advertising - SUCULTURE\" \/>\n<meta property=\"og:description\" content=\"Overview This policy applies to all SUCULTURE paid advertising for merchandise, products and\/or services. Advertisers on SUCULTURE are responsible for ... Continue reading \u2192\" \/>\n<meta property=\"og:url\" content=\"https:\/\/suculture.com\/pt\/advertising\/\" \/>\n<meta property=\"og:site_name\" content=\"SUCULTURE\" \/>\n<meta property=\"article:modified_time\" content=\"2021-03-06T20:34:46+00:00\" \/>\n<meta name=\"twitter:card\" content=\"summary_large_image\" \/>\n<meta name=\"twitter:label1\" content=\"Tempo estimado de leitura\" \/>\n\t<meta name=\"twitter:data1\" content=\"6 minutos\" \/>\n<script type=\"application\/ld+json\" class=\"yoast-schema-graph\">{\"@context\":\"https:\/\/schema.org\",\"@graph\":[{\"@type\":\"WebPage\",\"@id\":\"https:\/\/suculture.com\/advertising\/\",\"url\":\"https:\/\/suculture.com\/advertising\/\",\"name\":\"Advertising - SUCULTURE\",\"isPartOf\":{\"@id\":\"https:\/\/suculture.com\/#website\"},\"datePublished\":\"2021-03-06T20:30:17+00:00\",\"dateModified\":\"2021-03-06T20:34:46+00:00\",\"breadcrumb\":{\"@id\":\"https:\/\/suculture.com\/advertising\/#breadcrumb\"},\"inLanguage\":\"pt-PT\",\"potentialAction\":[{\"@type\":\"ReadAction\",\"target\":[\"https:\/\/suculture.com\/advertising\/\"]}]},{\"@type\":\"BreadcrumbList\",\"@id\":\"https:\/\/suculture.com\/advertising\/#breadcrumb\",\"itemListElement\":[{\"@type\":\"ListItem\",\"position\":1,\"name\":\"Home\",\"item\":\"https:\/\/suculture.com\/\"},{\"@type\":\"ListItem\",\"position\":2,\"name\":\"Advertising\"}]},{\"@type\":\"WebSite\",\"@id\":\"https:\/\/suculture.com\/#website\",\"url\":\"https:\/\/suculture.com\/\",\"name\":\"SUCULTURE\",\"description\":\"A Unified Online Ecosystem\",\"publisher\":{\"@id\":\"https:\/\/suculture.com\/#organization\"},\"potentialAction\":[{\"@type\":\"SearchAction\",\"target\":{\"@type\":\"EntryPoint\",\"urlTemplate\":\"https:\/\/suculture.com\/?s={search_term_string}\"},\"query-input\":\"required name=search_term_string\"}],\"inLanguage\":\"pt-PT\"},{\"@type\":\"Organization\",\"@id\":\"https:\/\/suculture.com\/#organization\",\"name\":\"SUCULTURE\",\"url\":\"https:\/\/suculture.com\/\",\"sameAs\":[],\"logo\":{\"@type\":\"ImageObject\",\"inLanguage\":\"pt-PT\",\"@id\":\"https:\/\/suculture.com\/#\/schema\/logo\/image\/\",\"url\":\"https:\/\/suculture.com\/wp-content\/uploads\/2020\/10\/dark_logo.png\",\"contentUrl\":\"https:\/\/suculture.com\/wp-content\/uploads\/2020\/10\/dark_logo.png\",\"width\":1000,\"height\":195,\"caption\":\"SUCULTURE\"},\"image\":{\"@id\":\"https:\/\/suculture.com\/#\/schema\/logo\/image\/\"}}]}<\/script>\n<!-- \/ Yoast SEO plugin. -->","yoast_head_json":{"title":"Advertising - SUCULTURE","robots":{"index":"index","follow":"follow","max-snippet":"max-snippet:-1","max-image-preview":"max-image-preview:large","max-video-preview":"max-video-preview:-1"},"canonical":"https:\/\/suculture.com\/pt\/advertising\/","og_locale":"pt_PT","og_type":"article","og_title":"Advertising - SUCULTURE","og_description":"Overview This policy applies to all SUCULTURE paid advertising for merchandise, products and\/or services. Advertisers on SUCULTURE are responsible for ... Continue reading \u2192","og_url":"https:\/\/suculture.com\/pt\/advertising\/","og_site_name":"SUCULTURE","article_modified_time":"2021-03-06T20:34:46+00:00","twitter_card":"summary_large_image","twitter_misc":{"Tempo estimado de leitura":"6 minutos"},"schema":{"@context":"https:\/\/schema.org","@graph":[{"@type":"WebPage","@id":"https:\/\/suculture.com\/advertising\/","url":"https:\/\/suculture.com\/advertising\/","name":"Advertising - SUCULTURE","isPartOf":{"@id":"https:\/\/suculture.com\/#website"},"datePublished":"2021-03-06T20:30:17+00:00","dateModified":"2021-03-06T20:34:46+00:00","breadcrumb":{"@id":"https:\/\/suculture.com\/advertising\/#breadcrumb"},"inLanguage":"pt-PT","potentialAction":[{"@type":"ReadAction","target":["https:\/\/suculture.com\/advertising\/"]}]},{"@type":"BreadcrumbList","@id":"https:\/\/suculture.com\/advertising\/#breadcrumb","itemListElement":[{"@type":"ListItem","position":1,"name":"Home","item":"https:\/\/suculture.com\/"},{"@type":"ListItem","position":2,"name":"Advertising"}]},{"@type":"WebSite","@id":"https:\/\/suculture.com\/#website","url":"https:\/\/suculture.com\/","name":"SUCULTURE","description":"A Unified Online Ecosystem","publisher":{"@id":"https:\/\/suculture.com\/#organization"},"potentialAction":[{"@type":"SearchAction","target":{"@type":"EntryPoint","urlTemplate":"https:\/\/suculture.com\/?s={search_term_string}"},"query-input":"required name=search_term_string"}],"inLanguage":"pt-PT"},{"@type":"Organization","@id":"https:\/\/suculture.com\/#organization","name":"SUCULTURE","url":"https:\/\/suculture.com\/","sameAs":[],"logo":{"@type":"ImageObject","inLanguage":"pt-PT","@id":"https:\/\/suculture.com\/#\/schema\/logo\/image\/","url":"https:\/\/suculture.com\/wp-content\/uploads\/2020\/10\/dark_logo.png","contentUrl":"https:\/\/suculture.com\/wp-content\/uploads\/2020\/10\/dark_logo.png","width":1000,"height":195,"caption":"SUCULTURE"},"image":{"@id":"https:\/\/suculture.com\/#\/schema\/logo\/image\/"}}]}},"_links":{"self":[{"href":"https:\/\/suculture.com\/pt\/wp-json\/wp\/v2\/pages\/4465"}],"collection":[{"href":"https:\/\/suculture.com\/pt\/wp-json\/wp\/v2\/pages"}],"about":[{"href":"https:\/\/suculture.com\/pt\/wp-json\/wp\/v2\/types\/page"}],"author":[{"embeddable":true,"href":"https:\/\/suculture.com\/pt\/wp-json\/wp\/v2\/users\/1"}],"replies":[{"embeddable":true,"href":"https:\/\/suculture.com\/pt\/wp-json\/wp\/v2\/comments?post=4465"}],"version-history":[{"count":5,"href":"https:\/\/suculture.com\/pt\/wp-json\/wp\/v2\/pages\/4465\/revisions"}],"predecessor-version":[{"id":4637,"href":"https:\/\/suculture.com\/pt\/wp-json\/wp\/v2\/pages\/4465\/revisions\/4637"}],"wp:attachment":[{"href":"https:\/\/suculture.com\/pt\/wp-json\/wp\/v2\/media?parent=4465"}],"curies":[{"name":"wp","href":"https:\/\/api.w.org\/{rel}","templated":true}]}}