{"id":9033,"date":"2022-05-10T17:11:30","date_gmt":"2022-05-10T17:11:30","guid":{"rendered":"https:\/\/suculture.com\/?page_id=9033"},"modified":"2023-05-04T13:47:24","modified_gmt":"2023-05-04T13:47:24","slug":"about","status":"publish","type":"page","link":"https:\/\/suculture.com\/it\/about\/","title":{"rendered":"Chi siamo"},"content":{"rendered":"<div data-elementor-type=\"wp-page\" data-elementor-id=\"9033\" class=\"elementor elementor-9033\">\n\t\t\t\t\t\t\t\t\t<section class=\"elementor-section elementor-top-section elementor-element elementor-element-188f850a elementor-section-boxed elementor-section-height-default elementor-section-height-default\" data-id=\"188f850a\" data-element_type=\"section\">\n\t\t\t\t\t\t<div class=\"elementor-container elementor-column-gap-default\">\n\t\t\t\t\t<div class=\"elementor-column elementor-col-100 elementor-top-column elementor-element elementor-element-6280244d\" data-id=\"6280244d\" data-element_type=\"column\">\n\t\t\t<div class=\"elementor-widget-wrap elementor-element-populated\">\n\t\t\t\t\t\t\t\t<div class=\"elementor-element elementor-element-a33a6fc elementor-widget elementor-widget-heading\" data-id=\"a33a6fc\" data-element_type=\"widget\" data-widget_type=\"heading.default\">\n\t\t\t\t<div class=\"elementor-widget-container\">\n\t\t\t<h2 class=\"elementor-heading-title elementor-size-default\"><br>Cresci ed espandi il tuo pensiero. <br>Cresci individualmente.<\/h2>\t\t<\/div>\n\t\t\t\t<\/div>\n\t\t\t\t<div class=\"elementor-element elementor-element-78d1299 elementor-widget elementor-widget-spacer\" data-id=\"78d1299\" data-element_type=\"widget\" data-widget_type=\"spacer.default\">\n\t\t\t\t<div class=\"elementor-widget-container\">\n\t\t\t\t\t<div class=\"elementor-spacer\">\n\t\t\t<div class=\"elementor-spacer-inner\"><\/div>\n\t\t<\/div>\n\t\t\t\t<\/div>\n\t\t\t\t<\/div>\n\t\t\t\t<div class=\"elementor-element elementor-element-d1307b7 elementor-widget elementor-widget-text-editor\" data-id=\"d1307b7\" data-element_type=\"widget\" data-widget_type=\"text-editor.default\">\n\t\t\t\t<div class=\"elementor-widget-container\">\n\t\t\t\t\t\t\t<p style=\"font-size: 18px; text-align: justify;\">SUCULTURE \u00e8 guidato da sei principi: apertura, concentrazione, interconnettivit\u00e0, agilit\u00e0, adattabilit\u00e0 e pensiero a lungo termine.<\/p>\n<p style=\"font-size: 18px; text-align: justify;\">I principi guida alla base di SUCULTURE sono la creazione di un ecosistema online unificato che stimoli collaborazioni creative e migliori esperienze individuali.<\/p>\n<p style=\"font-size: 18px; text-align: justify;\">In Africa, e nella pi\u00f9 ampia diaspora africana, la parola &quot;SU&quot; \u00e8 usata nel linguaggio quotidiano e implica un canale per la collaborazione, lo scambio o l&#039;empowerment collaborativo.<\/p>\n<p style=\"font-size: 18px; text-align: justify;\">SUCULTURE cerca di essere il crocevia tra le parti pi\u00f9 lontane del pianeta; tra Nord e Sud, Est e Ovest. Costruire una nuova realt\u00e0 e un nuovo modello di amicizia, comunit\u00e0 e partnership geoeconomiche. Cambiare la narrativa di cosa significhi interazione collaborativa.<\/p>\n<p style=\"font-size: 18px; text-align: justify;\">Esplora 130 paesi su SUCULTURE, in tutto il mondo. <span style=\"color: #ffcb05;\"><strong>SUCULTURA<\/strong><\/span>!<\/p>\t\t\t\t\t\t<\/div>\n\t\t\t\t<\/div>\n\t\t\t\t<div class=\"elementor-element elementor-element-1e31a95 elementor-widget elementor-widget-spacer\" data-id=\"1e31a95\" data-element_type=\"widget\" data-widget_type=\"spacer.default\">\n\t\t\t\t<div class=\"elementor-widget-container\">\n\t\t\t\t\t<div class=\"elementor-spacer\">\n\t\t\t<div class=\"elementor-spacer-inner\"><\/div>\n\t\t<\/div>\n\t\t\t\t<\/div>\n\t\t\t\t<\/div>\n\t\t\t\t<div class=\"elementor-element elementor-element-ae5f1db elementor-widget elementor-widget-image\" data-id=\"ae5f1db\" data-element_type=\"widget\" data-widget_type=\"image.default\">\n\t\t\t\t<div class=\"elementor-widget-container\">\n\t\t\t\t\t\t\t\t\t\t\t\t\t\t\t<img fetchpriority=\"high\" decoding=\"async\" width=\"724\" height=\"1024\" src=\"https:\/\/suculture.com\/wp-content\/uploads\/2021\/03\/About-Us-Design-scaled.jpg\" class=\"attachment-large size-large wp-image-4519\" alt=\"\" \/>\t\t\t\t\t\t\t\t\t\t\t\t\t\t\t<\/div>\n\t\t\t\t<\/div>\n\t\t\t\t<div class=\"elementor-element elementor-element-f09e879 elementor-widget elementor-widget-image\" data-id=\"f09e879\" data-element_type=\"widget\" data-widget_type=\"image.default\">\n\t\t\t\t<div class=\"elementor-widget-container\">\n\t\t\t\t\t\t\t\t\t\t\t\t\t\t\t<img decoding=\"async\" width=\"1350\" height=\"1350\" src=\"https:\/\/suculture.com\/wp-content\/uploads\/2020\/06\/cropped-favicon.png\" class=\"attachment-full size-full wp-image-3791\" alt=\"\" srcset=\"https:\/\/suculture.com\/wp-content\/uploads\/2020\/06\/cropped-favicon.png 1350w, https:\/\/suculture.com\/wp-content\/uploads\/2020\/06\/cropped-favicon-300x300.png 300w, https:\/\/suculture.com\/wp-content\/uploads\/2020\/06\/cropped-favicon-1024x1024.png 1024w, https:\/\/suculture.com\/wp-content\/uploads\/2020\/06\/cropped-favicon-100x100.png 100w, https:\/\/suculture.com\/wp-content\/uploads\/2020\/06\/cropped-favicon-768x768.png 768w, https:\/\/suculture.com\/wp-content\/uploads\/2020\/06\/cropped-favicon-120x120.png 120w, https:\/\/suculture.com\/wp-content\/uploads\/2020\/06\/cropped-favicon-900x900.png 900w\" sizes=\"(max-width: 1350px) 100vw, 1350px\" \/>\t\t\t\t\t\t\t\t\t\t\t\t\t\t\t<\/div>\n\t\t\t\t<\/div>\n\t\t\t\t\t<\/div>\n\t\t<\/div>\n\t\t\t\t\t\t\t<\/div>\n\t\t<\/section>\n\t\t\t\t\t\t\t<\/div>","protected":false},"excerpt":{"rendered":"<p>Cresci ed espandi il tuo pensiero. Cresci individualmente. SUCULTURE \u00e8 guidata da sei principi: apertura, attenzione, interconnettivit\u00e0, agilit\u00e0, adattabilit\u00e0 e lungo termine... <a class=\"more-link\" href=\"https:\/\/suculture.com\/it\/about\/\">Continua a leggere \u2192<\/a><\/p>","protected":false},"author":1,"featured_media":0,"parent":0,"menu_order":0,"comment_status":"closed","ping_status":"closed","template":"","meta":{"_bbp_topic_count":0,"_bbp_reply_count":0,"_bbp_total_topic_count":0,"_bbp_total_reply_count":0,"_bbp_voice_count":0,"_bbp_anonymous_reply_count":0,"_bbp_topic_count_hidden":0,"_bbp_reply_count_hidden":0,"_bbp_forum_subforum_count":0},"yoast_head":"<!-- This site is optimized with the Yoast SEO plugin v19.6 - https:\/\/yoast.com\/wordpress\/plugins\/seo\/ -->\n<title>About Us - Explore the world through a Black lens! | SUCULTURE<\/title>\n<meta name=\"description\" content=\"Create a FREE Profile! SUCULTURE Explore Black Music festivals and events, SUCULTURE Black culture news and entertainment, Black Stories and Perspectives, Black-owned entrepreneurship and businesses, Black culture and history, Music and entertainment for Black Gen Z and millennials, Black Innovative tech startups, Black Youth culture, Black identity creativity art and design, Black Health Hair and Beauty Tips, Black representation in literature and media, Black Girl Nerds Community, Career and job tips for Black professionals.\" \/>\n<meta name=\"robots\" content=\"index, follow, max-snippet:-1, max-image-preview:large, max-video-preview:-1\" \/>\n<link rel=\"canonical\" href=\"https:\/\/suculture.com\/it\/about\/\" \/>\n<meta property=\"og:locale\" content=\"it_IT\" \/>\n<meta property=\"og:type\" content=\"article\" \/>\n<meta property=\"og:title\" content=\"About Us - Explore the world through a Black lens! | SUCULTURE\" \/>\n<meta property=\"og:description\" content=\"Create a FREE Profile! SUCULTURE Explore Black Music festivals and events, SUCULTURE Black culture news and entertainment, Black Stories and Perspectives, Black-owned entrepreneurship and businesses, Black culture and history, Music and entertainment for Black Gen Z and millennials, Black Innovative tech startups, Black Youth culture, Black identity creativity art and design, Black Health Hair and Beauty Tips, Black representation in literature and media, Black Girl Nerds Community, Career and job tips for Black professionals.\" \/>\n<meta property=\"og:url\" content=\"https:\/\/suculture.com\/it\/about\/\" \/>\n<meta property=\"og:site_name\" content=\"SUCULTURE\" \/>\n<meta property=\"article:modified_time\" content=\"2023-05-04T13:47:24+00:00\" \/>\n<meta property=\"og:image\" content=\"https:\/\/suculture.com\/wp-content\/uploads\/2021\/03\/About-Us-Design-scaled.jpg\" \/>\n<meta name=\"twitter:card\" content=\"summary_large_image\" \/>\n<meta name=\"twitter:label1\" content=\"Tempo di lettura stimato\" \/>\n\t<meta name=\"twitter:data1\" content=\"1 minuto\" \/>\n<script type=\"application\/ld+json\" class=\"yoast-schema-graph\">{\"@context\":\"https:\/\/schema.org\",\"@graph\":[{\"@type\":\"WebPage\",\"@id\":\"https:\/\/suculture.com\/about\/\",\"url\":\"https:\/\/suculture.com\/about\/\",\"name\":\"About Us - Explore the world through a Black lens! | SUCULTURE\",\"isPartOf\":{\"@id\":\"https:\/\/suculture.com\/#website\"},\"datePublished\":\"2022-05-10T17:11:30+00:00\",\"dateModified\":\"2023-05-04T13:47:24+00:00\",\"description\":\"Create a FREE Profile! SUCULTURE Explore Black Music festivals and events, SUCULTURE Black culture news and entertainment, Black Stories and Perspectives, Black-owned entrepreneurship and businesses, Black culture and history, Music and entertainment for Black Gen Z and millennials, Black Innovative tech startups, Black Youth culture, Black identity creativity art and design, Black Health Hair and Beauty Tips, Black representation in literature and media, Black Girl Nerds Community, Career and job tips for Black professionals.\",\"breadcrumb\":{\"@id\":\"https:\/\/suculture.com\/about\/#breadcrumb\"},\"inLanguage\":\"it-IT\",\"potentialAction\":[{\"@type\":\"ReadAction\",\"target\":[\"https:\/\/suculture.com\/about\/\"]}]},{\"@type\":\"BreadcrumbList\",\"@id\":\"https:\/\/suculture.com\/about\/#breadcrumb\",\"itemListElement\":[{\"@type\":\"ListItem\",\"position\":1,\"name\":\"Home\",\"item\":\"https:\/\/suculture.com\/\"},{\"@type\":\"ListItem\",\"position\":2,\"name\":\"About Us\"}]},{\"@type\":\"WebSite\",\"@id\":\"https:\/\/suculture.com\/#website\",\"url\":\"https:\/\/suculture.com\/\",\"name\":\"SUCULTURE\",\"description\":\"A Unified Online Ecosystem\",\"publisher\":{\"@id\":\"https:\/\/suculture.com\/#organization\"},\"potentialAction\":[{\"@type\":\"SearchAction\",\"target\":{\"@type\":\"EntryPoint\",\"urlTemplate\":\"https:\/\/suculture.com\/?s={search_term_string}\"},\"query-input\":\"required name=search_term_string\"}],\"inLanguage\":\"it-IT\"},{\"@type\":\"Organization\",\"@id\":\"https:\/\/suculture.com\/#organization\",\"name\":\"SUCULTURE\",\"url\":\"https:\/\/suculture.com\/\",\"sameAs\":[],\"logo\":{\"@type\":\"ImageObject\",\"inLanguage\":\"it-IT\",\"@id\":\"https:\/\/suculture.com\/#\/schema\/logo\/image\/\",\"url\":\"https:\/\/suculture.com\/wp-content\/uploads\/2020\/10\/dark_logo.png\",\"contentUrl\":\"https:\/\/suculture.com\/wp-content\/uploads\/2020\/10\/dark_logo.png\",\"width\":1000,\"height\":195,\"caption\":\"SUCULTURE\"},\"image\":{\"@id\":\"https:\/\/suculture.com\/#\/schema\/logo\/image\/\"}}]}<\/script>\n<!-- \/ Yoast SEO plugin. -->","yoast_head_json":{"title":"About Us - Explore the world through a Black lens! | SUCULTURE","description":"Create a FREE Profile! SUCULTURE Explore Black Music festivals and events, SUCULTURE Black culture news and entertainment, Black Stories and Perspectives, Black-owned entrepreneurship and businesses, Black culture and history, Music and entertainment for Black Gen Z and millennials, Black Innovative tech startups, Black Youth culture, Black identity creativity art and design, Black Health Hair and Beauty Tips, Black representation in literature and media, Black Girl Nerds Community, Career and job tips for Black professionals.","robots":{"index":"index","follow":"follow","max-snippet":"max-snippet:-1","max-image-preview":"max-image-preview:large","max-video-preview":"max-video-preview:-1"},"canonical":"https:\/\/suculture.com\/it\/about\/","og_locale":"it_IT","og_type":"article","og_title":"About Us - Explore the world through a Black lens! | SUCULTURE","og_description":"Create a FREE Profile! SUCULTURE Explore Black Music festivals and events, SUCULTURE Black culture news and entertainment, Black Stories and Perspectives, Black-owned entrepreneurship and businesses, Black culture and history, Music and entertainment for Black Gen Z and millennials, Black Innovative tech startups, Black Youth culture, Black identity creativity art and design, Black Health Hair and Beauty Tips, Black representation in literature and media, Black Girl Nerds Community, Career and job tips for Black professionals.","og_url":"https:\/\/suculture.com\/it\/about\/","og_site_name":"SUCULTURE","article_modified_time":"2023-05-04T13:47:24+00:00","og_image":[{"url":"https:\/\/suculture.com\/wp-content\/uploads\/2021\/03\/About-Us-Design-scaled.jpg"}],"twitter_card":"summary_large_image","twitter_misc":{"Tempo di lettura stimato":"1 minuto"},"schema":{"@context":"https:\/\/schema.org","@graph":[{"@type":"WebPage","@id":"https:\/\/suculture.com\/about\/","url":"https:\/\/suculture.com\/about\/","name":"About Us - Explore the world through a Black lens! | SUCULTURE","isPartOf":{"@id":"https:\/\/suculture.com\/#website"},"datePublished":"2022-05-10T17:11:30+00:00","dateModified":"2023-05-04T13:47:24+00:00","description":"Create a FREE Profile! SUCULTURE Explore Black Music festivals and events, SUCULTURE Black culture news and entertainment, Black Stories and Perspectives, Black-owned entrepreneurship and businesses, Black culture and history, Music and entertainment for Black Gen Z and millennials, Black Innovative tech startups, Black Youth culture, Black identity creativity art and design, Black Health Hair and Beauty Tips, Black representation in literature and media, Black Girl Nerds Community, Career and job tips for Black professionals.","breadcrumb":{"@id":"https:\/\/suculture.com\/about\/#breadcrumb"},"inLanguage":"it-IT","potentialAction":[{"@type":"ReadAction","target":["https:\/\/suculture.com\/about\/"]}]},{"@type":"BreadcrumbList","@id":"https:\/\/suculture.com\/about\/#breadcrumb","itemListElement":[{"@type":"ListItem","position":1,"name":"Home","item":"https:\/\/suculture.com\/"},{"@type":"ListItem","position":2,"name":"About Us"}]},{"@type":"WebSite","@id":"https:\/\/suculture.com\/#website","url":"https:\/\/suculture.com\/","name":"SUCULTURE","description":"A Unified Online Ecosystem","publisher":{"@id":"https:\/\/suculture.com\/#organization"},"potentialAction":[{"@type":"SearchAction","target":{"@type":"EntryPoint","urlTemplate":"https:\/\/suculture.com\/?s={search_term_string}"},"query-input":"required name=search_term_string"}],"inLanguage":"it-IT"},{"@type":"Organization","@id":"https:\/\/suculture.com\/#organization","name":"SUCULTURE","url":"https:\/\/suculture.com\/","sameAs":[],"logo":{"@type":"ImageObject","inLanguage":"it-IT","@id":"https:\/\/suculture.com\/#\/schema\/logo\/image\/","url":"https:\/\/suculture.com\/wp-content\/uploads\/2020\/10\/dark_logo.png","contentUrl":"https:\/\/suculture.com\/wp-content\/uploads\/2020\/10\/dark_logo.png","width":1000,"height":195,"caption":"SUCULTURE"},"image":{"@id":"https:\/\/suculture.com\/#\/schema\/logo\/image\/"}}]}},"_links":{"self":[{"href":"https:\/\/suculture.com\/it\/wp-json\/wp\/v2\/pages\/9033"}],"collection":[{"href":"https:\/\/suculture.com\/it\/wp-json\/wp\/v2\/pages"}],"about":[{"href":"https:\/\/suculture.com\/it\/wp-json\/wp\/v2\/types\/page"}],"author":[{"embeddable":true,"href":"https:\/\/suculture.com\/it\/wp-json\/wp\/v2\/users\/1"}],"replies":[{"embeddable":true,"href":"https:\/\/suculture.com\/it\/wp-json\/wp\/v2\/comments?post=9033"}],"version-history":[{"count":21,"href":"https:\/\/suculture.com\/it\/wp-json\/wp\/v2\/pages\/9033\/revisions"}],"predecessor-version":[{"id":10874,"href":"https:\/\/suculture.com\/it\/wp-json\/wp\/v2\/pages\/9033\/revisions\/10874"}],"wp:attachment":[{"href":"https:\/\/suculture.com\/it\/wp-json\/wp\/v2\/media?parent=9033"}],"curies":[{"name":"wp","href":"https:\/\/api.w.org\/{rel}","templated":true}]}}