{"id":804,"date":"2017-04-08T12:14:06","date_gmt":"2017-04-08T12:14:06","guid":{"rendered":"https:\/\/suculture.com\/?page_id=804"},"modified":"2022-06-25T19:34:10","modified_gmt":"2022-06-25T19:34:10","slug":"faq","status":"publish","type":"page","link":"https:\/\/suculture.com\/it\/faq\/","title":{"rendered":"Domande comuni"},"content":{"rendered":"<div data-elementor-type=\"wp-page\" data-elementor-id=\"804\" class=\"elementor elementor-804\">\n\t\t\t\t\t\t\t\t\t<section class=\"elementor-section elementor-top-section elementor-element elementor-element-bfb720b elementor-section-boxed elementor-section-height-default elementor-section-height-default\" data-id=\"bfb720b\" data-element_type=\"section\">\n\t\t\t\t\t\t<div class=\"elementor-container elementor-column-gap-default\">\n\t\t\t\t\t<div class=\"elementor-column elementor-col-100 elementor-top-column elementor-element elementor-element-4b063e98\" data-id=\"4b063e98\" data-element_type=\"column\">\n\t\t\t<div class=\"elementor-widget-wrap elementor-element-populated\">\n\t\t\t\t\t\t\t\t<div class=\"elementor-element elementor-element-4140df3e elementor-widget elementor-widget-text-editor\" data-id=\"4140df3e\" data-element_type=\"widget\" data-widget_type=\"text-editor.default\">\n\t\t\t\t<div class=\"elementor-widget-container\">\n\t\t\t\t\t\t\t<p>In che modo la SUCULTURA pu\u00f2 aiutare?<\/p><p><span style=\"font-weight: 400;\">Comprendere la SUCULTURA.<\/span><\/p><p>Per facilitare la navigazione tra gli argomenti e gli articoli sul sito Web SUCULTURE e per garantire un&#039;esperienza positiva, abbiamo messo insieme un elenco di potenziali problemi che potrebbero sorgere durante la tua esperienza SUCULTURE e i modi per risolverli.<\/p><p class=\" translation-block\">Se hai bisogno di ulteriore aiuto o il problema rimane irrisolto, ti preghiamo <span style=\"color: #ffcc00\"><a style=\"color: #ffcc00\" href=\"https:\/\/suculture.com\/contact\" target=\"_self\">di contattarci<\/a><\/span> via e-mail e saremo pi\u00f9 che felici di aiutarti.<\/p><h3><strong>Creazione di un account.<\/strong><\/h3><p class=\" translation-block\">La registrazione \u00e8 un prerequisito per accedere a tutti i vantaggi di SUCULTURE; contribuire alle discussioni e inviare messaggi privati ai membri. Iniziare; facendo clic sul pulsante <strong>Accedi\/Registrati<\/strong> nella parte superiore della home page si accede infine alla pagina di registrazione. Inserisci il tuo nome utente preferito, e-mail, posizione e password. Dovresti ricevere una notifica e un&#039;e-mail di benvenuto al tuo indirizzo e-mail che richiede di <strong>attivare il tuo account<\/strong> . Ora dovresti essere in grado di accedere e iniziare il tuo viaggio SUCULTURE. Per assistenza, <span style=\"color: #ffcc00\"><a style=\"color: #ffcc00\" href=\"https:\/\/suculture.com\/contact\/\" target=\"_self\">contattaci<\/a><\/span> .<\/p><h5><strong>Nessuna notifica o e-mail di benvenuto?<\/strong><\/h5><p class=\" translation-block\">Controlla la tua cartella spam\/posta indesiderata e aggiungi <strong>noreply@suculture.com<\/strong> all&#039;elenco sicuro della tua email. Si prega di <a href=\"https:\/\/suculture.com\/contact\/\" target=\"_self\"><span style=\"color: #ffcc00\">contattarci<\/span><\/a> se si verificano ulteriori problemi.<\/p><h3><strong>Profili.<\/strong><\/h3><p>SUCULTURE \u00e8 stata concepita come una comunit\u00e0 in cui la fiducia, l&#039;interazione sicura e l&#039;interconnettivit\u00e0 contano. Facendo clic sulla bacheca e sul profilo di un membro vengono fornite diverse informazioni importanti:<\/p><ul><li>Informazioni sull&#039;utente, il suo nome utente preferito, il suo portfolio, i media, le preferenze musicali, ecc<\/li><li>La loro storia, da quanto tempo pubblicano su SUCULTURE, post attivi e discussioni, amici e recensioni.<\/li><\/ul><p>Questo aiuta a fornire una panoramica e approfondimenti importanti, aumenta la credibilit\u00e0 dei membri e della comunit\u00e0. Molto probabilmente il profilo di un utente non avr\u00e0 una &quot;cronologia utente&quot; se \u00e8 nuovo su SUCULTURE<\/p><h3><strong>Gestire la tua privacy.<\/strong><\/h3><p><strong>Aggiungere e modificare le informazioni del tuo profilo e scegliere con chi condividerle.<\/strong><\/p><p>Alcune delle informazioni sul tuo profilo SUCULTURE saranno visibili agli altri membri. Se sei preoccupato e desideri gestire le informazioni a cui le persone hanno accesso, vai al tuo profilo, fai clic sul menu a discesa e vai a Impostazioni profilo. Modifica, fare clic su &quot;Cambia&quot; e &quot;Salva<\/p><p class=\" translation-block\">I cambiamenti&quot;. Puoi anche limitare ci\u00f2 che pu\u00f2 essere visto sul tuo profilo al momento della <strong>registrazione.<\/strong><\/p><h3><strong>Account o problemi tecnici. <\/strong><\/h3><p class=\" translation-block\">Innanzitutto, ricontrolla per visualizzare la descrizione del messaggio di errore. In caso di dubbio <span style=\"color: #ffcc00\"><a style=\"color: #ffcc00\" href=\"https:\/\/suculture.com\/contact\/\" target=\"_self\">contattaci<\/a><\/span> per aiuto.<\/p><h5><strong>Messaggio di errore: nome utente.<\/strong><\/h5><p>In particolare, \u00e8 importante ricordare il tuo nome utente. Puoi accedere utilizzando sia il tuo nome utente che l&#039;indirizzo e-mail che hai fornito durante la registrazione. Se riscontri problemi tecnici durante il tentativo di accesso, controlla che il nome utente o l&#039;indirizzo email fornito al momento della registrazione sia stato inserito correttamente. Assicurarsi che i seguenti segni di punteggiatura\/errori non siano stati inclusi involontariamente; \u2013 virgola, punto e virgola, due punti, spazi o punti doppi\/extra.<\/p><p>Inoltre:<\/p><ul><li class=\" translation-block\">Controlla di aver inserito il nome di dominio corretto <em>, ad es.<\/em> .co.uk per .com<\/li><li class=\" translation-block\">Il tuo account \u00e8 stato creato con un indirizzo email diverso <em>, ad es.<\/em> un&#039;e-mail basata sul lavoro?<\/li><\/ul><p>Tieni presente che gli indirizzi e-mail su SUCULTURE di solito fanno distinzione tra maiuscole e minuscole; quindi mionome@mionome.com non \u00e8 in alcun modo identico a MioNome@MioNome.com.<\/p><h5><strong>Messaggio di errore: Notifica password errata.<\/strong><\/h5><p>Per proteggere efficacemente il tuo account, le password di SUCULTURE sono numeriche e con distinzione tra maiuscole e minuscole.<\/p><p class=\" translation-block\">Se riscontri difficolt\u00e0 nell&#039;utilizzo della tua password, ti consigliamo di reimpostarla facendo clic sul pulsante <strong>&quot;Hai perso la password?&quot;<\/strong> link, nella pagina Login e <strong>Reimposta password<\/strong> .<\/p><p class=\" translation-block\"><strong>Nota: proteggere il tuo account.<\/strong> Per aggiungere un ulteriore livello di protezione alla password del tuo account, dovresti considerare di includere almeno un numero o un carattere speciale (@,#,$, ecc.).<\/p><h5><strong>Problemi tecnici irrisolti o messaggi di errore.<\/strong><\/h5><p>Inoltre, se riscontri difficolt\u00e0 o non riesci ad accedere al tuo account SUCULTURE, potresti anche voler controllare quale antivirus o software di sicurezza hai installato sul tuo dispositivo.<\/p><ul><li>Ricontrolla per vedere se l&#039;antivirus, il software per la privacy o la sicurezza installato sul tuo dispositivo ha delle restrizioni e disabilitalo temporaneamente. Inoltre, potrebbe essere consigliabile includere SUCULTURE come sito attendibile sul tuo dispositivo mobile o computer.<\/li><\/ul><p class=\" translation-block\">Se riscontri ancora difficolt\u00e0, prova a cancellare i cookie e la cache; e in alternativa <span style=\"color: #ffcc00\">contattaci<\/span> . Siamo sempre felici di aiutare!<\/p><h3>Modificare il tuo post o messaggio?<\/h3><p><span style=\"font-weight: 400;\">Per modificare il tuo post, fai clic sul pulsante &quot;Modifica&quot; nella parte superiore del tuo post.\u00a0<\/span><\/p><p class=\" translation-block\"><span style=\"font-weight: 400\">Per un&#039;esperienza pi\u00f9 creativa, le immagini e il testo possono essere reattivi e i collegamenti ipertestuali possono essere incorporati in post o articoli. \u00c8 inoltre possibile caricare i collegamenti di YouTube. Fare clic su un&#039;immagine o su un testo, che alla fine porter\u00e0 a un collegamento esterno per ulteriori informazioni\/narrazione sull&#039;articolo\/argomento in questione. Consulta i nostri<\/span> <span style=\"color: #ffcc00\"><a style=\"color: #ffcc00\" href=\"https:\/\/suculture.com\/terms\/\" target=\"_self\"><span style=\"font-weight: 400\">Termini di utilizzo<\/span><\/a><\/span> <span style=\"font-weight: 400\">e<\/span> <b>le Politiche generali di pubblicazione<\/b> <span style=\"font-weight: 400\">prima di utilizzare il sito web di SUCULTURE. L&#039;uso continuato del sito Web SUCULTURE costituisce l&#039;accettazione di questi Termini e politiche.<\/span><\/p><h3>Modificare i tuoi dati personali?<\/h3><p class=\" translation-block\"><span style=\"font-weight: 400\">Rendi il tuo profilo la tua Landing Page! Vai al tuo profilo, fai clic sul menu a discesa e vai alle impostazioni. Fare clic su &quot;Impostazioni profilo&quot;; &quot;Impostazioni dell&#039;account&quot;; \u201cImpostazioni Widget\u201d<\/span> <b>;<\/b> <span style=\"font-weight: 400\">&quot;Cambia avatar&quot;; \u201cCambia Password\u201d, modifica e salva. Vedi sotto l&#039;immagine.<\/span><\/p><p><img fetchpriority=\"high\" decoding=\"async\" class=\"alignnone size-full wp-image-9250\" src=\"https:\/\/suculture.com\/wp-content\/uploads\/2022\/06\/homepage.jpg\" alt=\"\" width=\"904\" height=\"446\" srcset=\"https:\/\/suculture.com\/wp-content\/uploads\/2022\/06\/homepage.jpg 904w, https:\/\/suculture.com\/wp-content\/uploads\/2022\/06\/homepage-768x379.jpg 768w, https:\/\/suculture.com\/wp-content\/uploads\/2022\/06\/homepage-18x9.jpg 18w, https:\/\/suculture.com\/wp-content\/uploads\/2022\/06\/homepage-800x395.jpg 800w\" sizes=\"(max-width: 904px) 100vw, 904px\" \/><\/p><h3>Mettere una foto sul mio profilo?<\/h3><p class=\" translation-block\"><span style=\"font-weight: 400\">Vai al tuo profilo. Clicca su &#039;Impostazioni widget&#039;,<\/span> <span style=\"font-weight: 400\">\u2b04<\/span> <span style=\"font-weight: 400\">&#039;Informazioni personali&#039;, modifica, carica immagine e salva.<\/span><\/p><p class=\" translation-block\"><b>**<\/b> <b>Nota:<\/b> <span style=\"font-weight: 400\">per includere un&#039;immagine nell&#039;avatar del profilo o nella copertina del profilo, vai su Impostazioni. In alto a sinistra (vedi immagine sotto), fai clic sull&#039;icona Avatar profilo o sull&#039;icona Copertina profilo, allega immagine e salva.<\/span><\/p><p><span style=\"font-weight: 400;\">Puoi anche modificare e includere il tuo portfolio, competenze, progetti in corso o servizi, tramite le &quot;Impostazioni widget&quot; del tuo profilo.<\/span><\/p><p><img decoding=\"async\" class=\"alignleft size-full wp-image-8419\" src=\"https:\/\/suculture.com\/wp-content\/uploads\/2021\/12\/Picture-1.png\" alt=\"\" width=\"836\" height=\"704\" srcset=\"https:\/\/suculture.com\/wp-content\/uploads\/2021\/12\/Picture-1.png 836w, https:\/\/suculture.com\/wp-content\/uploads\/2021\/12\/Picture-1-768x647.png 768w, https:\/\/suculture.com\/wp-content\/uploads\/2021\/12\/Picture-1-800x674.png 800w\" sizes=\"(max-width: 836px) 100vw, 836px\" \/><b>** <\/b><b>Nota:<\/b> Puoi caricare le tue preferenze musicali e le immagini tramite la tua bacheca del profilo. Vedi sotto l&#039;immagine.<\/p><p><span style=\"font-weight: 400;\">Condividere il tuo profilo SUCULTURE sul tuo profilo\/biografia su Instagram, Twitter e Facebook contribuir\u00e0 a migliorare l&#039;esposizione del tuo marchio\/profilo e la tua reputazione online.<\/span><\/p><p><img decoding=\"async\" class=\"alignnone size-full wp-image-9251\" src=\"https:\/\/suculture.com\/wp-content\/uploads\/2022\/06\/profile.jpg\" alt=\"\" width=\"904\" height=\"718\" srcset=\"https:\/\/suculture.com\/wp-content\/uploads\/2022\/06\/profile.jpg 904w, https:\/\/suculture.com\/wp-content\/uploads\/2022\/06\/profile-768x610.jpg 768w, https:\/\/suculture.com\/wp-content\/uploads\/2022\/06\/profile-15x12.jpg 15w, https:\/\/suculture.com\/wp-content\/uploads\/2022\/06\/profile-800x635.jpg 800w\" sizes=\"(max-width: 904px) 100vw, 904px\" \/><\/p><h3><strong>Perch\u00e9 il mio post \u00e8 stato rimosso o eliminato?<\/strong><\/h3><p>Ci\u00f2 potrebbe significare che il tuo post ha violato una delle norme del nostro sito. Qui, di solito verr\u00e0 inviata una notifica al tuo indirizzo e-mail, informandoti della violazione della politica. Si prega di rivedere le nostre politiche generali di pubblicazione.<\/p><h3>Disattivazione del tuo account<\/h3><p class=\" translation-block\">Per fare questo Accedi al tuo account profilo. Fai clic sul menu a discesa e vai a &quot;Impostazioni account&quot;. Fai clic su &quot; <strong>Elimina account<\/strong> &quot;. Vedrai una schermata che ti informa sulle implicazioni dell&#039;eliminazione del tuo account SUCULTURE. Ci\u00f2 significher\u00e0 che l&#039;azione di disattivazione del tuo account diventer\u00e0 irreversibile e comporter\u00e0 che tutti i dettagli dell&#039;utente, i post e i media diventino non disponibili e irrecuperabili. Spunta il pulsante di conferma, indicando che hai capito questo. Il tuo account verr\u00e0 disattivato e riceverai un&#039;e-mail di conferma.<\/p><h3>L&#039;iscrizione \u00e8 gratuita?<\/h3><p><span style=\"font-weight: 400;\">Iscrizione attiva <\/span><span style=\"font-weight: 400;\">SUCULTURA<\/span> <span style=\"font-weight: 400;\">\u00c8<\/span><span style=\"font-weight: 400;\"> gratuito. Puoi essere coinvolto in discussioni su una serie di argomenti sociali di tendenza, porre domande, condividere i tuoi interessi sui forum\/piattaforme pertinenti. Puoi anche mettere mi piace, scrivere articoli, avviare richieste di amicizia e rispondere a messaggi privati (&quot;PM&quot;).<\/span><\/p><h3><b>Il programma partner SUCULTURE:\u00a0<\/b><\/h3><p><span style=\"font-weight: 400;\">I Mi piace su SUCULTURE consentono ai lettori di mostrare supporto e apprezzamento per un post o un articolo di SUCULTURE.\u00a0<\/span><\/p><p><span style=\"font-weight: 400;\">Il SUCULTURE Partner Program \u00e8 un modo unico per premiare gli scrittori sui forum e sulla piattaforma. I guadagni del SUCULTURE Partner Program possono essere visualizzati in termini di metriche di input\/output e popolarit\u00e0 dell&#039;articolo di un membro. Condividere post o articoli interessanti e pertinenti nei forum pertinenti \u00e8 un modo sicuro per i lettori di mostrare apprezzamento e consigliarlo ai propri follower.\u00a0<\/span><\/p><p><span style=\"font-weight: 400;\">La natura ponderata di visualizzazioni, Mi piace, popolarit\u00e0 e influenza sono un buon indicatore dei guadagni per storia o articolo.\u00a0<\/span><\/p><p><span style=\"color: #ffcc00;\"><a style=\"color: #ffcc00;\" href=\"https:\/\/suculture.com\/it\/register\/\"><span style=\"font-weight: 400;\">Iscrizione<\/span><\/a><\/span><span style=\"font-weight: 400;\">\u00a0per l&#039;iscrizione GRATUITA e goditi i vantaggi di SUCULTURE.<\/span><\/p><p>************<\/p><h3><strong>Norme generali sulla pubblicazione.<\/strong><\/h3><h5><strong>Evitare la discriminazione.<\/strong><\/h5><p>Tutti si aspettano ed \u00e8 degno del massimo decoro e deferenza. Questa inalienabilit\u00e0 \u00e8 sancita non solo dalle leggi naturali, ma anche dall&#039;etica e dai codici umani. Pertanto, SUCULTURE disapprova la discriminazione in tutte le sue forme e ci aspettiamo che ci\u00f2 si rifletta nello spirito e nella lettera dei vostri post; dando a tutti pari accesso ai vantaggi del sito. Questo \u00e8 il codice SUCULTURA.<\/p><h4>Segnalazione<\/h4><p class=\" translation-block\">In SUCULTURE, dipendiamo dalla nostra comunit\u00e0 per garantire che tutto funzioni senza problemi e per mantenere tutto come dovrebbe essere. Questo pu\u00f2 essere fatto contrassegnando un messaggio per la revisione, utilizzando la sezione <span style=\"color: #ffcc00\"><a style=\"color: #ffcc00\" href=\"https:\/\/suculture.com\/report\/\" target=\"_self\">Segnala abuso<\/a><\/span> . Mireremo a lavorare con l&#039;autore per aiutare a fare le cose per bene. Inutile dire che ci riserviamo il diritto, a nostra discrezione, di rifiutare o eliminare i contenuti che riteniamo inappropriati e che violano l&#039;etica della comunit\u00e0, le <strong>Politiche generali di pubblicazione<\/strong> e le <span style=\"color: #ffcc00\"><a style=\"color: #ffcc00\" href=\"https:\/\/suculture.com\/terms\/\" target=\"_self\">Condizioni d&#039;uso<\/a><\/span> . Oltre a ci\u00f2, ci riserviamo il diritto, a nostra discrezione, di limitare l&#039;uso continuato del sito da parte di un utente su base temporanea o permanente e il rifiuto della nuova registrazione di un utente.<\/p><h5>Segnalazione di attivit\u00e0 non corrette: se hai visto qualcosa che viola la nostra Politica generale sulla pubblicazione e le Condizioni d&#039;uso.<\/h5><p>Fai clic sul pulsante &quot;Segnala abuso&quot; visualizzato a lato della pagina e indagheremo ulteriormente sulla violazione.<\/p><h5>Segnalazione di cattiva attivit\u00e0: se hai trovato contenuti sul sito che sembrano offensivi, diffamatori o inappropriati.<\/h5><p class=\" translation-block\">Fare clic sul pulsante &quot; <span style=\"color: #ffcc00\"><a style=\"color: #ffcc00\" href=\"https:\/\/suculture.com\/report\/\" target=\"_self\">Segnala abuso<\/a><\/span> &quot;. Compila i dettagli; o contattaci tramite la nostra <span style=\"color: #ffcc00\"><a style=\"color: #ffcc00\" href=\"https:\/\/suculture.com\/contact\/\" target=\"_self\">pagina di contatto<\/a><\/span> e cercheremo di agire tempestivamente.<\/p><h5><strong>Importante, si prega di prendere in considerazione le seguenti linee guida prima di pubblicare:<\/strong><\/h5><p>L&#039;obiettivo finale di SUCULTURE \u00e8 garantire che la comunit\u00e0 SUCULTURE rimanga al sicuro per tutti i suoi membri, sia giovani che anziani. SUCULTURE vieta qualsiasi post, articolo o discussione che sia pericoloso o illegale, in conformit\u00e0 con le leggi e i regolamenti applicabili. SUCULTURE vieta tutti i post o gli articoli che promuovono odio, discriminazione o stereotipi di qualsiasi tipo o contro un particolare gruppo di persone.<\/p><p><img decoding=\"async\" class=\"emoji\" role=\"img\" draggable=\"false\" src=\"https:\/\/s.w.org\/images\/core\/emoji\/14.0.0\/svg\/1f7e1.svg\" alt=\"\ud83d\udfe1\" \/> <u>Tutti i post devono essere elencati nella categoria\/forum pi\u00f9 appropriato<\/u>.<\/p><h5><strong>Per le norme del Marketplace:<\/strong><\/h5><p class=\" translation-block\">Vedere &#039;Annunci&#039; elencati nella parte superiore della sezione <strong>FORUM<\/strong> .<\/p><h3><strong><u>SUCULTURA durante il COVID-19<\/u><\/strong><\/h3><p><span style=\"font-weight: 400;\">La salute e il benessere della nostra comunit\u00e0 \u00e8 la nostra massima priorit\u00e0. Consapevoli della pandemia di nuovo coronavirus in corso, incoraggiamo attivamente la nostra comunit\u00e0 a seguire i pertinenti consigli pubblici sulle misure di sicurezza e sulla pandemia; per proteggere la famiglia e gli amici.<\/span><\/p><p><span style=\"font-weight: 400;\">SUCULTURE \u00e8 una comunit\u00e0 inestimabile e sollecitiamo i membri a sostenersi a vicenda, creando hub e reti interattivi di supporto locale, controllando i vicini e coloro che sono vulnerabili. Fare la spesa o raccogliere generi alimentari per gli altri: vivere, respirare e praticare il benessere e uno stile di vita positivo.\u00a0<\/span><\/p><p><span style=\"font-weight: 400;\">SUCULTURE si impegna a garantire una comunit\u00e0 vivace e a sostenersi a vicenda in un ambiente positivo, trasformativo e sicuro.<\/span><\/p>\t\t\t\t\t\t<\/div>\n\t\t\t\t<\/div>\n\t\t\t\t\t<\/div>\n\t\t<\/div>\n\t\t\t\t\t\t\t<\/div>\n\t\t<\/section>\n\t\t\t\t\t\t\t<\/div>","protected":false},"excerpt":{"rendered":"<p>Come pu\u00f2 aiutare la SUCULTURA? Comprendere la SUCULTURA. Per facilitare la navigazione tra gli argomenti e gli articoli sul sito web di SUCULTURE, e... <a class=\"more-link\" href=\"https:\/\/suculture.com\/it\/faq\/\">Continua a leggere \u2192<\/a><\/p>","protected":false},"author":1,"featured_media":0,"parent":0,"menu_order":0,"comment_status":"closed","ping_status":"closed","template":"","meta":{"_bbp_topic_count":0,"_bbp_reply_count":0,"_bbp_total_topic_count":0,"_bbp_total_reply_count":0,"_bbp_voice_count":0,"_bbp_anonymous_reply_count":0,"_bbp_topic_count_hidden":0,"_bbp_reply_count_hidden":0,"_bbp_forum_subforum_count":0},"yoast_head":"<!-- This site is optimized with the Yoast SEO plugin v19.6 - https:\/\/yoast.com\/wordpress\/plugins\/seo\/ -->\n<title>Common Questions - SUCULTURE<\/title>\n<meta name=\"robots\" content=\"index, follow, max-snippet:-1, max-image-preview:large, max-video-preview:-1\" \/>\n<link rel=\"canonical\" href=\"https:\/\/suculture.com\/it\/faq\/\" \/>\n<meta property=\"og:locale\" content=\"it_IT\" \/>\n<meta property=\"og:type\" content=\"article\" \/>\n<meta property=\"og:title\" content=\"Common Questions - SUCULTURE\" \/>\n<meta property=\"og:description\" content=\"How can SUCULTURE help? Understanding SUCULTURE. For ease of navigating through the topics and articles on the SUCULTURE website, and ... Continue reading \u2192\" \/>\n<meta property=\"og:url\" content=\"https:\/\/suculture.com\/it\/faq\/\" \/>\n<meta property=\"og:site_name\" content=\"SUCULTURE\" \/>\n<meta property=\"article:modified_time\" content=\"2022-06-25T19:34:10+00:00\" \/>\n<meta property=\"og:image\" content=\"https:\/\/suculture.com\/wp-content\/uploads\/2022\/06\/homepage.jpg\" \/>\n<meta name=\"twitter:card\" content=\"summary_large_image\" \/>\n<meta name=\"twitter:label1\" content=\"Tempo di lettura stimato\" \/>\n\t<meta name=\"twitter:data1\" content=\"9 minuti\" \/>\n<script type=\"application\/ld+json\" class=\"yoast-schema-graph\">{\"@context\":\"https:\/\/schema.org\",\"@graph\":[{\"@type\":\"WebPage\",\"@id\":\"https:\/\/suculture.com\/faq\/\",\"url\":\"https:\/\/suculture.com\/faq\/\",\"name\":\"Common Questions - SUCULTURE\",\"isPartOf\":{\"@id\":\"https:\/\/suculture.com\/#website\"},\"datePublished\":\"2017-04-08T12:14:06+00:00\",\"dateModified\":\"2022-06-25T19:34:10+00:00\",\"breadcrumb\":{\"@id\":\"https:\/\/suculture.com\/faq\/#breadcrumb\"},\"inLanguage\":\"it-IT\",\"potentialAction\":[{\"@type\":\"ReadAction\",\"target\":[\"https:\/\/suculture.com\/faq\/\"]}]},{\"@type\":\"BreadcrumbList\",\"@id\":\"https:\/\/suculture.com\/faq\/#breadcrumb\",\"itemListElement\":[{\"@type\":\"ListItem\",\"position\":1,\"name\":\"Home\",\"item\":\"https:\/\/suculture.com\/\"},{\"@type\":\"ListItem\",\"position\":2,\"name\":\"Common Questions\"}]},{\"@type\":\"WebSite\",\"@id\":\"https:\/\/suculture.com\/#website\",\"url\":\"https:\/\/suculture.com\/\",\"name\":\"SUCULTURE\",\"description\":\"A Unified Online Ecosystem\",\"publisher\":{\"@id\":\"https:\/\/suculture.com\/#organization\"},\"potentialAction\":[{\"@type\":\"SearchAction\",\"target\":{\"@type\":\"EntryPoint\",\"urlTemplate\":\"https:\/\/suculture.com\/?s={search_term_string}\"},\"query-input\":\"required name=search_term_string\"}],\"inLanguage\":\"it-IT\"},{\"@type\":\"Organization\",\"@id\":\"https:\/\/suculture.com\/#organization\",\"name\":\"SUCULTURE\",\"url\":\"https:\/\/suculture.com\/\",\"sameAs\":[],\"logo\":{\"@type\":\"ImageObject\",\"inLanguage\":\"it-IT\",\"@id\":\"https:\/\/suculture.com\/#\/schema\/logo\/image\/\",\"url\":\"https:\/\/suculture.com\/wp-content\/uploads\/2020\/10\/dark_logo.png\",\"contentUrl\":\"https:\/\/suculture.com\/wp-content\/uploads\/2020\/10\/dark_logo.png\",\"width\":1000,\"height\":195,\"caption\":\"SUCULTURE\"},\"image\":{\"@id\":\"https:\/\/suculture.com\/#\/schema\/logo\/image\/\"}}]}<\/script>\n<!-- \/ Yoast SEO plugin. -->","yoast_head_json":{"title":"Common Questions - SUCULTURE","robots":{"index":"index","follow":"follow","max-snippet":"max-snippet:-1","max-image-preview":"max-image-preview:large","max-video-preview":"max-video-preview:-1"},"canonical":"https:\/\/suculture.com\/it\/faq\/","og_locale":"it_IT","og_type":"article","og_title":"Common Questions - SUCULTURE","og_description":"How can SUCULTURE help? Understanding SUCULTURE. For ease of navigating through the topics and articles on the SUCULTURE website, and ... Continue reading \u2192","og_url":"https:\/\/suculture.com\/it\/faq\/","og_site_name":"SUCULTURE","article_modified_time":"2022-06-25T19:34:10+00:00","og_image":[{"url":"https:\/\/suculture.com\/wp-content\/uploads\/2022\/06\/homepage.jpg"}],"twitter_card":"summary_large_image","twitter_misc":{"Tempo di lettura stimato":"9 minuti"},"schema":{"@context":"https:\/\/schema.org","@graph":[{"@type":"WebPage","@id":"https:\/\/suculture.com\/faq\/","url":"https:\/\/suculture.com\/faq\/","name":"Common Questions - SUCULTURE","isPartOf":{"@id":"https:\/\/suculture.com\/#website"},"datePublished":"2017-04-08T12:14:06+00:00","dateModified":"2022-06-25T19:34:10+00:00","breadcrumb":{"@id":"https:\/\/suculture.com\/faq\/#breadcrumb"},"inLanguage":"it-IT","potentialAction":[{"@type":"ReadAction","target":["https:\/\/suculture.com\/faq\/"]}]},{"@type":"BreadcrumbList","@id":"https:\/\/suculture.com\/faq\/#breadcrumb","itemListElement":[{"@type":"ListItem","position":1,"name":"Home","item":"https:\/\/suculture.com\/"},{"@type":"ListItem","position":2,"name":"Common Questions"}]},{"@type":"WebSite","@id":"https:\/\/suculture.com\/#website","url":"https:\/\/suculture.com\/","name":"SUCULTURE","description":"A Unified Online Ecosystem","publisher":{"@id":"https:\/\/suculture.com\/#organization"},"potentialAction":[{"@type":"SearchAction","target":{"@type":"EntryPoint","urlTemplate":"https:\/\/suculture.com\/?s={search_term_string}"},"query-input":"required name=search_term_string"}],"inLanguage":"it-IT"},{"@type":"Organization","@id":"https:\/\/suculture.com\/#organization","name":"SUCULTURE","url":"https:\/\/suculture.com\/","sameAs":[],"logo":{"@type":"ImageObject","inLanguage":"it-IT","@id":"https:\/\/suculture.com\/#\/schema\/logo\/image\/","url":"https:\/\/suculture.com\/wp-content\/uploads\/2020\/10\/dark_logo.png","contentUrl":"https:\/\/suculture.com\/wp-content\/uploads\/2020\/10\/dark_logo.png","width":1000,"height":195,"caption":"SUCULTURE"},"image":{"@id":"https:\/\/suculture.com\/#\/schema\/logo\/image\/"}}]}},"_links":{"self":[{"href":"https:\/\/suculture.com\/it\/wp-json\/wp\/v2\/pages\/804"}],"collection":[{"href":"https:\/\/suculture.com\/it\/wp-json\/wp\/v2\/pages"}],"about":[{"href":"https:\/\/suculture.com\/it\/wp-json\/wp\/v2\/types\/page"}],"author":[{"embeddable":true,"href":"https:\/\/suculture.com\/it\/wp-json\/wp\/v2\/users\/1"}],"replies":[{"embeddable":true,"href":"https:\/\/suculture.com\/it\/wp-json\/wp\/v2\/comments?post=804"}],"version-history":[{"count":36,"href":"https:\/\/suculture.com\/it\/wp-json\/wp\/v2\/pages\/804\/revisions"}],"predecessor-version":[{"id":9257,"href":"https:\/\/suculture.com\/it\/wp-json\/wp\/v2\/pages\/804\/revisions\/9257"}],"wp:attachment":[{"href":"https:\/\/suculture.com\/it\/wp-json\/wp\/v2\/media?parent=804"}],"curies":[{"name":"wp","href":"https:\/\/api.w.org\/{rel}","templated":true}]}}