{"id":1950,"date":"2018-10-17T14:53:09","date_gmt":"2018-10-17T14:53:09","guid":{"rendered":"https:\/\/suculture.com\/?page_id=1950"},"modified":"2023-03-11T05:14:08","modified_gmt":"2023-03-11T05:14:08","slug":"terms","status":"publish","type":"page","link":"https:\/\/suculture.com\/it\/terms\/","title":{"rendered":"Condizioni d&#039;uso"},"content":{"rendered":"<div data-elementor-type=\"wp-page\" data-elementor-id=\"1950\" class=\"elementor elementor-1950\">\n\t\t\t\t\t\t\t\t\t<section class=\"elementor-section elementor-top-section elementor-element elementor-element-6680711d elementor-section-boxed elementor-section-height-default elementor-section-height-default\" data-id=\"6680711d\" data-element_type=\"section\">\n\t\t\t\t\t\t<div class=\"elementor-container elementor-column-gap-default\">\n\t\t\t\t\t<div class=\"elementor-column elementor-col-100 elementor-top-column elementor-element elementor-element-6e47ba68\" data-id=\"6e47ba68\" data-element_type=\"column\">\n\t\t\t<div class=\"elementor-widget-wrap elementor-element-populated\">\n\t\t\t\t\t\t\t\t<div class=\"elementor-element elementor-element-3f651e9e elementor-widget elementor-widget-text-editor\" data-id=\"3f651e9e\" data-element_type=\"widget\" data-widget_type=\"text-editor.default\">\n\t\t\t\t<div class=\"elementor-widget-container\">\n\t\t\t\t\t\t\t<p style=\"text-align: justify;\"><strong>SI PREGA DI LEGGERE ATTENTAMENTE QUESTE CONDIZIONI D&#039;USO PRIMA DI UTILIZZARE QUESTO SITO WEB.<\/strong><\/p>\n<p style=\"text-align: justify;\">Questa pagina Web descrive in dettaglio i termini di un accordo legale (i &quot;Termini di utilizzo&quot;) tra l&#039;utente e SUCULTURE, che discipliner\u00e0 il modo in cui l&#039;utente utilizza SUCULTURE e i servizi associati. Accedendo a questo sito Web, facendo clic sul pulsante &quot;Crea account&quot; durante la registrazione di un account SUCULTURE, inclusa la pubblicazione di un annuncio o un commento; riconosci di aver letto e compreso i Termini di utilizzo e, dopo aver letto e compreso i Termini di utilizzo, accetti volontariamente di essere vincolato dai Termini di utilizzo. Accetti inoltre di rispettare tutte le leggi e i regolamenti applicabili all&#039;uso di questo sito Web, all&#039;uso di Internet e alle attivit\u00e0 coinvolte nell&#039;utilizzo di questo sito Web. Se non sei d&#039;accordo con le presenti Condizioni d&#039;uso, non utilizzare questo sito web.<\/p>\n<p style=\"text-align: justify;\"><strong>Uso del sito web<\/strong><\/p>\n<p style=\"text-align: justify;\">Puoi accedere alla nostra home page e navigare nel nostro sito senza divulgare i tuoi dati personali salvare le informazioni raccolte dai cookie che utilizziamo, web beacon e altre tecnologie simili per archiviare informazioni per fornire un&#039;esperienza migliore, pi\u00f9 veloce e pi\u00f9 sicura e per la pubblicit\u00e0 scopi.<\/p>\n<p style=\"text-align: justify;\">In relazione all&#039;utilizzo di questo sito Web: (a) non interferirai o interromperai l&#039;uso del sito Web; (b) falsificare intestazioni o manipolare in qualsiasi modo gli identificatori al fine di dissimulare l&#039;origine di qualsiasi informazione; (c) caricare, pubblicare, trasmettere, pubblicare o distribuire qualsiasi materiale che violi, violi, violi o in altro modo contravviene ai diritti di SUCULTURE, inclusi copyright, marchi, brevetti, diritti di privacy o pubblicit\u00e0 o qualsiasi altro diritto di propriet\u00e0; (d) utilizzare o tentare di utilizzare il sito Web o qualsiasi informazione in qualsiasi modo non consentito o in modo tale da ottenere l&#039;accesso o l&#039;accesso non autorizzati al sito Web\/sistemi informatici di qualsiasi altra persona o entit\u00e0; o (e) caricare, pubblicare, trasmettere, pubblicare o distribuire qualsiasi materiale o informazione che costituisca o incoraggi una condotta che potrebbe costituire un reato penale, dar luogo ad altre responsabilit\u00e0 o violare in altro modo le leggi applicabili.<strong>&nbsp;<\/strong><\/p>\n<p style=\"text-align: justify;\"><strong>Esclusione di garanzia e responsabilit\u00e0<\/strong><\/p>\n<p style=\"text-align: justify;\">Le seguenti disposizioni possono essere limitate o non consentite dalle leggi di alcune giurisdizioni. In tali casi, i termini del presente documento devono essere letti come escludenti o limitativi di tale termine in modo da soddisfare tale legge. Non dichiariamo n\u00e9 garantiamo che le informazioni accessibili tramite questo sito Web siano accurate, complete o aggiornate. Non ci assumiamo alcuna responsabilit\u00e0 in relazione all&#039;uso che fai di tali informazioni.<\/p>\n<p style=\"text-align: justify;\">Le informazioni fornite su questo sito Web non sono state scritte per soddisfare le tue esigenze individuali ed \u00e8 tua esclusiva responsabilit\u00e0 accertarti prima dell&#039;uso delle informazioni o dei servizi da questo sito Web che siano adatti ai tuoi scopi.<\/p>\n<p style=\"text-align: justify;\">Sebbene facciamo tutti i ragionevoli tentativi per escludere i virus dal sito web, non possiamo garantire tale esclusione e nessuna responsabilit\u00e0 \u00e8 accettata per i virus. Pertanto, si consiglia di prendere tutte le precauzioni appropriate prima di scaricare informazioni o immagini da questo sito Web, incluso l&#039;accesso ai servizi SUCULTURE da un dispositivo mobile e l&#039;utilizzo di un&#039;applicazione mobile SUCULTURE.<\/p>\n<p style=\"text-align: justify;\">Tutte le garanzie, esplicite o implicite, legali o di altro tipo sono escluse.<\/p>\n<p style=\"text-align: justify;\"><strong>Indennizzo<\/strong>&nbsp;<\/p>\n<p style=\"text-align: justify;\">Dovrai indennizzare noi (questo include qualsiasi nostro dipendente) e tenerci indenni e tenerci inoffensivi da e contro qualsiasi tipo di danno e in qualsiasi modo derivante incluso, senza limitazione, perdita di profitti, compensativa, consequenziale, diretta, esemplare, incidentale, indiretta , punitivi o speciali, danni o qualsiasi responsabilit\u00e0 che potresti avere nei confronti di terzi, anche se siamo stati informati della possibilit\u00e0 di tale perdita.<\/p>\n<p style=\"text-align: justify;\">In nessun caso siamo responsabili per qualsiasi descrizione del post: informazioni illegali, minacciose, abusive, diffamatorie, oscene o indecenti, o materiale di qualsiasi tipo che violi o violi i diritti di qualsiasi altra parte, incluse, a titolo esemplificativo, eventuali trasmissioni costituenti o incoraggianti condotta che costituirebbe un reato penale, darebbe luogo a responsabilit\u00e0 civile o violerebbe in altro modo qualsiasi legge applicabile.<\/p>\n<p style=\"text-align: justify;\">In merito a eventuali controversie tra te e qualsiasi altro utente di SUCULTURE, esoneri noi (e i nostri funzionari, direttori, agenti, sussidiarie, joint venture e dipendenti) da qualsiasi pretesa, pretesa e danno (reale e consequenziale) di ogni tipo e natura , noti o sconosciuti, derivanti da o in qualsiasi modo collegati a tali controversie.<\/p>\n<p style=\"text-align: justify;\">SUCULTURE si riserva espressamente il diritto di rimuovere contenuti, disabilitare o revocare i privilegi di iscrizione, in tutto o in parte, e\/o negare, limitare, sospendere o interrompere l&#039;accesso a tutti o parte dei Servizi SUCULTURE, se SUCULTURE determina a sua esclusiva discrezione , che si \u00e8 verificato un atto ritenuto inappropriato in violazione delle disposizioni del presente Accordo sui Termini di utilizzo, in particolare se sul tuo account si verificano attivit\u00e0 che rappresentano una minaccia per SUCULTURE, Utenti e\/o il pubblico, possono causare danni o una violazione del Servizi, viola qualsiasi diritto di terzi e, in particolare, viola qualsiasi legge o regolamento applicabile.<\/p>\n<p style=\"text-align: justify;\">SUCULTURE non si assume alcuna responsabilit\u00e0 per la mancata prestazione o per l&#039;incapacit\u00e0 da parte nostra di rispettare questi termini, in circostanze in cui tali incidenti sono ragionevolmente al di fuori del nostro controllo. Inoltre, i servizi SUCULTURE e la tua capacit\u00e0 di accedere ai servizi sono forniti &quot;cos\u00ec come sono&quot; e SUCULTURE declina espressamente tutte le garanzie, esplicite o implicite relative al tuo accesso, funzionamento e disponibilit\u00e0 dei nostri siti, servizi, applicazioni o strumenti e utilizzo .<\/p>\n<p style=\"text-align: justify;\"><strong>Mediazione dei conflitti.<\/strong><\/p>\n<p style=\"text-align: justify;\">Tutte le parti del presente accordo sono considerate un &quot;accordo scritto di mediazione&quot; e si applicano a tutti gli Utenti dei Servizi SUCULTURE. Tu e SUCULTURE concordate che intendiamo che il presente Accordo e i Termini qui contenuti soddisfino il requisito di &quot;scrittura&quot; dell&#039;avviso di mediazione e si applicheranno a tutte le controversie applicabili tra voi e SUCULTURE. Questo &quot;Accordo di mediazione&quot; pu\u00f2 essere modificato o risolto solo previo accordo reciproco tra te e SUCULTURE.<\/p>\n<p style=\"text-align: justify;\"><strong>Primo: prova a risolvere<\/strong>. Se tu o SUCULTURE venite a conoscenza di una Controversia, allora voi e SUCULTURE accettate di inviare prima una comunicazione scritta all&#039;altro, fornendo i dettagli di detta Controversia, insieme a una proposta di risoluzione della questione. La nostra notifica verr\u00e0 inviata in base alle informazioni di contatto pi\u00f9 recenti che ci hai fornito. Tuttavia, se tali informazioni non esistono o se tali informazioni non sono aggiornate o accurate, SUCULTURE non avr\u00e0 ulteriori obblighi ai sensi del presente accordo. I tentativi di risoluzione saranno effettuati in buona fede, ma nulla in questo accordo sar\u00e0 interpretato come una richiesta da parte tua o di SUCULTURE di risolvere la controversia in termini che non siano reciprocamente amichevoli.<\/p>\n<p style=\"text-align: justify;\"><strong>Mediazione della maggior parte delle controversie<\/strong>. Se non siamo in grado di risolvere una controversia come stabilito nel presente documento entro sessanta (60) giorni dal ricevimento della notifica, entrambi accettiamo di sottoporre la controversia a una mediazione formale.<\/p>\n<p style=\"text-align: justify;\">La mediazione offre una rapida risoluzione delle controversie, in contrasto con l&#039;avvio di un lungo procedimento giudiziario. Tutte le parti della mediazione avranno diritto alle proprie spese. La decisione del Mediatore deve consistere in una dichiarazione scritta che delinei la posizione di ciascuna domanda della Controversia e deve fornire una dichiarazione dei risultati e delle conclusioni essenziali su cui si basa la decisione e l&#039;eventuale aggiudicazione.<\/p>\n<p style=\"text-align: justify;\"><strong>Giurisdizione e diritto applicabile<\/strong><\/p>\n<p style=\"text-align: justify;\">Questi termini e la dichiarazione di non responsabilit\u00e0 e qualsiasi reclamo basato sull&#039;uso delle informazioni da questo sito Web saranno regolati e interpretati in conformit\u00e0 con la &quot;legge inglese&quot; e le &quot;leggi dell&#039;Inghilterra e del Galles&quot; con la giurisdizione dell&#039;&quot;Alta Corte di Londra&quot;, e, SUCULTURE pu\u00f2 scegliere di far rispettare qualsiasi decisione nei tribunali locali.<\/p>\n<p style=\"text-align: justify;\"><strong>Indagini<\/strong><\/p>\n<p style=\"text-align: justify;\">In caso di domande o dubbi sulla nostra politica sulla privacy o sul modo in cui gestiamo la nostra attivit\u00e0, contattaci all&#039;indirizzo info@suculture.com.<\/p>\n<p style=\"text-align: justify;\"><strong>Termini, modifiche e risoluzione<\/strong><\/p>\n<p style=\"text-align: justify;\"><strong>SI PREGA DI NOTARE CHE I TERMINI DEL PRESENTE CONTRATTO SONO SOGGETTI A MODIFICA DA <\/strong><strong>SUCULTURA <\/strong><strong>A SUA ESCLUSIVA DISCREZIONE DI VOLTA IN VOLTA. <\/strong><\/p>\n<p style=\"text-align: justify;\">Ci\u00f2 pu\u00f2 includere aggiornamenti alla funzionalit\u00e0 dei nostri Servizi o servizi gestiti dalle nostre affiliate o in caso di importanti modifiche normative.<\/p>\n<p style=\"text-align: justify;\">Utilizzeremo tutti gli sforzi ragionevoli per informare tutti gli utenti di eventuali modifiche sostanziali ai presenti Termini, ad esempio tramite notifiche su SUCULTURE e tramite l&#039;ultimo indirizzo e-mail che ci hai fornito in linea con i Termini qui riportati.<\/p>\n<p style=\"text-align: justify;\">Quando vengono apportate modifiche, SUCULTURE render\u00e0 disponibile una nuova copia dell&#039;Accordo sui Termini di utilizzo sul sito Web SUCULTURE. Aggiorneremo anche la data &quot;Ultimo aggiornamento&quot; nella parte superiore dell&#039;Accordo sui Termini di utilizzo.<\/p>\n<p style=\"text-align: justify;\">Di conseguenza, tutti gli aggiornamenti sono datati nella parte superiore del presente Accordo sui Termini di utilizzo, che riflette la data di entrata in vigore di tali Termini (&quot;l&#039;ultimo aggiornamento&quot;). Qualsiasi modifica alle Condizioni d&#039;uso entrer\u00e0 in vigore immediatamente per tutti i membri del sito Web SUCULTURE.<\/p>\n<p style=\"text-align: justify;\">L&#039;uso continuato dei Servizi SUCULTURE dopo l&#039;avviso e la data dei nuovi Termini costituisce l&#039;accettazione di tali nuovi Termini e modifiche. Se non si accettano i nuovi Termini o eventuali modifiche, \u00e8 necessario interrompere l&#039;accesso o l&#039;utilizzo di questo sito Web.<\/p>\t\t\t\t\t\t<\/div>\n\t\t\t\t<\/div>\n\t\t\t\t\t<\/div>\n\t\t<\/div>\n\t\t\t\t\t\t\t<\/div>\n\t\t<\/section>\n\t\t\t\t\t\t\t<\/div>","protected":false},"excerpt":{"rendered":"<p>SI PREGA DI LEGGERE ATTENTAMENTE I PRESENTI TERMINI DI UTILIZZO PRIMA DI UTILIZZARE QUESTO SITO WEB. Questa pagina web descrive in dettaglio i termini di un accordo legale... <a class=\"more-link\" href=\"https:\/\/suculture.com\/it\/terms\/\">Continua a leggere \u2192<\/a><\/p>","protected":false},"author":1,"featured_media":0,"parent":0,"menu_order":0,"comment_status":"closed","ping_status":"closed","template":"","meta":{"_bbp_topic_count":0,"_bbp_reply_count":0,"_bbp_total_topic_count":0,"_bbp_total_reply_count":0,"_bbp_voice_count":0,"_bbp_anonymous_reply_count":0,"_bbp_topic_count_hidden":0,"_bbp_reply_count_hidden":0,"_bbp_forum_subforum_count":0},"yoast_head":"<!-- This site is optimized with the Yoast SEO plugin v19.6 - https:\/\/yoast.com\/wordpress\/plugins\/seo\/ -->\n<title>Terms of Use - SUCULTURE<\/title>\n<meta name=\"robots\" content=\"index, follow, max-snippet:-1, max-image-preview:large, max-video-preview:-1\" \/>\n<link rel=\"canonical\" href=\"https:\/\/suculture.com\/it\/terms\/\" \/>\n<meta property=\"og:locale\" content=\"it_IT\" \/>\n<meta property=\"og:type\" content=\"article\" \/>\n<meta property=\"og:title\" content=\"Terms of Use - SUCULTURE\" \/>\n<meta property=\"og:description\" content=\"PLEASE READ THESE TERMS OF USE CAREFULLY BEFORE USING THIS WEBSITE. This web-page details the terms of a legal agreement ... Continue reading \u2192\" \/>\n<meta property=\"og:url\" content=\"https:\/\/suculture.com\/it\/terms\/\" \/>\n<meta property=\"og:site_name\" content=\"SUCULTURE\" \/>\n<meta property=\"article:modified_time\" content=\"2023-03-11T05:14:08+00:00\" \/>\n<meta name=\"twitter:card\" content=\"summary_large_image\" \/>\n<meta name=\"twitter:label1\" content=\"Tempo di lettura stimato\" \/>\n\t<meta name=\"twitter:data1\" content=\"7 minuti\" \/>\n<script type=\"application\/ld+json\" class=\"yoast-schema-graph\">{\"@context\":\"https:\/\/schema.org\",\"@graph\":[{\"@type\":\"WebPage\",\"@id\":\"https:\/\/suculture.com\/terms\/\",\"url\":\"https:\/\/suculture.com\/terms\/\",\"name\":\"Terms of Use - SUCULTURE\",\"isPartOf\":{\"@id\":\"https:\/\/suculture.com\/#website\"},\"datePublished\":\"2018-10-17T14:53:09+00:00\",\"dateModified\":\"2023-03-11T05:14:08+00:00\",\"breadcrumb\":{\"@id\":\"https:\/\/suculture.com\/terms\/#breadcrumb\"},\"inLanguage\":\"it-IT\",\"potentialAction\":[{\"@type\":\"ReadAction\",\"target\":[\"https:\/\/suculture.com\/terms\/\"]}]},{\"@type\":\"BreadcrumbList\",\"@id\":\"https:\/\/suculture.com\/terms\/#breadcrumb\",\"itemListElement\":[{\"@type\":\"ListItem\",\"position\":1,\"name\":\"Home\",\"item\":\"https:\/\/suculture.com\/\"},{\"@type\":\"ListItem\",\"position\":2,\"name\":\"Terms of Use\"}]},{\"@type\":\"WebSite\",\"@id\":\"https:\/\/suculture.com\/#website\",\"url\":\"https:\/\/suculture.com\/\",\"name\":\"SUCULTURE\",\"description\":\"A Unified Online Ecosystem\",\"publisher\":{\"@id\":\"https:\/\/suculture.com\/#organization\"},\"potentialAction\":[{\"@type\":\"SearchAction\",\"target\":{\"@type\":\"EntryPoint\",\"urlTemplate\":\"https:\/\/suculture.com\/?s={search_term_string}\"},\"query-input\":\"required name=search_term_string\"}],\"inLanguage\":\"it-IT\"},{\"@type\":\"Organization\",\"@id\":\"https:\/\/suculture.com\/#organization\",\"name\":\"SUCULTURE\",\"url\":\"https:\/\/suculture.com\/\",\"sameAs\":[],\"logo\":{\"@type\":\"ImageObject\",\"inLanguage\":\"it-IT\",\"@id\":\"https:\/\/suculture.com\/#\/schema\/logo\/image\/\",\"url\":\"https:\/\/suculture.com\/wp-content\/uploads\/2020\/10\/dark_logo.png\",\"contentUrl\":\"https:\/\/suculture.com\/wp-content\/uploads\/2020\/10\/dark_logo.png\",\"width\":1000,\"height\":195,\"caption\":\"SUCULTURE\"},\"image\":{\"@id\":\"https:\/\/suculture.com\/#\/schema\/logo\/image\/\"}}]}<\/script>\n<!-- \/ Yoast SEO plugin. -->","yoast_head_json":{"title":"Terms of Use - SUCULTURE","robots":{"index":"index","follow":"follow","max-snippet":"max-snippet:-1","max-image-preview":"max-image-preview:large","max-video-preview":"max-video-preview:-1"},"canonical":"https:\/\/suculture.com\/it\/terms\/","og_locale":"it_IT","og_type":"article","og_title":"Terms of Use - SUCULTURE","og_description":"PLEASE READ THESE TERMS OF USE CAREFULLY BEFORE USING THIS WEBSITE. This web-page details the terms of a legal agreement ... Continue reading \u2192","og_url":"https:\/\/suculture.com\/it\/terms\/","og_site_name":"SUCULTURE","article_modified_time":"2023-03-11T05:14:08+00:00","twitter_card":"summary_large_image","twitter_misc":{"Tempo di lettura stimato":"7 minuti"},"schema":{"@context":"https:\/\/schema.org","@graph":[{"@type":"WebPage","@id":"https:\/\/suculture.com\/terms\/","url":"https:\/\/suculture.com\/terms\/","name":"Terms of Use - SUCULTURE","isPartOf":{"@id":"https:\/\/suculture.com\/#website"},"datePublished":"2018-10-17T14:53:09+00:00","dateModified":"2023-03-11T05:14:08+00:00","breadcrumb":{"@id":"https:\/\/suculture.com\/terms\/#breadcrumb"},"inLanguage":"it-IT","potentialAction":[{"@type":"ReadAction","target":["https:\/\/suculture.com\/terms\/"]}]},{"@type":"BreadcrumbList","@id":"https:\/\/suculture.com\/terms\/#breadcrumb","itemListElement":[{"@type":"ListItem","position":1,"name":"Home","item":"https:\/\/suculture.com\/"},{"@type":"ListItem","position":2,"name":"Terms of Use"}]},{"@type":"WebSite","@id":"https:\/\/suculture.com\/#website","url":"https:\/\/suculture.com\/","name":"SUCULTURE","description":"A Unified Online Ecosystem","publisher":{"@id":"https:\/\/suculture.com\/#organization"},"potentialAction":[{"@type":"SearchAction","target":{"@type":"EntryPoint","urlTemplate":"https:\/\/suculture.com\/?s={search_term_string}"},"query-input":"required name=search_term_string"}],"inLanguage":"it-IT"},{"@type":"Organization","@id":"https:\/\/suculture.com\/#organization","name":"SUCULTURE","url":"https:\/\/suculture.com\/","sameAs":[],"logo":{"@type":"ImageObject","inLanguage":"it-IT","@id":"https:\/\/suculture.com\/#\/schema\/logo\/image\/","url":"https:\/\/suculture.com\/wp-content\/uploads\/2020\/10\/dark_logo.png","contentUrl":"https:\/\/suculture.com\/wp-content\/uploads\/2020\/10\/dark_logo.png","width":1000,"height":195,"caption":"SUCULTURE"},"image":{"@id":"https:\/\/suculture.com\/#\/schema\/logo\/image\/"}}]}},"_links":{"self":[{"href":"https:\/\/suculture.com\/it\/wp-json\/wp\/v2\/pages\/1950"}],"collection":[{"href":"https:\/\/suculture.com\/it\/wp-json\/wp\/v2\/pages"}],"about":[{"href":"https:\/\/suculture.com\/it\/wp-json\/wp\/v2\/types\/page"}],"author":[{"embeddable":true,"href":"https:\/\/suculture.com\/it\/wp-json\/wp\/v2\/users\/1"}],"replies":[{"embeddable":true,"href":"https:\/\/suculture.com\/it\/wp-json\/wp\/v2\/comments?post=1950"}],"version-history":[{"count":16,"href":"https:\/\/suculture.com\/it\/wp-json\/wp\/v2\/pages\/1950\/revisions"}],"predecessor-version":[{"id":10232,"href":"https:\/\/suculture.com\/it\/wp-json\/wp\/v2\/pages\/1950\/revisions\/10232"}],"wp:attachment":[{"href":"https:\/\/suculture.com\/it\/wp-json\/wp\/v2\/media?parent=1950"}],"curies":[{"name":"wp","href":"https:\/\/api.w.org\/{rel}","templated":true}]}}