{"id":1948,"date":"2018-10-17T14:52:41","date_gmt":"2018-10-17T14:52:41","guid":{"rendered":"https:\/\/suculture.com\/?page_id=1948"},"modified":"2023-03-11T06:27:53","modified_gmt":"2023-03-11T06:27:53","slug":"privacy-policy","status":"publish","type":"page","link":"https:\/\/suculture.com\/it\/privacy-policy\/","title":{"rendered":"politica sulla riservatezza"},"content":{"rendered":"<div data-elementor-type=\"wp-page\" data-elementor-id=\"1948\" class=\"elementor elementor-1948\">\n\t\t\t\t\t\t\t\t\t<section class=\"elementor-section elementor-top-section elementor-element elementor-element-674d6714 elementor-section-boxed elementor-section-height-default elementor-section-height-default\" data-id=\"674d6714\" data-element_type=\"section\">\n\t\t\t\t\t\t<div class=\"elementor-container elementor-column-gap-default\">\n\t\t\t\t\t<div class=\"elementor-column elementor-col-100 elementor-top-column elementor-element elementor-element-5e63486\" data-id=\"5e63486\" data-element_type=\"column\">\n\t\t\t<div class=\"elementor-widget-wrap elementor-element-populated\">\n\t\t\t\t\t\t\t\t<div class=\"elementor-element elementor-element-1bf4c1b7 elementor-widget elementor-widget-text-editor\" data-id=\"1bf4c1b7\" data-element_type=\"widget\" data-widget_type=\"text-editor.default\">\n\t\t\t\t<div class=\"elementor-widget-container\">\n\t\t\t\t\t\t\t<p style=\"text-align: justify;\">SUCULTURA (\u201c<strong>SUCULTURA<\/strong>&#8220;, &#8220;<strong>noi<\/strong>&#8220;, &#8220;<strong>nostro<\/strong>&quot; o &quot;<strong>noi<\/strong>\u201c) comprende l&#039;importanza della privacy dell&#039;Utente e la prende molto sul serio. SUCULTURE ha progettato la presente Informativa sulla privacy (la &quot;<strong>Politica<\/strong>\u201c) affinch\u00e9 tu possa comprendere meglio le nostre prassi in materia di politica sulla privacy in relazione alle informazioni fornite o raccolte su o tramite uno qualsiasi dei Servizi SUCULTURE.<\/p>\n<p style=\"text-align: justify;\">SUCULTURE raccoglie determinate informazioni sul tuo utilizzo o interazione con i Servizi SUCULTURE (<em>\u201c<\/em>Informazioni sull&#039;utilizzo\u201d). Ci\u00f2 avviene chiedendoti direttamente di fornirci specifiche informazioni sull&#039;utente, nonch\u00e9 raccogliendole automaticamente, attraverso l&#039;utilizzo di tecnologie web. SUCULTURE pu\u00f2 condividere alcune delle informazioni raccolte con terze parti, inclusi altri utenti, visitatori, inserzionisti, fornitori di servizi relativi alla pubblicit\u00e0 e affiliati.<\/p>\n<p style=\"text-align: justify;\">Terze parti, inclusi inserzionisti e fornitori di servizi pubblicitari, possono anche raccogliere informazioni su di te in relazione al tuo utilizzo dei Servizi SUCULTURE.<\/p>\n<p style=\"text-align: justify;\">Il tuo accesso a SUCULTURE pu\u00f2 essere monitorato attraverso il tuo utilizzo dei Servizi SUCULTURE. SUCULTURE pu\u00f2 utilizzare e anche divulgare la tua attivit\u00e0 di consumo di contenuti multimediali come descritto nel presente documento, per un periodo massimo di 2 anni dalla data del tuo consenso ai Termini di utilizzo e all&#039;Informativa sulla privacy di SUCULTURE, che si rinnovano automaticamente e che potresti voler ritirare da qualsiasi momento. SUCULTURE utilizza server situati negli Stati Uniti e pu\u00f2 utilizzare server in altri paesi. Qualsiasi informazione raccolta sulla tua attivit\u00e0 di consumo in relazione al tuo utilizzo dei Servizi SUCULTURE pu\u00f2 essere archiviata nei server e possiamo archiviare o trasferire dati da o verso altri paesi (compresi i paesi all&#039;interno e all&#039;esterno dello Spazio economico europeo) per l&#039;elaborazione da coloro che sono da noi impiegati direttamente o indirettamente. Acconsenti espressamente al trattamento dei tuoi dati in accordo con i Termini di utilizzo e l&#039;Informativa sulla privacy di SUCULTURE come stabilito nel presente documento.<\/p>\n<p style=\"text-align: justify;\">La presente Informativa sulla privacy si applica sia alle persone che utilizzano i servizi SUCULTURE che si registrano con SUCULTURE e creano profili utente (&quot;<strong>Membri<\/strong>\u201c), e questo include individui o aziende che utilizzano tali Servizi SUCULTURE senza registrarsi sul sito web (\u201c<strong>Visitatori<\/strong>&#8220;).<\/p>\n<p style=\"text-align: justify;\">La presente Informativa sulla privacy riguarda tutte le operazioni e le attivit\u00e0 di SUCULTURE per quanto riguarda la raccolta, l&#039;applicazione, l&#039;archiviazione e la divulgazione di informazioni attraverso uno qualsiasi dei Servizi SUCULTURE.<\/p>\n<p style=\"text-align: justify;\">SUCULTURE continuer\u00e0 a valutare e aggiornare la presente Informativa sulla privacy man mano che introduciamo servizi aggiuntivi per la nostra comunit\u00e0, impieghiamo nuove tecnologie e adattiamo queste tecnologie in linea con l&#039;evoluzione delle tendenze online e digitali. Apprezziamo qualsiasi feedback, poich\u00e9 aspiriamo a creare un&#039;Informativa sulla privacy che sia trasparente e che migliori i Servizi SUCULTURE.<\/p>\n<p style=\"text-align: justify;\">In caso di domande sulla nostra Informativa sulla privacy e su come utilizziamo o gestiamo i tuoi dati, ti preghiamo di contattarci all&#039;indirizzo <a href=\"mailto:info@SUCULTURE.com\">info@SUCULTURE.com<\/a>.<\/p>\n<ol style=\"text-align: justify;\">\n<li><strong>Le informazioni che raccogliamo<\/strong><\/li>\n<\/ol>\n<p style=\"text-align: justify;\"><strong>Informazioni per la registrazione<\/strong><\/p>\n<p style=\"text-align: justify;\">Aspetti specifici dei Servizi SUCULTURE saranno disponibili per i Membri che si sono registrati a SUCULTURE e hanno creato un profilo SUCULTURE. Il processo di registrazione prevede la compilazione di un modulo con informazioni di base che includono il tuo nome completo, indirizzo e-mail, data di nascita, professione, citt\u00e0, stato, ecc. (collettivamente, &quot;il <strong>Informazioni per la registrazione<\/strong>&#8220;).<\/p>\n<p style=\"text-align: justify;\"><strong>Profilo utente<\/strong><\/p>\n<p style=\"text-align: justify;\">Al momento della creazione di un Profilo, SUCULTURE assegna un \u201cProfilo o <strong>Account ID<\/strong>\u201d unico per te, che identifica e organizza le informazioni relative al tuo account specifico e ai contenuti associati al tuo profilo. L&#039;ID profilo consente a SUCULTURE di sviluppare un URL Internet univoco per il tuo profilo (&quot;il <strong>Profilo URL<\/strong>\u201c). Come indicato, gli ID del profilo SUCULTURE e\/o gli URL del profilo costituiscono sempre informazioni pubbliche e possono di conseguenza essere consultati, consultati, visualizzati e\/o fruiti da chiunque abbia accesso ai Servizi SUCULTURE. Puoi limitare l&#039;accesso a parti del tuo profilo utente, che possono costituire informazioni pubbliche attraverso le impostazioni del tuo profilo.<\/p>\n<p style=\"text-align: justify;\"><strong>Utilizzo dei Dati Personali<\/strong><\/p>\n<p style=\"text-align: justify;\">I dati che raccogliamo vengono utilizzati per comprendere e gestire i Servizi SUCULTURE. Ci\u00f2 comprende l&#039;analisi del posizionamento o dell&#039;affinit\u00e0 con contenuti specifici, il comportamento dell&#039;utente, l&#039;accesso, l&#039;attivit\u00e0 generale, i geotag, la misurazione, l&#039;elaborazione di dati o statistiche; perfezionamento e sviluppo tecnologico dei Servizi SUCULTURA; marketing diretto, migliorandone l&#039;utilizzo; e fornendoti supporto tecnico. Potremmo utilizzare strumenti di analisi interni o di terze parti, per scopi di analisi interna, in relazione ai Servizi SUCULTURE di cui sopra.<\/p>\n<p style=\"text-align: justify;\">Potrebbe essere necessario tenere in considerazione che il requisito predefinito per l&#039;iscrizione a SUCULTURE \u00e8 di 16 anni o pi\u00f9, e coloro che indicano di avere meno di 16 anni non possono utilizzare i Servizi SUCULTURE, a meno che non venga richiesto il consenso esplicito di un genitore o tutore legale, e il genitore o tutore legale accetta di rivedere e monitorare tali attivit\u00e0, in linea con i nostri Termini di utilizzo e Informativa sulla privacy.<\/p>\n<p style=\"text-align: justify;\"><strong>Terzi<\/strong><\/p>\n<p style=\"text-align: justify;\">Utilizziamo terze parti per assistere nella gestione dei servizi SUCULTURE e possiamo rendere disponibili a terze parti i dati in nostro possesso su di te per soddisfare quanto segue; ospitare contenuti multimediali, sviluppare o supportare prodotti, servizi e funzionalit\u00e0, per la conformit\u00e0 con i nostri Termini di utilizzo, supportare i nostri sforzi di marketing, inclusa l&#039;esecuzione di campagne di marketing via e-mail svolte per nostro conto, evadere gli ordini, inclusa l&#039;elaborazione dei pagamenti, e assistere con l&#039;amministrazione del Servizi di SUCCOLTURA.<\/p>\n<p style=\"text-align: justify;\">\n<\/p><p style=\"text-align: justify;\">Qualora SUCULTURE fosse tenuta a soddisfare la specifica legislazione locale applicabile o a rispettare qualsiasi requisito legale; o per consentirci di far rispettare o applicare la presente Informativa sulla privacy e incluse, a titolo esemplificativo ma non esaustivo, le Condizioni d&#039;uso di SUCULTURE; che pu\u00f2 comportare lo scambio di informazioni con altre organizzazioni governative, acconsenti espressamente alla nostra raccolta e condivisione di tali informazioni con terze parti per questi scopi.<\/p>\n<p style=\"text-align: justify;\">Laddove l&#039;utente abbia espressamente acconsentito, potremmo condividere determinate informazioni in un formato non identificato con i potenziali acquirenti. Se sostanzialmente tutti i nostri beni vengono acquisiti o venduti a terzi, nel qual caso i dati personali da noi detenuti sui nostri utenti, questi saranno classificati come beni trasferibili.<\/p>\n<p style=\"text-align: justify;\">Potremmo condividere dati resi anonimi con terze parti, come i dati (ad es. che riflettono l&#039;attivit\u00e0 dell&#039;utente) per pubblicit\u00e0 mirata che potrebbe interessarti; comprese e-mail mirate su prodotti e servizi e per eventi SUCULTURE sponsorizzati o ospitati da tali inserzionisti.<\/p>\n<p style=\"text-align: justify;\">Potremmo anche aggregare informazioni sull&#039;utente rese anonime, che condividiamo con terze parti. Ci\u00f2 pu\u00f2 includere informazioni sui dati demografici per annunci pubblicitari mirati.<\/p>\n<p style=\"text-align: justify;\"><strong>Se i tuoi dati vengono condivisi con terze parti, metteremo in atto misure, inclusi accordi contrattuali, che saranno necessari per garantire che i tuoi dati personali siano trattati in modo sicuro e protetto in conformit\u00e0 con la presente Informativa sulla privacy.<\/strong><\/p>\n<p style=\"text-align: justify;\">Nonostante quanto sopra, non venderemo mai i tuoi dati personali a terzi n\u00e9 consentiremo a terzi di avere accesso diretto ai tuoi dati personali per il loro uso personale\/aziendale.<\/p>\n<p style=\"text-align: justify;\"><strong>Tutela dei tuoi dati personali<\/strong><\/p>\n<p style=\"text-align: justify;\">Utilizziamo strumenti tecnici affinch\u00e9 i dati personali in nostro possesso siano protetti e sicuri contro l&#039;uso o la manipolazione non autorizzati o illeciti, inclusa la perdita accidentale, la distruzione o il danneggiamento. I tuoi dati personali sono conservati in un ambiente sicuro. L&#039;accesso alle tue informazioni personali \u00e8 gestito da un numero strettamente limitato di personale e in base alla necessit\u00e0 di sapere. Sebbene faremo del nostro meglio per garantire (applicando adeguate precauzioni di sicurezza) la sicurezza delle tue informazioni personali, non garantiamo la sicurezza delle tue informazioni quando queste ci vengono trasferite tramite Internet. Riconosci che qualsiasi trasferimento delle tue informazioni personali via Internet \u00e8 a tuo rischio.&nbsp;<\/p>\n<p style=\"text-align: justify;\"><strong>Il tuo diritto di richiedere informazioni<\/strong><\/p>\n<p style=\"text-align: justify;\">Hai il diritto di richiedere dettagli su come utilizziamo o elaboriamo le tue informazioni personali. Questi includono:<\/p>\n<ul style=\"text-align: justify;\">\n<li>una richiesta di accesso alle tue informazioni personali;<\/li>\n<li>una richiesta scritta di modificare o rimuovere dal nostro database qualsiasi informazione errata su di te;<\/li>\n<li>parti specifiche di informazioni personali che deteniamo su di te;<\/li>\n<li>una richiesta scritta che richieda una limitazione del trattamento delle tue informazioni personali per motivi specifici;<\/li>\n<li>una richiesta scritta che richiede una copia delle informazioni personali in un formato leggibile elettronicamente;<\/li>\n<\/ul>\n<p style=\"text-align: justify;\">SUCULTURE risponder\u00e0 alle richieste verificabili ricevute dagli Utenti ai sensi delle leggi o dei regolamenti applicabili.<\/p>\n<p style=\"text-align: justify;\"><strong>Procedura di verifica e risposta<\/strong>. Potremmo effettuare controlli, che possono comportare l&#039;uso di servizi di verifica dell&#039;identificazione di terze parti, per confermare la tua identit\u00e0 prima di divulgare i dettagli sulle tue informazioni personali. Cercheremo di fornire una risposta alla tua richiesta verificabile entro 30 giorni dal ricevimento della richiesta. Se avessimo bisogno di tempo aggiuntivo (fino a 90 giorni aggiuntivi), ti informeremo e ti consiglieremo in merito al periodo di estensione. Tutti i rapporti di divulgazione copriranno il periodo di 12 mesi precedente il ricevimento della richiesta verificabile dell&#039;utente.<\/p>\n<p style=\"text-align: justify;\">In caso di domande, dubbi o reclami su questa Politica o sul modo in cui gestiamo le tue informazioni personali, o per esercitare i suddetti diritti, contatta SUCULTURE all&#039;indirizzo: <a href=\"mailto:info@SUCULTURE.com\">info@SUCULTURE.com<\/a><\/p>\n<p style=\"text-align: justify;\"><strong>Comunicazioni da SUCULTURA<\/strong><\/p>\n<p style=\"text-align: justify;\">L&#039;uso continuato dei Servizi SUCULTURE e il mantenimento di un Account\/Profilo, in seguito a questo avviso di politica e qualsiasi data dei Termini nuovi o modificati, costituisce l&#039;accettazione di tali nuovi Termini e modifiche. Acconsenti quindi a ricevere materiale promozionale o notifiche mirate al tuo indirizzo email o al tuo Profilo. \u00c8 possibile scegliere di annullare l&#039;iscrizione alla ricezione di materiale promozionale o notifiche mirate in qualsiasi momento seguendo le istruzioni di annullamento dell&#039;iscrizione in fondo all&#039;e-mail pertinente da SUCULTURE.<\/p>\n<p style=\"text-align: justify;\">Tuttavia, tieni presente che la tua richiesta di opt-out da materiale promozionale o notifiche mirate non si applicher\u00e0 ad abbonamenti successivi o diversi, o a comunicazioni amministrative specifiche, ad esempio annunci di servizio, relativi al tuo Account o all&#039;utilizzo dei Servizi SUCULTURE.<\/p>\n<p style=\"text-align: justify;\"><strong>Biscotti <\/strong><\/p>\n<p style=\"text-align: justify;\"><strong>Biscotti<\/strong>. Un cookie \u00e8 un file di dati che viene inserito nel tuo dispositivo quando viene utilizzato per visitare i Servizi SUCULTURE e ci consente di riconoscere il tuo dispositivo ogni volta che visiti SUCULTURE. I cookie offrono funzionalit\u00e0 di accesso, ricordano gli utenti SUCULTURE, le loro preferenze, le prestazioni analitiche e aiutano nella tua esperienza complessiva. Si prega di notare che se si disattivano o si rimuovono cookie, cookie flash o cookie HTML5 sul proprio dispositivo, alcune parti dei Servizi SUCULTURE potrebbero non funzionare correttamente. SUCULTURE utilizza sia cookie temporanei (\u201cdi sessione\u201d) che permanenti o persistenti.<\/p>\n<p style=\"text-align: justify;\">I cookie forniscono le seguenti funzioni:<\/p>\n<p style=\"text-align: justify;\">Ci\u00f2 consente a SUCULTURE di personalizzare i contenuti per te, risponde al tuo dispositivo, sulla base di una stringa univoca di caratteri, numeri o lettere che gli viene assegnata automaticamente dalla tua prima visita a SUCULTURE e ricorda le tue preferenze, ad es. scelta della lingua o della regione e ti consente di accedere ad aree sicure del sito web.<\/p>\n<p style=\"text-align: justify;\">I cookie ci danno l&#039;opportunit\u00e0 di distinguere e aggregare il numero totale di utenti in un dato momento e di vedere come gli utenti navigano nel nostro sito web. Questo crea un&#039;opportunit\u00e0 nell&#039;aiutarci a migliorare l&#039;esperienza utente di SUCULTURE, migliorando la funzionalit\u00e0 del sito Web e la facilit\u00e0 di navigazione all&#039;interno del sito.<\/p>\n<p style=\"text-align: justify;\">Oltre a quanto sopra, i cookie sono utilizzati da Google Analytics, come indicato di seguito.<\/p>\n<p style=\"text-align: justify;\"><strong>Dispositivo.<\/strong>&nbsp;Compresi, a titolo esemplificativo, telefono cellulare personale, laptop, personal computer, tablet o altro dispositivo portatile, televisione connessa a Internet e altri dispositivi che l&#039;utente pu\u00f2 utilizzare per accedere ai Servizi SUCULTURE.<\/p>\n<p style=\"text-align: justify;\"><strong>Integrazione di terze parti <\/strong><\/p>\n<p style=\"text-align: justify;\"><strong>Statistiche di Google:<\/strong> Google Analytics viene utilizzato per costruire e comprendere le statistiche di utilizzo. Si prega di fare riferimento alla politica sulla privacy di Google su come Google pu\u00f2 gestire o elaborare i dati personali.<\/p>\n<p style=\"text-align: justify;\"><strong>Facebook, Instagram e Twitter:<\/strong>&nbsp;Se utilizzi la funzione &quot;condividi&quot; potresti condividere inconsapevolmente o inavvertitamente informazioni personali. Si prega di fare riferimento alla politica sulla privacy di Instagram, Twitter e Facebook su come queste entit\u00e0 possono gestire o elaborare i tuoi dati personali.<\/p>\n<p style=\"text-align: justify;\"><strong>Siti Web di terzi<\/strong><\/p>\n<p style=\"text-align: justify;\">SUCULTURE pu\u00f2 collegarsi a siti Web affiliati o di terze parti. Ciononostante, SUCULTURE non \u00e8 responsabile per il contenuto delle politiche sulla privacy di terzi e per le prestazioni di tali siti web o politiche. Potresti voler contattare l&#039;amministratore o il responsabile di terze parti per capire come elaborano le tue informazioni personali.<\/p>\n<p style=\"text-align: justify;\">Per ulteriori informazioni, contattaci a: <a href=\"mailto:info@SUCULTURE.com\">info@SUCULTURE.com<\/a><\/p>\t\t\t\t\t\t<\/div>\n\t\t\t\t<\/div>\n\t\t\t\t\t<\/div>\n\t\t<\/div>\n\t\t\t\t\t\t\t<\/div>\n\t\t<\/section>\n\t\t\t\t\t\t\t<\/div>","protected":false},"excerpt":{"rendered":"<p>SUCULTURE (&quot;SUCULTURE&quot;, &quot;noi&quot;, &quot;nostro&quot; o &quot;noi&quot;) comprende l&#039;importanza della privacy dell&#039;Utente e la prende molto sul serio. SUCULTURE ha progettato\u2026 <a class=\"more-link\" href=\"https:\/\/suculture.com\/it\/privacy-policy\/\">Continua a leggere \u2192<\/a><\/p>","protected":false},"author":1,"featured_media":0,"parent":0,"menu_order":0,"comment_status":"closed","ping_status":"closed","template":"","meta":{"_bbp_topic_count":0,"_bbp_reply_count":0,"_bbp_total_topic_count":0,"_bbp_total_reply_count":0,"_bbp_voice_count":0,"_bbp_anonymous_reply_count":0,"_bbp_topic_count_hidden":0,"_bbp_reply_count_hidden":0,"_bbp_forum_subforum_count":0},"yoast_head":"<!-- This site is optimized with the Yoast SEO plugin v19.6 - https:\/\/yoast.com\/wordpress\/plugins\/seo\/ -->\n<title>Privacy Policy - SUCULTURE<\/title>\n<meta name=\"robots\" content=\"index, follow, max-snippet:-1, max-image-preview:large, max-video-preview:-1\" \/>\n<link rel=\"canonical\" href=\"https:\/\/suculture.com\/it\/privacy-policy\/\" \/>\n<meta property=\"og:locale\" content=\"it_IT\" \/>\n<meta property=\"og:type\" content=\"article\" \/>\n<meta property=\"og:title\" content=\"Privacy Policy - SUCULTURE\" \/>\n<meta property=\"og:description\" content=\"SUCULTURE (&#8220;SUCULTURE&#8220;, &#8220;we&#8220;, &#8220;our&#8221; or &#8220;us&#8220;) understands the importance of User privacy and takes this very seriously. SUCULTURE has designed ... Continue reading \u2192\" \/>\n<meta property=\"og:url\" content=\"https:\/\/suculture.com\/it\/privacy-policy\/\" \/>\n<meta property=\"og:site_name\" content=\"SUCULTURE\" \/>\n<meta property=\"article:modified_time\" content=\"2023-03-11T06:27:53+00:00\" \/>\n<meta name=\"twitter:card\" content=\"summary_large_image\" \/>\n<meta name=\"twitter:label1\" content=\"Tempo di lettura stimato\" \/>\n\t<meta name=\"twitter:data1\" content=\"10 minuti\" \/>\n<script type=\"application\/ld+json\" class=\"yoast-schema-graph\">{\"@context\":\"https:\/\/schema.org\",\"@graph\":[{\"@type\":\"WebPage\",\"@id\":\"https:\/\/suculture.com\/privacy-policy\/\",\"url\":\"https:\/\/suculture.com\/privacy-policy\/\",\"name\":\"Privacy Policy - SUCULTURE\",\"isPartOf\":{\"@id\":\"https:\/\/suculture.com\/#website\"},\"datePublished\":\"2018-10-17T14:52:41+00:00\",\"dateModified\":\"2023-03-11T06:27:53+00:00\",\"breadcrumb\":{\"@id\":\"https:\/\/suculture.com\/privacy-policy\/#breadcrumb\"},\"inLanguage\":\"it-IT\",\"potentialAction\":[{\"@type\":\"ReadAction\",\"target\":[\"https:\/\/suculture.com\/privacy-policy\/\"]}]},{\"@type\":\"BreadcrumbList\",\"@id\":\"https:\/\/suculture.com\/privacy-policy\/#breadcrumb\",\"itemListElement\":[{\"@type\":\"ListItem\",\"position\":1,\"name\":\"Home\",\"item\":\"https:\/\/suculture.com\/\"},{\"@type\":\"ListItem\",\"position\":2,\"name\":\"Privacy Policy\"}]},{\"@type\":\"WebSite\",\"@id\":\"https:\/\/suculture.com\/#website\",\"url\":\"https:\/\/suculture.com\/\",\"name\":\"SUCULTURE\",\"description\":\"A Unified Online Ecosystem\",\"publisher\":{\"@id\":\"https:\/\/suculture.com\/#organization\"},\"potentialAction\":[{\"@type\":\"SearchAction\",\"target\":{\"@type\":\"EntryPoint\",\"urlTemplate\":\"https:\/\/suculture.com\/?s={search_term_string}\"},\"query-input\":\"required name=search_term_string\"}],\"inLanguage\":\"it-IT\"},{\"@type\":\"Organization\",\"@id\":\"https:\/\/suculture.com\/#organization\",\"name\":\"SUCULTURE\",\"url\":\"https:\/\/suculture.com\/\",\"sameAs\":[],\"logo\":{\"@type\":\"ImageObject\",\"inLanguage\":\"it-IT\",\"@id\":\"https:\/\/suculture.com\/#\/schema\/logo\/image\/\",\"url\":\"https:\/\/suculture.com\/wp-content\/uploads\/2020\/10\/dark_logo.png\",\"contentUrl\":\"https:\/\/suculture.com\/wp-content\/uploads\/2020\/10\/dark_logo.png\",\"width\":1000,\"height\":195,\"caption\":\"SUCULTURE\"},\"image\":{\"@id\":\"https:\/\/suculture.com\/#\/schema\/logo\/image\/\"}}]}<\/script>\n<!-- \/ Yoast SEO plugin. -->","yoast_head_json":{"title":"Privacy Policy - SUCULTURE","robots":{"index":"index","follow":"follow","max-snippet":"max-snippet:-1","max-image-preview":"max-image-preview:large","max-video-preview":"max-video-preview:-1"},"canonical":"https:\/\/suculture.com\/it\/privacy-policy\/","og_locale":"it_IT","og_type":"article","og_title":"Privacy Policy - SUCULTURE","og_description":"SUCULTURE (&#8220;SUCULTURE&#8220;, &#8220;we&#8220;, &#8220;our&#8221; or &#8220;us&#8220;) understands the importance of User privacy and takes this very seriously. SUCULTURE has designed ... Continue reading \u2192","og_url":"https:\/\/suculture.com\/it\/privacy-policy\/","og_site_name":"SUCULTURE","article_modified_time":"2023-03-11T06:27:53+00:00","twitter_card":"summary_large_image","twitter_misc":{"Tempo di lettura stimato":"10 minuti"},"schema":{"@context":"https:\/\/schema.org","@graph":[{"@type":"WebPage","@id":"https:\/\/suculture.com\/privacy-policy\/","url":"https:\/\/suculture.com\/privacy-policy\/","name":"Privacy Policy - SUCULTURE","isPartOf":{"@id":"https:\/\/suculture.com\/#website"},"datePublished":"2018-10-17T14:52:41+00:00","dateModified":"2023-03-11T06:27:53+00:00","breadcrumb":{"@id":"https:\/\/suculture.com\/privacy-policy\/#breadcrumb"},"inLanguage":"it-IT","potentialAction":[{"@type":"ReadAction","target":["https:\/\/suculture.com\/privacy-policy\/"]}]},{"@type":"BreadcrumbList","@id":"https:\/\/suculture.com\/privacy-policy\/#breadcrumb","itemListElement":[{"@type":"ListItem","position":1,"name":"Home","item":"https:\/\/suculture.com\/"},{"@type":"ListItem","position":2,"name":"Privacy Policy"}]},{"@type":"WebSite","@id":"https:\/\/suculture.com\/#website","url":"https:\/\/suculture.com\/","name":"SUCULTURE","description":"A Unified Online Ecosystem","publisher":{"@id":"https:\/\/suculture.com\/#organization"},"potentialAction":[{"@type":"SearchAction","target":{"@type":"EntryPoint","urlTemplate":"https:\/\/suculture.com\/?s={search_term_string}"},"query-input":"required name=search_term_string"}],"inLanguage":"it-IT"},{"@type":"Organization","@id":"https:\/\/suculture.com\/#organization","name":"SUCULTURE","url":"https:\/\/suculture.com\/","sameAs":[],"logo":{"@type":"ImageObject","inLanguage":"it-IT","@id":"https:\/\/suculture.com\/#\/schema\/logo\/image\/","url":"https:\/\/suculture.com\/wp-content\/uploads\/2020\/10\/dark_logo.png","contentUrl":"https:\/\/suculture.com\/wp-content\/uploads\/2020\/10\/dark_logo.png","width":1000,"height":195,"caption":"SUCULTURE"},"image":{"@id":"https:\/\/suculture.com\/#\/schema\/logo\/image\/"}}]}},"_links":{"self":[{"href":"https:\/\/suculture.com\/it\/wp-json\/wp\/v2\/pages\/1948"}],"collection":[{"href":"https:\/\/suculture.com\/it\/wp-json\/wp\/v2\/pages"}],"about":[{"href":"https:\/\/suculture.com\/it\/wp-json\/wp\/v2\/types\/page"}],"author":[{"embeddable":true,"href":"https:\/\/suculture.com\/it\/wp-json\/wp\/v2\/users\/1"}],"replies":[{"embeddable":true,"href":"https:\/\/suculture.com\/it\/wp-json\/wp\/v2\/comments?post=1948"}],"version-history":[{"count":17,"href":"https:\/\/suculture.com\/it\/wp-json\/wp\/v2\/pages\/1948\/revisions"}],"predecessor-version":[{"id":10238,"href":"https:\/\/suculture.com\/it\/wp-json\/wp\/v2\/pages\/1948\/revisions\/10238"}],"wp:attachment":[{"href":"https:\/\/suculture.com\/it\/wp-json\/wp\/v2\/media?parent=1948"}],"curies":[{"name":"wp","href":"https:\/\/api.w.org\/{rel}","templated":true}]}}