{"id":7609,"date":"2021-09-06T15:34:33","date_gmt":"2021-09-06T15:34:33","guid":{"rendered":"https:\/\/suculture.com\/?page_id=7609"},"modified":"2021-09-06T15:54:10","modified_gmt":"2021-09-06T15:54:10","slug":"report","status":"publish","type":"page","link":"https:\/\/suculture.com\/fr\/report\/","title":{"rendered":"Signaler un abus"},"content":{"rendered":"<p><strong>Rep\u00e9rer quelque chose qui ne semble pas correct\u00a0?<\/strong><\/p>\n<p dir=\"ltr\" style=\"text-align: justify;\">SUCULTURE s&#039;engage \u00e0 prot\u00e9ger et \u00e0 valoriser la communaut\u00e9. Le monde en ligne, tout en offrant une opportunit\u00e9 incroyable de connecter les gens, est \u00e9galement un lieu o\u00f9 les abus peuvent se produire. Si vous rep\u00e9rez une personne grossi\u00e8re, discriminatoire ou t\u00e9l\u00e9chargeant du contenu explicite, vous pouvez nous alerter rapidement en utilisant le formulaire ci-dessous en toute confidentialit\u00e9.<\/p>\n<p dir=\"ltr\" style=\"text-align: justify;\">Si vous avez besoin d&#039;aide suppl\u00e9mentaire ou si vous ne trouvez pas ce dont vous avez besoin, vous pouvez <a href=\"https:\/\/suculture.com\/fr\/contact\/\">entrer en contact<\/a>.<\/p>\n<hr \/>\n<p class=\"ydpc902e937yiv7363594918ydp1a43b0afyiv0795676643ydpf0054871msonormal\" style=\"margin-bottom: .0001pt;\">\n<div class=\"wpcf7 no-js\" id=\"wpcf7-f7611-o1\" lang=\"en-US\" dir=\"ltr\">\n<div class=\"screen-reader-response\"><p role=\"status\" aria-live=\"polite\" aria-atomic=\"true\"><\/p> <ul><\/ul><\/div>\n<form action=\"\/fr\/wp-json\/wp\/v2\/pages\/7609#wpcf7-f7611-o1\" method=\"post\" class=\"wpcf7-form init\" aria-label=\"Formulaire de contact\" novalidate=\"novalidate\" data-status=\"init\" data-trp-original-action=\"\/fr\/wp-json\/wp\/v2\/pages\/7609#wpcf7-f7611-o1\">\n<div style=\"display: none;\">\n<input type=\"hidden\" name=\"_wpcf7\" value=\"7611\" \/>\n<input type=\"hidden\" name=\"_wpcf7_version\" value=\"5.8.5\" \/>\n<input type=\"hidden\" name=\"_wpcf7_locale\" value=\"en_US\" \/>\n<input type=\"hidden\" name=\"_wpcf7_unit_tag\" value=\"wpcf7-f7611-o1\" \/>\n<input type=\"hidden\" name=\"_wpcf7_container_post\" value=\"0\" \/>\n<input type=\"hidden\" name=\"_wpcf7_posted_data_hash\" value=\"\" \/>\n<input type=\"hidden\" name=\"_wpcf7_recaptcha_response\" value=\"\" \/>\n<\/div>\n<p>Nom d&#039;utilisateur de l&#039;agresseur (si connu)\n<\/p>\n<p><span class=\"wpcf7-form-control-wrap\" data-name=\"username\"><input size=\"40\" class=\"wpcf7-form-control wpcf7-text\" aria-invalid=\"false\" placeholder=\"@Nom d&#039;utilisateur\" value=\"\" type=\"text\" name=\"username\" \/><\/span>\n<\/p>\n<p>URL de l&#039;abus<span style=\"color:red\">*<\/span>\n<\/p>\n<p><span class=\"wpcf7-form-control-wrap\" data-name=\"url\"><input size=\"40\" class=\"wpcf7-form-control wpcf7-text wpcf7-validates-as-required\" aria-required=\"true\" aria-invalid=\"false\" placeholder=\"https:\/\/suculture.com\/forum\/...\" value=\"\" type=\"text\" name=\"url\" \/><\/span>\n<\/p>\n<p>Type d&#039;abus<span style=\"color:red\">*<\/span>\n<\/p>\n<p><span class=\"wpcf7-form-control-wrap\" data-name=\"abuse-type\"><select class=\"wpcf7-form-control wpcf7-select wpcf7-validates-as-required\" aria-required=\"true\" aria-invalid=\"false\" name=\"abuse-type\"><option value=\"\">Choisir<\/option><option value=\"Cyberbullying\">Harc\u00e8lement sur internet<\/option><option value=\"Racial discrimination\">Discrimination raciale<\/option><option value=\"Exploitation\">Exploitation<\/option><option value=\"Pornography\">Pornographie<\/option><option value=\"Viruses\">Virus<\/option><option value=\"Other\">Autre<\/option><\/select><\/span>\n<\/p>\n<p>D\u00e9tails de l&#039;abus<span style=\"color:red\">*<\/span>\n<\/p>\n<p><span class=\"wpcf7-form-control-wrap\" data-name=\"abuse-details\"><textarea cols=\"40\" rows=\"10\" class=\"wpcf7-form-control wpcf7-textarea wpcf7-validates-as-required\" aria-required=\"true\" aria-invalid=\"false\" placeholder=\"Veuillez nous faire part des d\u00e9tails de l&#039;abus et pourquoi vous le signalez.\" name=\"abuse-details\"><\/textarea><\/span>\n<\/p>\n<p><input class=\"wpcf7-form-control wpcf7-submit has-spinner\" type=\"submit\" value=\"Soumettre le rapport\" \/>\n<\/p><div class=\"wpcf7-response-output\" aria-hidden=\"true\"><\/div>\n<input type=\"hidden\" name=\"trp-form-language\" value=\"fr\"\/><\/form>\n<\/div>\n<\/p>","protected":false},"excerpt":{"rendered":"<p>Rep\u00e9rer quelque chose qui ne semble pas correct\u00a0? SUCULTURE s&#039;engage \u00e0 prot\u00e9ger et \u00e0 valoriser la communaut\u00e9. Le monde en ligne, tout en offrant\u2026 <a class=\"more-link\" href=\"https:\/\/suculture.com\/fr\/report\/\">Continuer la lecture \u2192<\/a><\/p>","protected":false},"author":1,"featured_media":0,"parent":0,"menu_order":0,"comment_status":"closed","ping_status":"closed","template":"contact.php","meta":{"_bbp_topic_count":0,"_bbp_reply_count":0,"_bbp_total_topic_count":0,"_bbp_total_reply_count":0,"_bbp_voice_count":0,"_bbp_anonymous_reply_count":0,"_bbp_topic_count_hidden":0,"_bbp_reply_count_hidden":0,"_bbp_forum_subforum_count":0},"yoast_head":"<!-- This site is optimized with the Yoast SEO plugin v19.6 - https:\/\/yoast.com\/wordpress\/plugins\/seo\/ -->\n<title>Report Abuse - SUCULTURE<\/title>\n<meta name=\"robots\" content=\"index, follow, max-snippet:-1, max-image-preview:large, max-video-preview:-1\" \/>\n<link rel=\"canonical\" href=\"https:\/\/suculture.com\/fr\/report\/\" \/>\n<meta property=\"og:locale\" content=\"fr_FR\" \/>\n<meta property=\"og:type\" content=\"article\" \/>\n<meta property=\"og:title\" content=\"Report Abuse - SUCULTURE\" \/>\n<meta property=\"og:description\" content=\"Spot something that doesn&#8217;t seem right? SUCULTURE is committed to protecting and enhancing the community. The online world, whilst providing ... Continue reading \u2192\" \/>\n<meta property=\"og:url\" content=\"https:\/\/suculture.com\/fr\/report\/\" \/>\n<meta property=\"og:site_name\" content=\"SUCULTURE\" \/>\n<meta property=\"article:modified_time\" content=\"2021-09-06T15:54:10+00:00\" \/>\n<meta name=\"twitter:card\" content=\"summary_large_image\" \/>\n<script type=\"application\/ld+json\" class=\"yoast-schema-graph\">{\"@context\":\"https:\/\/schema.org\",\"@graph\":[{\"@type\":\"WebPage\",\"@id\":\"https:\/\/suculture.com\/report\/\",\"url\":\"https:\/\/suculture.com\/report\/\",\"name\":\"Report Abuse - SUCULTURE\",\"isPartOf\":{\"@id\":\"https:\/\/suculture.com\/#website\"},\"datePublished\":\"2021-09-06T15:34:33+00:00\",\"dateModified\":\"2021-09-06T15:54:10+00:00\",\"breadcrumb\":{\"@id\":\"https:\/\/suculture.com\/report\/#breadcrumb\"},\"inLanguage\":\"fr-FR\",\"potentialAction\":[{\"@type\":\"ReadAction\",\"target\":[\"https:\/\/suculture.com\/report\/\"]}]},{\"@type\":\"BreadcrumbList\",\"@id\":\"https:\/\/suculture.com\/report\/#breadcrumb\",\"itemListElement\":[{\"@type\":\"ListItem\",\"position\":1,\"name\":\"Home\",\"item\":\"https:\/\/suculture.com\/\"},{\"@type\":\"ListItem\",\"position\":2,\"name\":\"Report Abuse\"}]},{\"@type\":\"WebSite\",\"@id\":\"https:\/\/suculture.com\/#website\",\"url\":\"https:\/\/suculture.com\/\",\"name\":\"SUCULTURE\",\"description\":\"A Unified Online Ecosystem\",\"publisher\":{\"@id\":\"https:\/\/suculture.com\/#organization\"},\"potentialAction\":[{\"@type\":\"SearchAction\",\"target\":{\"@type\":\"EntryPoint\",\"urlTemplate\":\"https:\/\/suculture.com\/?s={search_term_string}\"},\"query-input\":\"required name=search_term_string\"}],\"inLanguage\":\"fr-FR\"},{\"@type\":\"Organization\",\"@id\":\"https:\/\/suculture.com\/#organization\",\"name\":\"SUCULTURE\",\"url\":\"https:\/\/suculture.com\/\",\"sameAs\":[],\"logo\":{\"@type\":\"ImageObject\",\"inLanguage\":\"fr-FR\",\"@id\":\"https:\/\/suculture.com\/#\/schema\/logo\/image\/\",\"url\":\"https:\/\/suculture.com\/wp-content\/uploads\/2020\/10\/dark_logo.png\",\"contentUrl\":\"https:\/\/suculture.com\/wp-content\/uploads\/2020\/10\/dark_logo.png\",\"width\":1000,\"height\":195,\"caption\":\"SUCULTURE\"},\"image\":{\"@id\":\"https:\/\/suculture.com\/#\/schema\/logo\/image\/\"}}]}<\/script>\n<!-- \/ Yoast SEO plugin. -->","yoast_head_json":{"title":"Report Abuse - SUCULTURE","robots":{"index":"index","follow":"follow","max-snippet":"max-snippet:-1","max-image-preview":"max-image-preview:large","max-video-preview":"max-video-preview:-1"},"canonical":"https:\/\/suculture.com\/fr\/report\/","og_locale":"fr_FR","og_type":"article","og_title":"Report Abuse - SUCULTURE","og_description":"Spot something that doesn&#8217;t seem right? SUCULTURE is committed to protecting and enhancing the community. The online world, whilst providing ... Continue reading \u2192","og_url":"https:\/\/suculture.com\/fr\/report\/","og_site_name":"SUCULTURE","article_modified_time":"2021-09-06T15:54:10+00:00","twitter_card":"summary_large_image","schema":{"@context":"https:\/\/schema.org","@graph":[{"@type":"WebPage","@id":"https:\/\/suculture.com\/report\/","url":"https:\/\/suculture.com\/report\/","name":"Report Abuse - SUCULTURE","isPartOf":{"@id":"https:\/\/suculture.com\/#website"},"datePublished":"2021-09-06T15:34:33+00:00","dateModified":"2021-09-06T15:54:10+00:00","breadcrumb":{"@id":"https:\/\/suculture.com\/report\/#breadcrumb"},"inLanguage":"fr-FR","potentialAction":[{"@type":"ReadAction","target":["https:\/\/suculture.com\/report\/"]}]},{"@type":"BreadcrumbList","@id":"https:\/\/suculture.com\/report\/#breadcrumb","itemListElement":[{"@type":"ListItem","position":1,"name":"Home","item":"https:\/\/suculture.com\/"},{"@type":"ListItem","position":2,"name":"Report Abuse"}]},{"@type":"WebSite","@id":"https:\/\/suculture.com\/#website","url":"https:\/\/suculture.com\/","name":"SUCULTURE","description":"A Unified Online Ecosystem","publisher":{"@id":"https:\/\/suculture.com\/#organization"},"potentialAction":[{"@type":"SearchAction","target":{"@type":"EntryPoint","urlTemplate":"https:\/\/suculture.com\/?s={search_term_string}"},"query-input":"required name=search_term_string"}],"inLanguage":"fr-FR"},{"@type":"Organization","@id":"https:\/\/suculture.com\/#organization","name":"SUCULTURE","url":"https:\/\/suculture.com\/","sameAs":[],"logo":{"@type":"ImageObject","inLanguage":"fr-FR","@id":"https:\/\/suculture.com\/#\/schema\/logo\/image\/","url":"https:\/\/suculture.com\/wp-content\/uploads\/2020\/10\/dark_logo.png","contentUrl":"https:\/\/suculture.com\/wp-content\/uploads\/2020\/10\/dark_logo.png","width":1000,"height":195,"caption":"SUCULTURE"},"image":{"@id":"https:\/\/suculture.com\/#\/schema\/logo\/image\/"}}]}},"_links":{"self":[{"href":"https:\/\/suculture.com\/fr\/wp-json\/wp\/v2\/pages\/7609"}],"collection":[{"href":"https:\/\/suculture.com\/fr\/wp-json\/wp\/v2\/pages"}],"about":[{"href":"https:\/\/suculture.com\/fr\/wp-json\/wp\/v2\/types\/page"}],"author":[{"embeddable":true,"href":"https:\/\/suculture.com\/fr\/wp-json\/wp\/v2\/users\/1"}],"replies":[{"embeddable":true,"href":"https:\/\/suculture.com\/fr\/wp-json\/wp\/v2\/comments?post=7609"}],"version-history":[{"count":4,"href":"https:\/\/suculture.com\/fr\/wp-json\/wp\/v2\/pages\/7609\/revisions"}],"predecessor-version":[{"id":7617,"href":"https:\/\/suculture.com\/fr\/wp-json\/wp\/v2\/pages\/7609\/revisions\/7617"}],"wp:attachment":[{"href":"https:\/\/suculture.com\/fr\/wp-json\/wp\/v2\/media?parent=7609"}],"curies":[{"name":"wp","href":"https:\/\/api.w.org\/{rel}","templated":true}]}}