{"id":4465,"date":"2021-03-06T20:30:17","date_gmt":"2021-03-06T20:30:17","guid":{"rendered":"https:\/\/suculture.com\/?page_id=4465"},"modified":"2021-03-06T20:34:46","modified_gmt":"2021-03-06T20:34:46","slug":"advertising","status":"publish","type":"page","link":"https:\/\/suculture.com\/fr\/advertising\/","title":{"rendered":"Publicit\u00e9"},"content":{"rendered":"<div data-elementor-type=\"wp-page\" data-elementor-id=\"4465\" class=\"elementor elementor-4465\">\n\t\t\t\t\t\t\t\t\t<section class=\"elementor-section elementor-top-section elementor-element elementor-element-674d6714 elementor-section-boxed elementor-section-height-default elementor-section-height-default\" data-id=\"674d6714\" data-element_type=\"section\">\n\t\t\t\t\t\t<div class=\"elementor-container elementor-column-gap-default\">\n\t\t\t\t\t<div class=\"elementor-column elementor-col-100 elementor-top-column elementor-element elementor-element-5e63486\" data-id=\"5e63486\" data-element_type=\"column\">\n\t\t\t<div class=\"elementor-widget-wrap elementor-element-populated\">\n\t\t\t\t\t\t\t\t<div class=\"elementor-element elementor-element-1bf4c1b7 elementor-widget elementor-widget-text-editor\" data-id=\"1bf4c1b7\" data-element_type=\"widget\" data-widget_type=\"text-editor.default\">\n\t\t\t\t<div class=\"elementor-widget-container\">\n\t\t\t\t\t\t\t<p style=\"text-align: justify;\"><strong>Aper\u00e7u<\/strong><\/p><p style=\"text-align: justify;\">Cette politique s&#039;applique \u00e0 toutes les publicit\u00e9s payantes de SUCULTURE pour des marchandises, produits et\/ou services.<\/p><p style=\"text-align: justify;\">Les annonceurs sur SUCULTURE sont responsables de leurs annonces. Cela implique l&#039;obligation de respecter scrupuleusement toutes les lois appropri\u00e9es, le d\u00e9veloppement de publicit\u00e9s acceptables qui r\u00e9sistent \u00e0 l&#039;examen r\u00e9glementaire.\u00a0 \u00a0<\/p><p style=\"text-align: justify;\">De plus, les annonceurs doivent se conformer aux conditions d&#039;utilisation et au r\u00e8glement communautaire de SUCULTURE, ainsi qu&#039;\u00e0 toutes les politiques compl\u00e9mentaires de SUCULTURE r\u00e9gissant l&#039;utilisation de nos services. Les annonceurs doivent \u00e9galement remplir certaines conditions pour pouvoir b\u00e9n\u00e9ficier de la suite de produits publicitaires de SUCULTURE.<\/p><p style=\"text-align: justify;\">Les politiques publicitaires de SUCULTURE sont soumises \u00e0 des r\u00e9visions p\u00e9riodiques et vous choisissez de consulter cette page p\u00e9riodiquement pour vous assurer que vous comprenez nos conditions de publicit\u00e9.<\/p><p style=\"text-align: justify;\"><strong>Nos politiques<\/strong><\/p><p style=\"text-align: justify;\">SUCULTURE limite la promotion du contenu en ligne en fonction du pays cibl\u00e9 par la campagne, et chaque publicit\u00e9 est examin\u00e9e par rapport \u00e0 ces politiques.<\/p><p style=\"text-align: justify;\"><strong>Le processus d&#039;examen des annonces<\/strong><\/p><p style=\"text-align: justify;\">Sous r\u00e9serve d&#039;exigences sp\u00e9cifiques, de complexit\u00e9 et de normes publicitaires, nous visons \u00e0 examiner toutes les annonces et \u00e0 les publier g\u00e9n\u00e9ralement dans les 48 heures. Cependant, un examen peut prendre plus de temps dans des cas sp\u00e9cifiques. Nous travaillerons avec vous pour assurer un r\u00e9sultat satisfaisant et opportun.<\/p><p style=\"text-align: justify;\">Ce processus comprend l&#039;examen des produits\/services, des images, des visuels, des l\u00e9gendes d&#039;annonces, du texte, de l&#039;\u00e2ge et de la r\u00e9gion cibl\u00e9e, ainsi que des pages de destination. Pour se conformer \u00e0 ce qui pr\u00e9c\u00e8de, nous nous attendons \u00e0 ce que toutes les publicit\u00e9s soient conformes \u00e0 toutes les politiques publicitaires et aux modifications r\u00e9glementaires.<\/p><p style=\"text-align: justify;\"><strong>Que faire si votre annonce est refus\u00e9e\u00a0?<\/strong><\/p><p style=\"text-align: justify;\">Si votre annonce ne respecte pas nos r\u00e8gles et est refus\u00e9e, vous pouvez la modifier et la renvoyer pour examen. Pour r\u00e9pondre aux normes \u00e9tablies :<\/p><ul style=\"text-align: justify;\"><li>\u00c0 l&#039;aide des commentaires fournis, rev\u00e9rifiez votre annonce pour les erreurs et r\u00e9visez en fonction des commentaires\u00a0;<\/li><\/ul><ul style=\"text-align: justify;\"><li>Nous sommes toujours l\u00e0 pour discuter. Contactez-nous au <a href=\"mailto:ads@suculture.com\">ads@suculture.com<\/a><\/li><\/ul><p style=\"text-align: justify;\"><strong>Fonctionnalit\u00e9s <\/strong><\/p><p style=\"text-align: justify;\"><strong>Sp\u00e9cifications des annonces de page de destination<\/strong><\/p><ol style=\"text-align: justify;\"><li>Pour faire l&#039;objet d&#039;une plainte et garantir une exp\u00e9rience utilisateur ax\u00e9e sur les r\u00e9sultats lorsque nos utilisateurs sont dirig\u00e9s vers la page de destination, la page de destination doit fonctionner correctement et les annonces ne doivent pas diriger nos utilisateurs vers une page non fonctionnelle, une page expir\u00e9e, une page en construction ou dont le contenu est incomplet, qui n&#039;est pas adapt\u00e9 aux mobiles, qui t\u00e9l\u00e9charge automatiquement des fichiers sur l&#039;appareil de l&#039;utilisateur, affiche du contenu ou des produits interdits, ou n\u00e9cessite que l&#039;utilisateur saisisse des informations personnelles pour acc\u00e9der au contenu principal de la page de destination. <br \/><br \/>Les publicit\u00e9s peuvent diriger les utilisateurs vers le Google Play Store ou l&#039;App Store, le site Web officiel du produit ou du service, ou la page du produit qui fait l&#039;objet de la publicit\u00e9.<br \/><br \/><\/li><li>Les publicit\u00e9s de commerce \u00e9lectronique doivent afficher des informations correctes sur l&#039;entreprise sur les pages de destination, conform\u00e9ment aux exigences de la l\u00e9gislation locale. Cela devrait inclure, mais sans s&#039;y limiter, le nom de l&#039;entreprise de l&#039;annonceur, l&#039;adresse et les coordonn\u00e9es de l&#039;entreprise, l&#039;affichage du prix en devise locale, la licence commerciale, les conditions g\u00e9n\u00e9rales, les informations d&#039;exp\u00e9dition, la politique de retour, la politique de confidentialit\u00e9 et la politique de remboursement.<\/li><\/ol><p style=\"text-align: justify;\"><strong>Coh\u00e9rence de l&#039;annonce<\/strong><\/p><ol style=\"text-align: justify;\"><li>Cela inclut la l\u00e9gende de l&#039;annonce, les vid\u00e9os publicitaires, le texte de l&#039;annonce et les images de l&#039;annonce, ainsi que le CTA de l&#039;annonce qui doit \u00eatre compatible avec les produits promus sur la page de destination.<\/li><li>Le &quot;Nom d&#039;affichage&quot; doit correspondre au produit promu sur la page de destination.<\/li><\/ol><p style=\"text-align: justify;\"><strong>Langue<\/strong><\/p><p style=\"text-align: justify;\">Veuillez nous contacter pour discuter de votre pr\u00e9f\u00e9rence linguistique. La langue de l&#039;annonce et de la page de destination doit correspondre au param\u00e8tre de langue ou \u00e0 la langue accept\u00e9e de la r\u00e9gion cibl\u00e9e. De m\u00eame, la l\u00e9gende et le texte de l&#039;annonce ne doivent contenir aucune inexactitude d&#039;orthographe ou de grammaire.<\/p><p style=\"text-align: justify;\"><strong>Contenu interdit et crit\u00e8re communautaire<\/strong><\/p><p style=\"text-align: justify;\">Vous choisissez que votre annonce respecte les conditions \u00e9nonc\u00e9es dans nos conditions d&#039;utilisation et nos r\u00e8glements communautaires.<\/p><p style=\"text-align: justify;\"><strong>Activit\u00e9s ill\u00e9gales et services interdits<\/strong><\/p><p style=\"text-align: justify;\">Les publicit\u00e9s promues sur SUCULTURE ne doivent pas afficher, faciliter ou approuver des services ou activit\u00e9s consid\u00e9r\u00e9s comme ill\u00e9gaux dans une juridiction donn\u00e9e.<\/p><p style=\"text-align: justify;\"><strong>Protection des mineurs<\/strong><strong>\u00a0<\/strong><\/p><p style=\"text-align: justify;\">Les publicit\u00e9s promues sur SUCULTURE ne doivent pas afficher, faciliter ou approuver le contenu qui montre un comportement inappropri\u00e9 envers ou impliquant des mineurs, comme la consommation d&#039;alcool ou le tabagisme chez les mineurs.<\/p><p style=\"text-align: justify;\">Les publicit\u00e9s promues sur SUCULTURE ne doivent pas afficher, faciliter ou approuver des produits\/jeux destin\u00e9s \u00e0 attirer les mineurs dans certaines r\u00e9gions de ciblage publicitaire sp\u00e9cifiques.<\/p><p style=\"text-align: justify;\"><strong>Drogues et accessoires de consommation de drogue<\/strong><\/p><p style=\"text-align: justify;\">Les publicit\u00e9s promues sur SUCULTURE ne doivent pas afficher, faciliter ou approuver des m\u00e9dicaments sur ordonnance ou r\u00e9cr\u00e9atifs, ou des accessoires ayant une quelconque association avec la consommation de drogues tels que des feuilles \u00e0 rouler, des dispositifs de distribution vaporis\u00e9s ou des bangs.<\/p><p style=\"text-align: justify;\"><strong>Nudit\u00e9 ou contenu pour adultes<\/strong><\/p><p style=\"text-align: justify;\">Les publicit\u00e9s promues sur SUCULTURE ne doivent pas afficher, faciliter ou approuver l&#039;utilisation de produits ou services pour adultes interdits, la nudit\u00e9 partielle\/implicite ou les activit\u00e9s ou comportements sexuels qui impliquent un contenu excessivement suggestif ou sexuellement provocateur.<\/p><p style=\"text-align: justify;\"><strong>Explosifs, armes et munitions <\/strong><\/p><p style=\"text-align: justify;\">Les publicit\u00e9s promues sur SUCULTURE ne doivent pas afficher, faciliter ou approuver l&#039;utilisation d&#039;armes l\u00e9tales, l&#039;utilisation de munitions ou d&#039;explosifs dans la vie r\u00e9elle, y compris, mais sans s&#039;y limiter, des explosifs, des armes \u00e0 feu, des bombes ou d&#039;autres objets con\u00e7us pour causer pr\u00e9judice ou pr\u00e9judice aux personnes.<\/p><p style=\"text-align: justify;\"><strong>Religion et culture<\/strong><\/p><p style=\"text-align: justify;\">Les publicit\u00e9s promues sur SUCULTURE ne doivent pas afficher, faciliter ou approuver un contenu qui enfreint ou viole la culture locale de la publicit\u00e9 ciblant des r\u00e9gions, des \u00e9difices religieux, des symboles religieux ou la comparaison malveillante des religions.<\/p><p style=\"text-align: justify;\"><strong>Produits du tabac<\/strong><\/p><p style=\"text-align: justify;\">Les publicit\u00e9s promues sur SUCULTURE ne doivent pas afficher, faciliter ou approuver le tabac ou les produits li\u00e9s au tabac tels que les cigarettes \u00e9lectroniques, les pipes \u00e0 tabac, les cigares, les feuilles \u00e0 rouler ou les comportements li\u00e9s au tabagisme dans la vie r\u00e9elle, y compris, mais sans s&#039;y limiter, les alternatives qui imiter l&#039;acte de fumer.<\/p><p style=\"text-align: justify;\"><strong>Contenu offensant, discriminatoire ou extr\u00eame<\/strong><\/p><p style=\"text-align: justify;\">Sans limitation, les publicit\u00e9s promues sur SUCULTURE ne doivent pas afficher, faciliter ou approuver un discours de haine contre un individu, un groupe ou une organisation prot\u00e9g\u00e9, bas\u00e9 sur la race, l&#039;origine ethnique, la nationalit\u00e9, la condition m\u00e9dicale ou g\u00e9n\u00e9tique et l&#039;appartenance religieuse.<\/p><p style=\"text-align: justify;\"><strong>Annonces et contenu politiques<\/strong><\/p><p style=\"text-align: justify;\">Les publicit\u00e9s promues sur SUCULTURE ne doivent pas faire r\u00e9f\u00e9rence \u00e0, approuver ou promouvoir ou s&#039;opposer \u00e0 un candidat \u00e0 une charge publique, \u00e0 un titulaire de charge politique actuel ou pass\u00e9, \u00e0 des partis politiques ou \u00e0 des organisations, ou qui peuvent contenir du contenu faisant r\u00e9f\u00e9rence \u00e0 une question locale, \u00e9tatique ou f\u00e9d\u00e9rale d&#039;importance publique.<\/p><p style=\"text-align: justify;\"><strong>Contenu relatif \u00e0 l&#039;application de la loi<\/strong><\/p><p style=\"text-align: justify;\">Sans limitation, les publicit\u00e9s promues sur SUCULTURE ne doivent pas afficher, faciliter ou approuver un contenu n\u00e9gatif faisant r\u00e9f\u00e9rence \u00e0 des symboles d&#039;application de la loi, y compris la police ou l&#039;arm\u00e9e, y compris l&#039;apologie de la propagande de guerre.<\/p><p style=\"text-align: justify;\"><strong>\u0152uvre prot\u00e9g\u00e9e par le droit d&#039;auteur et propri\u00e9t\u00e9 intellectuelle<\/strong><\/p><p style=\"text-align: justify;\">Les publicit\u00e9s promues sur SUCULTURE ne doivent pas afficher, faciliter ou approuver du contenu qui enfreint ou viole les droits de tiers, y compris, mais sans s&#039;y limiter, les marques, marques d\u00e9pos\u00e9es, logos, noms ou autres droits personnels ou de propri\u00e9t\u00e9.<\/p><p style=\"text-align: justify;\"><strong>Collecte de donn\u00e9es<\/strong><\/p><p style=\"text-align: justify;\">Toutes les informations personnelles collect\u00e9es via le processus de publicit\u00e9 sur SUCULTURE doivent \u00eatre trait\u00e9es en toute s\u00e9curit\u00e9 conform\u00e9ment aux lois locales, et la politique de confidentialit\u00e9 de l&#039;entreprise doit \u00eatre accessible \u00e0 toute personne dont les donn\u00e9es ont \u00e9t\u00e9 collect\u00e9es et\/ou trait\u00e9es.<\/p><p style=\"text-align: justify;\"><strong>Contenu restreint suppl\u00e9mentaire.<\/strong><\/p><p style=\"text-align: justify;\">Les publicit\u00e9s promues sur SUCULTURE ne doivent pas afficher, faciliter ou approuver la consommation ou la consommation excessive d&#039;alcool, ou la consommation irresponsable, afficher des noms de marque d&#039;alcool, des sc\u00e8nes de bar ou des sc\u00e8nes de consommation d&#039;alcool dans la vie r\u00e9elle dans certaines r\u00e9gions de ciblage publicitaire sp\u00e9cifiques\u00a0; jeux d&#039;argent avec de l&#039;argent r\u00e9el ou jeux d&#039;argent simul\u00e9s, loteries, d\u00e9peignent ou encouragent des comportements li\u00e9s au jeu, y compris les paris sportifs\/courses de chevaux dans certaines r\u00e9gions de ciblage publicitaire sp\u00e9cifiques\u00a0; contenir un langage violent ou des actes insultants\u00a0; afficher un comportement dangereux sans protection de s\u00e9curit\u00e9\u00a0; afficher de la cruaut\u00e9 envers les animaux, comme des combats de chiens ou d&#039;animaux, de la violence gratuite envers les animaux, du contenu sensationnel et choquant, du contenu contenant une comparaison malveillante avec d&#039;autres marques\u00a0; les publicit\u00e9s qui contiennent des all\u00e9gations trompeuses, des descriptions exag\u00e9r\u00e9es ou des all\u00e9gations absolues sans preuve connexe, y compris celles concernant l&#039;effet d&#039;un produit ou faisant la promotion de produits contrefaits.\u00a0<\/p>\t\t\t\t\t\t<\/div>\n\t\t\t\t<\/div>\n\t\t\t\t\t<\/div>\n\t\t<\/div>\n\t\t\t\t\t\t\t<\/div>\n\t\t<\/section>\n\t\t\t\t\t\t\t<\/div>","protected":false},"excerpt":{"rendered":"<p>Aper\u00e7u Cette politique s&#039;applique \u00e0 toutes les publicit\u00e9s payantes de SUCULTURE pour des marchandises, produits et\/ou services. Les annonceurs sur SUCULTURE sont responsables de\u2026 <a class=\"more-link\" href=\"https:\/\/suculture.com\/fr\/advertising\/\">Continuer la lecture \u2192<\/a><\/p>","protected":false},"author":1,"featured_media":0,"parent":0,"menu_order":0,"comment_status":"closed","ping_status":"closed","template":"","meta":{"_bbp_topic_count":0,"_bbp_reply_count":0,"_bbp_total_topic_count":0,"_bbp_total_reply_count":0,"_bbp_voice_count":0,"_bbp_anonymous_reply_count":0,"_bbp_topic_count_hidden":0,"_bbp_reply_count_hidden":0,"_bbp_forum_subforum_count":0},"yoast_head":"<!-- This site is optimized with the Yoast SEO plugin v19.6 - https:\/\/yoast.com\/wordpress\/plugins\/seo\/ -->\n<title>Advertising - SUCULTURE<\/title>\n<meta name=\"robots\" content=\"index, follow, max-snippet:-1, max-image-preview:large, max-video-preview:-1\" \/>\n<link rel=\"canonical\" href=\"https:\/\/suculture.com\/fr\/advertising\/\" \/>\n<meta property=\"og:locale\" content=\"fr_FR\" \/>\n<meta property=\"og:type\" content=\"article\" \/>\n<meta property=\"og:title\" content=\"Advertising - SUCULTURE\" \/>\n<meta property=\"og:description\" content=\"Overview This policy applies to all SUCULTURE paid advertising for merchandise, products and\/or services. Advertisers on SUCULTURE are responsible for ... Continue reading \u2192\" \/>\n<meta property=\"og:url\" content=\"https:\/\/suculture.com\/fr\/advertising\/\" \/>\n<meta property=\"og:site_name\" content=\"SUCULTURE\" \/>\n<meta property=\"article:modified_time\" content=\"2021-03-06T20:34:46+00:00\" \/>\n<meta name=\"twitter:card\" content=\"summary_large_image\" \/>\n<meta name=\"twitter:label1\" content=\"Dur\u00e9e de lecture estim\u00e9e\" \/>\n\t<meta name=\"twitter:data1\" content=\"6 minutes\" \/>\n<script type=\"application\/ld+json\" class=\"yoast-schema-graph\">{\"@context\":\"https:\/\/schema.org\",\"@graph\":[{\"@type\":\"WebPage\",\"@id\":\"https:\/\/suculture.com\/advertising\/\",\"url\":\"https:\/\/suculture.com\/advertising\/\",\"name\":\"Advertising - SUCULTURE\",\"isPartOf\":{\"@id\":\"https:\/\/suculture.com\/#website\"},\"datePublished\":\"2021-03-06T20:30:17+00:00\",\"dateModified\":\"2021-03-06T20:34:46+00:00\",\"breadcrumb\":{\"@id\":\"https:\/\/suculture.com\/advertising\/#breadcrumb\"},\"inLanguage\":\"fr-FR\",\"potentialAction\":[{\"@type\":\"ReadAction\",\"target\":[\"https:\/\/suculture.com\/advertising\/\"]}]},{\"@type\":\"BreadcrumbList\",\"@id\":\"https:\/\/suculture.com\/advertising\/#breadcrumb\",\"itemListElement\":[{\"@type\":\"ListItem\",\"position\":1,\"name\":\"Home\",\"item\":\"https:\/\/suculture.com\/\"},{\"@type\":\"ListItem\",\"position\":2,\"name\":\"Advertising\"}]},{\"@type\":\"WebSite\",\"@id\":\"https:\/\/suculture.com\/#website\",\"url\":\"https:\/\/suculture.com\/\",\"name\":\"SUCULTURE\",\"description\":\"A Unified Online Ecosystem\",\"publisher\":{\"@id\":\"https:\/\/suculture.com\/#organization\"},\"potentialAction\":[{\"@type\":\"SearchAction\",\"target\":{\"@type\":\"EntryPoint\",\"urlTemplate\":\"https:\/\/suculture.com\/?s={search_term_string}\"},\"query-input\":\"required name=search_term_string\"}],\"inLanguage\":\"fr-FR\"},{\"@type\":\"Organization\",\"@id\":\"https:\/\/suculture.com\/#organization\",\"name\":\"SUCULTURE\",\"url\":\"https:\/\/suculture.com\/\",\"sameAs\":[],\"logo\":{\"@type\":\"ImageObject\",\"inLanguage\":\"fr-FR\",\"@id\":\"https:\/\/suculture.com\/#\/schema\/logo\/image\/\",\"url\":\"https:\/\/suculture.com\/wp-content\/uploads\/2020\/10\/dark_logo.png\",\"contentUrl\":\"https:\/\/suculture.com\/wp-content\/uploads\/2020\/10\/dark_logo.png\",\"width\":1000,\"height\":195,\"caption\":\"SUCULTURE\"},\"image\":{\"@id\":\"https:\/\/suculture.com\/#\/schema\/logo\/image\/\"}}]}<\/script>\n<!-- \/ Yoast SEO plugin. -->","yoast_head_json":{"title":"Advertising - SUCULTURE","robots":{"index":"index","follow":"follow","max-snippet":"max-snippet:-1","max-image-preview":"max-image-preview:large","max-video-preview":"max-video-preview:-1"},"canonical":"https:\/\/suculture.com\/fr\/advertising\/","og_locale":"fr_FR","og_type":"article","og_title":"Advertising - SUCULTURE","og_description":"Overview This policy applies to all SUCULTURE paid advertising for merchandise, products and\/or services. Advertisers on SUCULTURE are responsible for ... Continue reading \u2192","og_url":"https:\/\/suculture.com\/fr\/advertising\/","og_site_name":"SUCULTURE","article_modified_time":"2021-03-06T20:34:46+00:00","twitter_card":"summary_large_image","twitter_misc":{"Dur\u00e9e de lecture estim\u00e9e":"6 minutes"},"schema":{"@context":"https:\/\/schema.org","@graph":[{"@type":"WebPage","@id":"https:\/\/suculture.com\/advertising\/","url":"https:\/\/suculture.com\/advertising\/","name":"Advertising - SUCULTURE","isPartOf":{"@id":"https:\/\/suculture.com\/#website"},"datePublished":"2021-03-06T20:30:17+00:00","dateModified":"2021-03-06T20:34:46+00:00","breadcrumb":{"@id":"https:\/\/suculture.com\/advertising\/#breadcrumb"},"inLanguage":"fr-FR","potentialAction":[{"@type":"ReadAction","target":["https:\/\/suculture.com\/advertising\/"]}]},{"@type":"BreadcrumbList","@id":"https:\/\/suculture.com\/advertising\/#breadcrumb","itemListElement":[{"@type":"ListItem","position":1,"name":"Home","item":"https:\/\/suculture.com\/"},{"@type":"ListItem","position":2,"name":"Advertising"}]},{"@type":"WebSite","@id":"https:\/\/suculture.com\/#website","url":"https:\/\/suculture.com\/","name":"SUCULTURE","description":"A Unified Online Ecosystem","publisher":{"@id":"https:\/\/suculture.com\/#organization"},"potentialAction":[{"@type":"SearchAction","target":{"@type":"EntryPoint","urlTemplate":"https:\/\/suculture.com\/?s={search_term_string}"},"query-input":"required name=search_term_string"}],"inLanguage":"fr-FR"},{"@type":"Organization","@id":"https:\/\/suculture.com\/#organization","name":"SUCULTURE","url":"https:\/\/suculture.com\/","sameAs":[],"logo":{"@type":"ImageObject","inLanguage":"fr-FR","@id":"https:\/\/suculture.com\/#\/schema\/logo\/image\/","url":"https:\/\/suculture.com\/wp-content\/uploads\/2020\/10\/dark_logo.png","contentUrl":"https:\/\/suculture.com\/wp-content\/uploads\/2020\/10\/dark_logo.png","width":1000,"height":195,"caption":"SUCULTURE"},"image":{"@id":"https:\/\/suculture.com\/#\/schema\/logo\/image\/"}}]}},"_links":{"self":[{"href":"https:\/\/suculture.com\/fr\/wp-json\/wp\/v2\/pages\/4465"}],"collection":[{"href":"https:\/\/suculture.com\/fr\/wp-json\/wp\/v2\/pages"}],"about":[{"href":"https:\/\/suculture.com\/fr\/wp-json\/wp\/v2\/types\/page"}],"author":[{"embeddable":true,"href":"https:\/\/suculture.com\/fr\/wp-json\/wp\/v2\/users\/1"}],"replies":[{"embeddable":true,"href":"https:\/\/suculture.com\/fr\/wp-json\/wp\/v2\/comments?post=4465"}],"version-history":[{"count":5,"href":"https:\/\/suculture.com\/fr\/wp-json\/wp\/v2\/pages\/4465\/revisions"}],"predecessor-version":[{"id":4637,"href":"https:\/\/suculture.com\/fr\/wp-json\/wp\/v2\/pages\/4465\/revisions\/4637"}],"wp:attachment":[{"href":"https:\/\/suculture.com\/fr\/wp-json\/wp\/v2\/media?parent=4465"}],"curies":[{"name":"wp","href":"https:\/\/api.w.org\/{rel}","templated":true}]}}