{"id":1950,"date":"2018-10-17T14:53:09","date_gmt":"2018-10-17T14:53:09","guid":{"rendered":"https:\/\/suculture.com\/?page_id=1950"},"modified":"2023-03-11T05:14:08","modified_gmt":"2023-03-11T05:14:08","slug":"terms","status":"publish","type":"page","link":"https:\/\/suculture.com\/fr\/terms\/","title":{"rendered":"Conditions d&#039;utilisation"},"content":{"rendered":"<div data-elementor-type=\"wp-page\" data-elementor-id=\"1950\" class=\"elementor elementor-1950\">\n\t\t\t\t\t\t\t\t\t<section class=\"elementor-section elementor-top-section elementor-element elementor-element-6680711d elementor-section-boxed elementor-section-height-default elementor-section-height-default\" data-id=\"6680711d\" data-element_type=\"section\">\n\t\t\t\t\t\t<div class=\"elementor-container elementor-column-gap-default\">\n\t\t\t\t\t<div class=\"elementor-column elementor-col-100 elementor-top-column elementor-element elementor-element-6e47ba68\" data-id=\"6e47ba68\" data-element_type=\"column\">\n\t\t\t<div class=\"elementor-widget-wrap elementor-element-populated\">\n\t\t\t\t\t\t\t\t<div class=\"elementor-element elementor-element-3f651e9e elementor-widget elementor-widget-text-editor\" data-id=\"3f651e9e\" data-element_type=\"widget\" data-widget_type=\"text-editor.default\">\n\t\t\t\t<div class=\"elementor-widget-container\">\n\t\t\t\t\t\t\t<p style=\"text-align: justify;\"><strong>VEUILLEZ LIRE ATTENTIVEMENT CES CONDITIONS D&#039;UTILISATION AVANT D&#039;UTILISER CE SITE WEB.<\/strong><\/p>\n<p style=\"text-align: justify;\">Cette page Web d\u00e9taille les termes d&#039;un accord l\u00e9gal (les &quot;Conditions d&#039;utilisation&quot;) entre vous et SUCULTURE, qui r\u00e9gira la mani\u00e8re dont vous utilisez SUCULTURE et les services associ\u00e9s. En acc\u00e9dant \u00e0 ce site Web, en cliquant sur le bouton &quot;Cr\u00e9er un compte&quot; lors de l&#039;enregistrement d&#039;un compte SUCULTURE, y compris en publiant une annonce ou un commentaire\u00a0; vous reconnaissez avoir lu et compris les conditions d&#039;utilisation et, apr\u00e8s avoir lu et compris les conditions d&#039;utilisation, vous acceptez volontairement d&#039;\u00eatre li\u00e9 par les conditions d&#039;utilisation. Vous acceptez \u00e9galement de vous conformer \u00e0 toutes les lois et r\u00e9glementations applicables \u00e0 l&#039;utilisation de ce site Web, \u00e0 l&#039;utilisation d&#039;Internet et aux activit\u00e9s impliqu\u00e9es dans l&#039;utilisation de ce site Web. Si vous n&#039;\u00eates pas d&#039;accord avec ces conditions d&#039;utilisation, n&#039;utilisez pas ce site Web.<\/p>\n<p style=\"text-align: justify;\"><strong>Utilisation du site Web<\/strong><\/p>\n<p style=\"text-align: justify;\">Vous pouvez acc\u00e9der \u00e0 notre page d&#039;accueil et naviguer sur notre site sans divulguer vos donn\u00e9es personnelles, sauf les informations collect\u00e9es par les cookies que nous utilisons, les balises Web et d&#039;autres technologies similaires pour stocker des informations afin de vous fournir une exp\u00e9rience meilleure, plus rapide et plus s\u00fbre et pour la publicit\u00e9. fins.<\/p>\n<p style=\"text-align: justify;\">Dans le cadre de votre utilisation de ce site Web, vous vous engagez \u00e0 ne pas\u00a0: (a) interf\u00e9rer avec ou perturber l&#039;utilisation du site\u00a0Web\u00a0; (b) falsifier des en-t\u00eates ou manipuler de quelque mani\u00e8re que ce soit des identifiants afin de dissimuler l&#039;origine de toute information\u00a0; (c) t\u00e9l\u00e9charger, afficher, transmettre, publier ou distribuer tout mat\u00e9riel qui enfreint, viole, enfreint ou contrevient de toute autre mani\u00e8re aux droits de SUCULTURE, y compris tout droit d&#039;auteur, marque, brevet, droit \u00e0 la vie priv\u00e9e ou \u00e0 la publicit\u00e9 ou tout autre droit de propri\u00e9t\u00e9\u00a0; (d) utiliser ou tenter d&#039;utiliser le site Web ou toute information d&#039;une mani\u00e8re non autoris\u00e9e, ou de mani\u00e8re \u00e0 obtenir une entr\u00e9e ou un acc\u00e8s non autoris\u00e9 au site Web\/aux syst\u00e8mes informatiques de toute autre personne ou entit\u00e9\u00a0; ou (e) t\u00e9l\u00e9charger, afficher, transmettre, publier ou distribuer tout mat\u00e9riel ou information qui constitue ou encourage une conduite qui constituerait une infraction p\u00e9nale, donnerait lieu \u00e0 une autre responsabilit\u00e9 ou violerait autrement les lois applicables.<strong>&nbsp;<\/strong><\/p>\n<p style=\"text-align: justify;\"><strong>Exclusion de garantie et de responsabilit\u00e9<\/strong><\/p>\n<p style=\"text-align: justify;\">Les dispositions suivantes peuvent \u00eatre restreintes ou interdites par les lois de certaines juridictions. Dans de tels cas, les termes des pr\u00e9sentes doivent \u00eatre lus comme excluant ou limitant ces termes afin de satisfaire \u00e0 cette loi. Nous ne d\u00e9clarons ni ne garantissons que les informations accessibles via ce site Web sont exactes, compl\u00e8tes ou \u00e0 jour. Nous d\u00e9clinons toute responsabilit\u00e9 quant \u00e0 l&#039;utilisation que vous faites de ces informations.<\/p>\n<p style=\"text-align: justify;\">Les informations fournies sur ce site Web n&#039;ont pas \u00e9t\u00e9 \u00e9crites pour r\u00e9pondre \u00e0 vos besoins individuels et il est de votre seule responsabilit\u00e9 de vous assurer avant l&#039;utilisation des informations ou des services de ce site Web qu&#039;ils conviennent \u00e0 vos besoins.<\/p>\n<p style=\"text-align: justify;\">Bien que nous fassions tous les efforts raisonnables pour exclure les virus du site Web, nous ne pouvons garantir une telle exclusion et aucune responsabilit\u00e9 n&#039;est accept\u00e9e pour les virus. Ainsi, il vous est recommand\u00e9 de prendre toutes les pr\u00e9cautions appropri\u00e9es avant de t\u00e9l\u00e9charger des informations ou des images \u00e0 partir de ce site Web, y compris l&#039;acc\u00e8s aux services SUCULTURE \u00e0 partir d&#039;un appareil mobile et l&#039;utilisation d&#039;une application mobile SUCULTURE.<\/p>\n<p style=\"text-align: justify;\">Toutes les garanties, expresses ou implicites, statutaires ou autres sont par la pr\u00e9sente exclues.<\/p>\n<p style=\"text-align: justify;\"><strong>Indemnit\u00e9<\/strong>&nbsp;<\/p>\n<p style=\"text-align: justify;\">Vous devez nous indemniser (cela inclut l&#039;un de nos employ\u00e9s) et nous tenir indemnis\u00e9s et nous d\u00e9gager de toute responsabilit\u00e9 contre tout type de dommage et quelle qu&#039;en soit la cause, y compris, sans s&#039;y limiter, la perte de profits, compensatoire, cons\u00e9cutive, directe, exemplaire, accidentelle, indirecte , punitifs ou sp\u00e9ciaux, dommages ou toute responsabilit\u00e9 que vous pourriez avoir envers un tiers, m\u00eame si nous avons \u00e9t\u00e9 avis\u00e9s de la possibilit\u00e9 d&#039;une telle perte.<\/p>\n<p style=\"text-align: justify;\">En aucun cas, nous ne sommes responsables de toute description de publication - les informations ill\u00e9gales, mena\u00e7antes, abusives, diffamatoires, obsc\u00e8nes ou ind\u00e9centes, ou le mat\u00e9riel de toute nature qui viole ou enfreint les droits de toute autre partie, y compris, sans s&#039;y limiter, toute transmission constituant ou encourageant une conduite qui constituerait une infraction p\u00e9nale, donnerait lieu \u00e0 une responsabilit\u00e9 civile ou violerait autrement toute loi applicable.<\/p>\n<p style=\"text-align: justify;\">En ce qui concerne tout litige entre vous et tout autre utilisateur de SUCULTURE, vous nous d\u00e9gagez (ainsi que nos dirigeants, administrateurs, agents, filiales, coentreprises et employ\u00e9s) de toutes r\u00e9clamations, demandes et dommages (r\u00e9els et cons\u00e9cutifs) de toute sorte et nature. , connus ou inconnus, d\u00e9coulant de ou li\u00e9s de quelque mani\u00e8re que ce soit \u00e0 de tels litiges.<\/p>\n<p style=\"text-align: justify;\">SUCULTURE se r\u00e9serve express\u00e9ment le droit de supprimer du contenu, de d\u00e9sactiver ou de r\u00e9silier les privil\u00e8ges d&#039;adh\u00e9sion, en tout ou en partie, et\/ou de refuser, de limiter, de suspendre ou de mettre fin \u00e0 l&#039;acc\u00e8s \u00e0 tout ou partie des Services de SUCULTURE, si SUCULTURE d\u00e9termine \u00e0 sa seule discr\u00e9tion , qu&#039;il y a eu un acte jug\u00e9 inappropri\u00e9 en violation des dispositions des pr\u00e9sentes Conditions d&#039;utilisation, en particulier si des activit\u00e9s se produisent sur votre compte qui constituent une menace pour SUCULTURE, les Utilisateurs et\/ou le public, peuvent causer un pr\u00e9judice ou une infraction sur le Services, viole les droits de tiers, et en particulier, viole les lois ou r\u00e9glementations applicables.<\/p>\n<p style=\"text-align: justify;\">SUCULTURE n&#039;assume aucune responsabilit\u00e9 pour le manque de performance, ou pour l&#039;incapacit\u00e9 de notre part \u00e0 nous conformer \u00e0 ces termes, dans des circonstances o\u00f9 de tels incidents sont raisonnablement hors de notre contr\u00f4le. De plus, les services de SUCULTURE et votre capacit\u00e9 \u00e0 acc\u00e9der aux services sont fournis \u00ab tels quels \u00bb et SUCULTURE d\u00e9cline express\u00e9ment toute garantie, expresse ou implicite, relative \u00e0 votre acc\u00e8s, au fonctionnement et \u00e0 la disponibilit\u00e9 de nos sites, services, applications ou outils et \u00e0 l&#039;utilisation .<\/p>\n<p style=\"text-align: justify;\"><strong>M\u00e9diation des conflits.<\/strong><\/p>\n<p style=\"text-align: justify;\">Toutes les parties de cet accord sont consid\u00e9r\u00e9es comme un &quot;accord \u00e9crit de m\u00e9diation&quot; et s&#039;appliquent \u00e0 tous les utilisateurs des services SUCULTURE. Vous et SUCULTURE convenez que nous avons l&#039;intention que le pr\u00e9sent accord et les pr\u00e9sentes conditions satisfassent \u00e0 l&#039;exigence \u00ab\u00a0\u00e9crite\u00a0\u00bb d&#039;avis de m\u00e9diation et s&#039;appliquent \u00e0 tous les litiges applicables entre vous et SUCULTURE. Cet &quot;Accord de m\u00e9diation&quot; ne peut \u00eatre modifi\u00e9 ou r\u00e9sili\u00e9 que d&#039;un commun accord entre vous et SUCULTURE.<\/p>\n<p style=\"text-align: justify;\"><strong>Premi\u00e8rement - Essayez de r\u00e9soudre<\/strong>. Si vous ou SUCULTURE avez connaissance d&#039;un diff\u00e9rend, vous et SUCULTURE acceptez d&#039;envoyer d&#039;abord un avis \u00e9crit \u00e0 l&#039;autre, fournissant des d\u00e9tails sur ledit diff\u00e9rend, ainsi qu&#039;une proposition de r\u00e9solution du probl\u00e8me. Notre avis vous sera envoy\u00e9 sous r\u00e9serve des coordonn\u00e9es les plus r\u00e9centes que vous nous avez fournies. N\u00e9anmoins, si de telles informations n&#039;existent pas ou si ces informations ne sont pas \u00e0 jour ou exactes, SUCULTURE n&#039;aura aucune autre obligation en vertu du pr\u00e9sent accord. Les tentatives de r\u00e9solution seront faites de bonne foi, mais rien dans le pr\u00e9sent accord ne sera interpr\u00e9t\u00e9 comme vous obligeant, vous ou SUCULTURE, \u00e0 r\u00e9soudre le diff\u00e9rend \u00e0 des conditions qui ne sont pas mutuellement amiables.<\/p>\n<p style=\"text-align: justify;\"><strong>M\u00e9diation de la plupart des conflits<\/strong>. Si nous ne pouvons pas r\u00e9soudre un Diff\u00e9rend comme indiqu\u00e9 dans les pr\u00e9sentes dans les soixante (60) jours suivant la r\u00e9ception de l&#039;avis, nous convenons tous les deux de soumettre le Diff\u00e9rend \u00e0 une M\u00e9diation formelle.<\/p>\n<p style=\"text-align: justify;\">La m\u00e9diation offre une r\u00e9solution rapide des litiges, contrairement \u00e0 l&#039;engagement d&#039;une longue proc\u00e9dure judiciaire. Toutes les parties \u00e0 la M\u00e9diation auront droit \u00e0 leurs propres d\u00e9penses. La d\u00e9cision du M\u00e9diateur doit consister en une d\u00e9claration \u00e9crite d\u00e9crivant la position de chaque r\u00e9clamation du Litige, et doit fournir une d\u00e9claration des constatations et conclusions essentielles sur lesquelles la d\u00e9cision et toute sentence (le cas \u00e9ch\u00e9ant) sont fond\u00e9es.<\/p>\n<p style=\"text-align: justify;\"><strong>Juridiction et loi applicable<\/strong><\/p>\n<p style=\"text-align: justify;\">Ces conditions, la clause de non-responsabilit\u00e9 et toute r\u00e9clamation fond\u00e9e sur l&#039;utilisation des informations de ce site Web sont r\u00e9gies et interpr\u00e9t\u00e9es conform\u00e9ment au \u00ab droit anglais \u00bb et aux \u00ab lois d&#039;Angleterre et du Pays de Galles \u00bb, la \u00ab Haute Cour de Londres \u00bb \u00e9tant comp\u00e9tente, et, SUCULTURE peut choisir de faire ex\u00e9cuter toute d\u00e9cision dans vos tribunaux locaux.<\/p>\n<p style=\"text-align: justify;\"><strong>Demandes<\/strong><\/p>\n<p style=\"text-align: justify;\">Si vous avez des questions ou des pr\u00e9occupations concernant notre politique de confidentialit\u00e9 ou la mani\u00e8re dont nous g\u00e9rons nos affaires, veuillez nous contacter \u00e0 info@suculture.com.<\/p>\n<p style=\"text-align: justify;\"><strong>Conditions, modifications et r\u00e9siliation<\/strong><\/p>\n<p style=\"text-align: justify;\"><strong>VEUILLEZ NOTER QUE LES TERMES DE CET ACCORD PEUVENT \u00caTRE MODIFI\u00c9S PAR <\/strong><strong>SUCCULTURE <\/strong><strong>\u00c0 SA SEULE DISCR\u00c9TION DE TEMPS \u00c0 AUTRE. <\/strong><\/p>\n<p style=\"text-align: justify;\">Cela peut inclure des mises \u00e0 jour de la fonctionnalit\u00e9 de nos Services ou des services exploit\u00e9s par nos soci\u00e9t\u00e9s affili\u00e9es, ou en cas de modifications r\u00e9glementaires importantes.<\/p>\n<p style=\"text-align: justify;\">Nous d\u00e9ploierons tous les efforts raisonnables pour informer tous les utilisateurs de toute modification importante de ces Conditions, par exemple par le biais de notifications sur SUCULTURE, et via la derni\u00e8re adresse e-mail que vous nous avez fournie conform\u00e9ment aux pr\u00e9sentes Conditions.<\/p>\n<p style=\"text-align: justify;\">Lorsque des modifications seront apport\u00e9es, SUCULTURE mettra \u00e0 disposition une nouvelle copie des conditions d&#039;utilisation sur le site Web de SUCULTURE. Nous mettrons \u00e9galement \u00e0 jour la date de \u00ab\u00a0derni\u00e8re mise \u00e0 jour\u00a0\u00bb en haut des conditions d&#039;utilisation.<\/p>\n<p style=\"text-align: justify;\">En cons\u00e9quence, toutes les mises \u00e0 jour sont dat\u00e9es en haut des pr\u00e9sentes conditions d&#039;utilisation, ce qui refl\u00e8te la date d&#039;entr\u00e9e en vigueur de ces conditions (&quot;la derni\u00e8re mise \u00e0 jour&quot;). Toute modification des conditions d&#039;utilisation entrera en vigueur imm\u00e9diatement pour tous les membres du site Web SUCULTURE.<\/p>\n<p style=\"text-align: justify;\">Votre utilisation continue des Services SUCULTURE apr\u00e8s l&#039;avis et la date des nouvelles Conditions constitue votre acceptation de ces nouvelles Conditions et modifications. Si vous n&#039;acceptez pas les nouvelles conditions ou toute modification, vous devez cesser d&#039;acc\u00e9der ou d&#039;utiliser ce site Web.<\/p>\t\t\t\t\t\t<\/div>\n\t\t\t\t<\/div>\n\t\t\t\t\t<\/div>\n\t\t<\/div>\n\t\t\t\t\t\t\t<\/div>\n\t\t<\/section>\n\t\t\t\t\t\t\t<\/div>","protected":false},"excerpt":{"rendered":"<p>VEUILLEZ LIRE ATTENTIVEMENT CES CONDITIONS D&#039;UTILISATION AVANT D&#039;UTILISER CE SITE WEB. Cette page Web d\u00e9taille les termes d&#039;un accord l\u00e9gal\u2026 <a class=\"more-link\" href=\"https:\/\/suculture.com\/fr\/terms\/\">Continuer la lecture \u2192<\/a><\/p>","protected":false},"author":1,"featured_media":0,"parent":0,"menu_order":0,"comment_status":"closed","ping_status":"closed","template":"","meta":{"_bbp_topic_count":0,"_bbp_reply_count":0,"_bbp_total_topic_count":0,"_bbp_total_reply_count":0,"_bbp_voice_count":0,"_bbp_anonymous_reply_count":0,"_bbp_topic_count_hidden":0,"_bbp_reply_count_hidden":0,"_bbp_forum_subforum_count":0},"yoast_head":"<!-- This site is optimized with the Yoast SEO plugin v19.6 - https:\/\/yoast.com\/wordpress\/plugins\/seo\/ -->\n<title>Terms of Use - SUCULTURE<\/title>\n<meta name=\"robots\" content=\"index, follow, max-snippet:-1, max-image-preview:large, max-video-preview:-1\" \/>\n<link rel=\"canonical\" href=\"https:\/\/suculture.com\/fr\/terms\/\" \/>\n<meta property=\"og:locale\" content=\"fr_FR\" \/>\n<meta property=\"og:type\" content=\"article\" \/>\n<meta property=\"og:title\" content=\"Terms of Use - SUCULTURE\" \/>\n<meta property=\"og:description\" content=\"PLEASE READ THESE TERMS OF USE CAREFULLY BEFORE USING THIS WEBSITE. This web-page details the terms of a legal agreement ... Continue reading \u2192\" \/>\n<meta property=\"og:url\" content=\"https:\/\/suculture.com\/fr\/terms\/\" \/>\n<meta property=\"og:site_name\" content=\"SUCULTURE\" \/>\n<meta property=\"article:modified_time\" content=\"2023-03-11T05:14:08+00:00\" \/>\n<meta name=\"twitter:card\" content=\"summary_large_image\" \/>\n<meta name=\"twitter:label1\" content=\"Dur\u00e9e de lecture estim\u00e9e\" \/>\n\t<meta name=\"twitter:data1\" content=\"7 minutes\" \/>\n<script type=\"application\/ld+json\" class=\"yoast-schema-graph\">{\"@context\":\"https:\/\/schema.org\",\"@graph\":[{\"@type\":\"WebPage\",\"@id\":\"https:\/\/suculture.com\/terms\/\",\"url\":\"https:\/\/suculture.com\/terms\/\",\"name\":\"Terms of Use - SUCULTURE\",\"isPartOf\":{\"@id\":\"https:\/\/suculture.com\/#website\"},\"datePublished\":\"2018-10-17T14:53:09+00:00\",\"dateModified\":\"2023-03-11T05:14:08+00:00\",\"breadcrumb\":{\"@id\":\"https:\/\/suculture.com\/terms\/#breadcrumb\"},\"inLanguage\":\"fr-FR\",\"potentialAction\":[{\"@type\":\"ReadAction\",\"target\":[\"https:\/\/suculture.com\/terms\/\"]}]},{\"@type\":\"BreadcrumbList\",\"@id\":\"https:\/\/suculture.com\/terms\/#breadcrumb\",\"itemListElement\":[{\"@type\":\"ListItem\",\"position\":1,\"name\":\"Home\",\"item\":\"https:\/\/suculture.com\/\"},{\"@type\":\"ListItem\",\"position\":2,\"name\":\"Terms of Use\"}]},{\"@type\":\"WebSite\",\"@id\":\"https:\/\/suculture.com\/#website\",\"url\":\"https:\/\/suculture.com\/\",\"name\":\"SUCULTURE\",\"description\":\"A Unified Online Ecosystem\",\"publisher\":{\"@id\":\"https:\/\/suculture.com\/#organization\"},\"potentialAction\":[{\"@type\":\"SearchAction\",\"target\":{\"@type\":\"EntryPoint\",\"urlTemplate\":\"https:\/\/suculture.com\/?s={search_term_string}\"},\"query-input\":\"required name=search_term_string\"}],\"inLanguage\":\"fr-FR\"},{\"@type\":\"Organization\",\"@id\":\"https:\/\/suculture.com\/#organization\",\"name\":\"SUCULTURE\",\"url\":\"https:\/\/suculture.com\/\",\"sameAs\":[],\"logo\":{\"@type\":\"ImageObject\",\"inLanguage\":\"fr-FR\",\"@id\":\"https:\/\/suculture.com\/#\/schema\/logo\/image\/\",\"url\":\"https:\/\/suculture.com\/wp-content\/uploads\/2020\/10\/dark_logo.png\",\"contentUrl\":\"https:\/\/suculture.com\/wp-content\/uploads\/2020\/10\/dark_logo.png\",\"width\":1000,\"height\":195,\"caption\":\"SUCULTURE\"},\"image\":{\"@id\":\"https:\/\/suculture.com\/#\/schema\/logo\/image\/\"}}]}<\/script>\n<!-- \/ Yoast SEO plugin. -->","yoast_head_json":{"title":"Terms of Use - SUCULTURE","robots":{"index":"index","follow":"follow","max-snippet":"max-snippet:-1","max-image-preview":"max-image-preview:large","max-video-preview":"max-video-preview:-1"},"canonical":"https:\/\/suculture.com\/fr\/terms\/","og_locale":"fr_FR","og_type":"article","og_title":"Terms of Use - SUCULTURE","og_description":"PLEASE READ THESE TERMS OF USE CAREFULLY BEFORE USING THIS WEBSITE. This web-page details the terms of a legal agreement ... Continue reading \u2192","og_url":"https:\/\/suculture.com\/fr\/terms\/","og_site_name":"SUCULTURE","article_modified_time":"2023-03-11T05:14:08+00:00","twitter_card":"summary_large_image","twitter_misc":{"Dur\u00e9e de lecture estim\u00e9e":"7 minutes"},"schema":{"@context":"https:\/\/schema.org","@graph":[{"@type":"WebPage","@id":"https:\/\/suculture.com\/terms\/","url":"https:\/\/suculture.com\/terms\/","name":"Terms of Use - SUCULTURE","isPartOf":{"@id":"https:\/\/suculture.com\/#website"},"datePublished":"2018-10-17T14:53:09+00:00","dateModified":"2023-03-11T05:14:08+00:00","breadcrumb":{"@id":"https:\/\/suculture.com\/terms\/#breadcrumb"},"inLanguage":"fr-FR","potentialAction":[{"@type":"ReadAction","target":["https:\/\/suculture.com\/terms\/"]}]},{"@type":"BreadcrumbList","@id":"https:\/\/suculture.com\/terms\/#breadcrumb","itemListElement":[{"@type":"ListItem","position":1,"name":"Home","item":"https:\/\/suculture.com\/"},{"@type":"ListItem","position":2,"name":"Terms of Use"}]},{"@type":"WebSite","@id":"https:\/\/suculture.com\/#website","url":"https:\/\/suculture.com\/","name":"SUCULTURE","description":"A Unified Online Ecosystem","publisher":{"@id":"https:\/\/suculture.com\/#organization"},"potentialAction":[{"@type":"SearchAction","target":{"@type":"EntryPoint","urlTemplate":"https:\/\/suculture.com\/?s={search_term_string}"},"query-input":"required name=search_term_string"}],"inLanguage":"fr-FR"},{"@type":"Organization","@id":"https:\/\/suculture.com\/#organization","name":"SUCULTURE","url":"https:\/\/suculture.com\/","sameAs":[],"logo":{"@type":"ImageObject","inLanguage":"fr-FR","@id":"https:\/\/suculture.com\/#\/schema\/logo\/image\/","url":"https:\/\/suculture.com\/wp-content\/uploads\/2020\/10\/dark_logo.png","contentUrl":"https:\/\/suculture.com\/wp-content\/uploads\/2020\/10\/dark_logo.png","width":1000,"height":195,"caption":"SUCULTURE"},"image":{"@id":"https:\/\/suculture.com\/#\/schema\/logo\/image\/"}}]}},"_links":{"self":[{"href":"https:\/\/suculture.com\/fr\/wp-json\/wp\/v2\/pages\/1950"}],"collection":[{"href":"https:\/\/suculture.com\/fr\/wp-json\/wp\/v2\/pages"}],"about":[{"href":"https:\/\/suculture.com\/fr\/wp-json\/wp\/v2\/types\/page"}],"author":[{"embeddable":true,"href":"https:\/\/suculture.com\/fr\/wp-json\/wp\/v2\/users\/1"}],"replies":[{"embeddable":true,"href":"https:\/\/suculture.com\/fr\/wp-json\/wp\/v2\/comments?post=1950"}],"version-history":[{"count":16,"href":"https:\/\/suculture.com\/fr\/wp-json\/wp\/v2\/pages\/1950\/revisions"}],"predecessor-version":[{"id":10232,"href":"https:\/\/suculture.com\/fr\/wp-json\/wp\/v2\/pages\/1950\/revisions\/10232"}],"wp:attachment":[{"href":"https:\/\/suculture.com\/fr\/wp-json\/wp\/v2\/media?parent=1950"}],"curies":[{"name":"wp","href":"https:\/\/api.w.org\/{rel}","templated":true}]}}