{"id":4465,"date":"2021-03-06T20:30:17","date_gmt":"2021-03-06T20:30:17","guid":{"rendered":"https:\/\/suculture.com\/?page_id=4465"},"modified":"2021-03-06T20:34:46","modified_gmt":"2021-03-06T20:34:46","slug":"advertising","status":"publish","type":"page","link":"https:\/\/suculture.com\/es\/advertising\/","title":{"rendered":"Publicidad"},"content":{"rendered":"<div data-elementor-type=\"wp-page\" data-elementor-id=\"4465\" class=\"elementor elementor-4465\">\n\t\t\t\t\t\t\t\t\t<section class=\"elementor-section elementor-top-section elementor-element elementor-element-674d6714 elementor-section-boxed elementor-section-height-default elementor-section-height-default\" data-id=\"674d6714\" data-element_type=\"section\">\n\t\t\t\t\t\t<div class=\"elementor-container elementor-column-gap-default\">\n\t\t\t\t\t<div class=\"elementor-column elementor-col-100 elementor-top-column elementor-element elementor-element-5e63486\" data-id=\"5e63486\" data-element_type=\"column\">\n\t\t\t<div class=\"elementor-widget-wrap elementor-element-populated\">\n\t\t\t\t\t\t\t\t<div class=\"elementor-element elementor-element-1bf4c1b7 elementor-widget elementor-widget-text-editor\" data-id=\"1bf4c1b7\" data-element_type=\"widget\" data-widget_type=\"text-editor.default\">\n\t\t\t\t<div class=\"elementor-widget-container\">\n\t\t\t\t\t\t\t<p style=\"text-align: justify;\"><strong>Visi\u00f3n de conjunto<\/strong><\/p><p style=\"text-align: justify;\">Esta pol\u00edtica se aplica a toda la publicidad pagada por SUCULTURE de mercanc\u00edas, productos y\/o servicios.<\/p><p style=\"text-align: justify;\">Los anunciantes en SUCULTURE son responsables de sus anuncios. Esto implica el requisito de observar atentamente todas las leyes correspondientes, el desarrollo de anuncios aceptables que resistan el escrutinio regulatorio.\u00a0 \u00a0<\/p><p style=\"text-align: justify;\">Adem\u00e1s, los anunciantes deben cumplir con los T\u00e9rminos de uso y las Regulaciones de la comunidad de SUCULTURE, y todas las pol\u00edticas complementarias de SUCULTURE que rigen el uso de nuestros servicios. Los anunciantes tambi\u00e9n deben cumplir con ciertas condiciones para poder disfrutar del conjunto de productos publicitarios de SUCULTURE.<\/p><p style=\"text-align: justify;\">Las pol\u00edticas publicitarias de SUCULTURE est\u00e1n sujetas a revisi\u00f3n peri\u00f3dica y usted elige revisar esta p\u00e1gina peri\u00f3dicamente para asegurarse de que comprende nuestros t\u00e9rminos de publicidad.<\/p><p style=\"text-align: justify;\"><strong>Nuestras Pol\u00edticas<\/strong><\/p><p style=\"text-align: justify;\">SUCULTURE restringe la promoci\u00f3n de contenido en l\u00ednea sujeto al pa\u00eds al que se dirige la campa\u00f1a, y cada anuncio se revisa seg\u00fan estas pol\u00edticas.<\/p><p style=\"text-align: justify;\"><strong>El proceso de revisi\u00f3n de anuncios<\/strong><\/p><p style=\"text-align: justify;\">Sujeto a requisitos espec\u00edficos, complejidad y est\u00e1ndares publicitarios, nuestro objetivo es revisar todos los anuncios y publicarlos normalmente dentro de las 48 horas. Sin embargo, una revisi\u00f3n puede llevar m\u00e1s tiempo en casos espec\u00edficos. Trabajaremos con usted para garantizar un resultado satisfactorio y oportuno.<\/p><p style=\"text-align: justify;\">Este proceso incorpora someter los productos\/servicios a revisi\u00f3n, im\u00e1genes, im\u00e1genes, subt\u00edtulos de anuncios, texto, edad y regi\u00f3n objetivo, y p\u00e1ginas de destino. Para cumplir con lo anterior, esperamos que todos los anuncios cumplan con todas las pol\u00edticas publicitarias y los cambios normativos.<\/p><p style=\"text-align: justify;\"><strong>Qu\u00e9 debe hacer si su anuncio es rechazado<\/strong><\/p><p style=\"text-align: justify;\">Si su anuncio no cumple con nuestras pol\u00edticas y se rechaza, puede editarlo y volver a enviarlo para su revisi\u00f3n. Para cumplir con los est\u00e1ndares establecidos:<\/p><ul style=\"text-align: justify;\"><li>Con los comentarios proporcionados, verifique dos veces su anuncio en busca de errores y rev\u00edselo de acuerdo con los comentarios;<\/li><\/ul><ul style=\"text-align: justify;\"><li>Siempre estamos aqu\u00ed para discutir. Cont\u00e1ctenos en <a href=\"mailto:ads@suculture.com\">ads@suculture.com<\/a><\/li><\/ul><p style=\"text-align: justify;\"><strong>Funcionalidades <\/strong><\/p><p style=\"text-align: justify;\"><strong>Especificaciones del anuncio de la p\u00e1gina de destino<\/strong><\/p><ol style=\"text-align: justify;\"><li>Para ser una queja y garantizar una experiencia de usuario orientada a los resultados cuando nuestros usuarios son dirigidos a la p\u00e1gina de destino, la p\u00e1gina de destino debe funcionar correctamente y los anuncios no deben dirigir a nuestros usuarios a una p\u00e1gina no funcional, una p\u00e1gina caducada o una p\u00e1gina en construcci\u00f3n. o que tenga contenido incompleto, que no sea compatible con dispositivos m\u00f3viles, que descargue autom\u00e1ticamente archivos en el dispositivo del usuario, muestre contenido o productos prohibidos, o requiera que el usuario ingrese informaci\u00f3n personal para acceder al contenido principal en la p\u00e1gina de destino. <br \/><br \/>Los anuncios pueden dirigir al usuario a Google Play Store o App Store, el sitio web oficial del producto o servicio, o la p\u00e1gina del producto que se anuncia.<br \/><br \/><\/li><li>Los anuncios de comercio electr\u00f3nico deben mostrar informaci\u00f3n correcta de la empresa en las p\u00e1ginas de destino seg\u00fan los requisitos de la ley local. Esto debe incluir, entre otros, el nombre de la empresa del anunciante, la direcci\u00f3n y los datos de contacto de la empresa, la visualizaci\u00f3n del precio en moneda local, la licencia comercial, los t\u00e9rminos y condiciones, la informaci\u00f3n de env\u00edo, la pol\u00edtica de devoluciones, la pol\u00edtica de privacidad y la pol\u00edtica de reembolso.<\/li><\/ol><p style=\"text-align: justify;\"><strong>Consistencia del anuncio<\/strong><\/p><ol style=\"text-align: justify;\"><li>Esto incluye el t\u00edtulo del anuncio, los videos del anuncio, el texto y las im\u00e1genes del anuncio, y el CTA del anuncio, que debe ser compatible con los productos promocionados en la p\u00e1gina de destino.<\/li><li>El &quot;Nombre para mostrar&quot; debe corresponder con el producto promocionado en la p\u00e1gina de destino.<\/li><\/ol><p style=\"text-align: justify;\"><strong>Idioma<\/strong><\/p><p style=\"text-align: justify;\">P\u00f3ngase en contacto con nosotros para discutir su preferencia de idioma. El idioma del anuncio y la p\u00e1gina de destino debe corresponder con la configuraci\u00f3n de idioma o el idioma aceptado de la regi\u00f3n objetivo. Del mismo modo, el t\u00edtulo y el texto del anuncio no deben contener inexactitudes gramaticales por errores ortogr\u00e1ficos.<\/p><p style=\"text-align: justify;\"><strong>Contenido Prohibido y Criterio Comunitario<\/strong><\/p><p style=\"text-align: justify;\">Usted elige que su Anuncio cumpla con las condiciones establecidas en nuestros T\u00e9rminos de Uso y Reglamentos de la Comunidad.<\/p><p style=\"text-align: justify;\"><strong>Actividad ilegal y servicios prohibidos<\/strong><\/p><p style=\"text-align: justify;\">Los anuncios promocionados en SUCULTURE no deben mostrar, facilitar o respaldar servicios o actividades que se consideren ilegales en una jurisdicci\u00f3n determinada.<\/p><p style=\"text-align: justify;\"><strong>Protecci\u00f3n de Menores<\/strong><strong>\u00a0<\/strong><\/p><p style=\"text-align: justify;\">Los anuncios promocionados en SUCULTURE no deben mostrar, facilitar o respaldar contenido que muestre un comportamiento inapropiado hacia o que involucre a menores, como menores de edad bebiendo o fumando.<\/p><p style=\"text-align: justify;\">Los anuncios promocionados en SUCULTURE no deben mostrar, facilitar ni respaldar productos\/juegos destinados a atraer a menores en algunas regiones espec\u00edficas de orientaci\u00f3n de anuncios.<\/p><p style=\"text-align: justify;\"><strong>Drogas y Parafernalia de Drogas<\/strong><\/p><p style=\"text-align: justify;\">Los anuncios promocionados en SUCULTURE no deben mostrar, facilitar o respaldar medicamentos recetados o recreativos, o accesorios que tengan alguna asociaci\u00f3n con el uso de drogas, como papel de liar, dispositivos de administraci\u00f3n vaporizados o bongs.<\/p><p style=\"text-align: justify;\"><strong>Desnudez o contenido para adultos<\/strong><\/p><p style=\"text-align: justify;\">Los anuncios promocionados en SUCULTURE no deben mostrar, facilitar o respaldar el uso de productos o servicios para adultos prohibidos, desnudez parcial\/impl\u00edcita o actividades o comportamientos sexuales que impliquen contenido excesivamente sugerente o sexualmente provocativo.<\/p><p style=\"text-align: justify;\"><strong>Explosivos, Armas y Municiones <\/strong><\/p><p style=\"text-align: justify;\">Los anuncios promocionados en SUCULTURE no deben mostrar, facilitar o respaldar el uso de armas letales, el uso de municiones o explosivos en la vida real, incluidos, entre otros, explosivos, pistolas, bombas u otros objetos dise\u00f1ados para causar da\u00f1os o perjuicios a las personas.<\/p><p style=\"text-align: justify;\"><strong>Religi\u00f3n y Cultura<\/strong><\/p><p style=\"text-align: justify;\">Los anuncios promocionados en SUCULTURE no deben mostrar, facilitar o respaldar contenido que infrinja o viole la cultura local de las regiones de destino del anuncio, edificios religiosos, s\u00edmbolos religiosos o la comparaci\u00f3n maliciosa de religiones.<\/p><p style=\"text-align: justify;\"><strong>Productos de tabaco<\/strong><\/p><p style=\"text-align: justify;\">Los anuncios promocionados en SUCULTURE no deben mostrar, facilitar ni respaldar el tabaco o productos relacionados con el tabaco, como cigarrillos electr\u00f3nicos, pipas de tabaco, puros, papel de liar o comportamientos relacionados con el tabaquismo en la vida real, incluidas, entre otras, alternativas que imitar el acto de fumar.<\/p><p style=\"text-align: justify;\"><strong>Contenido ofensivo, discriminatorio o extremo<\/strong><\/p><p style=\"text-align: justify;\">Sin limitaci\u00f3n, los Anuncios promocionados en SUCULTURE no deben mostrar, facilitar o respaldar el discurso de odio contra un individuo, un grupo protegido u organizaci\u00f3n, en funci\u00f3n de la raza, etnia, nacionalidad, condici\u00f3n m\u00e9dica o gen\u00e9tica y afiliaci\u00f3n religiosa.<\/p><p style=\"text-align: justify;\"><strong>Anuncios y contenido pol\u00edtico<\/strong><\/p><p style=\"text-align: justify;\">Los anuncios promocionados en SUCULTURE no deben hacer referencia, respaldar, promover u oponerse a un candidato a un cargo p\u00fablico, a un cargo pol\u00edtico actual o pasado, a partidos u organizaciones pol\u00edticas, o que puedan contener contenido con referencia a un problema local, estatal o federal. de importancia p\u00fablica.<\/p><p style=\"text-align: justify;\"><strong>Contenido de aplicaci\u00f3n de la ley<\/strong><\/p><p style=\"text-align: justify;\">Sin limitaci\u00f3n, los Anuncios promocionados en SUCULTURE no deben mostrar, facilitar o respaldar contenido negativo con referencia a los s\u00edmbolos de aplicaci\u00f3n de la ley, incluida la polic\u00eda o el ej\u00e9rcito, incluida la defensa de la propaganda de guerra.<\/p><p style=\"text-align: justify;\"><strong>Trabajo con derechos de autor y propiedad intelectual<\/strong><\/p><p style=\"text-align: justify;\">Los anuncios promocionados en SUCULTURE no deben mostrar, facilitar o respaldar contenido que infrinja o viole los derechos de terceros, incluidos, entre otros, marcas, marcas registradas, logotipos, nombres u otros derechos personales o de propiedad.<\/p><p style=\"text-align: justify;\"><strong>Recopilaci\u00f3n de datos<\/strong><\/p><p style=\"text-align: justify;\">Toda la informaci\u00f3n personal recopilada a trav\u00e9s del proceso de publicidad en SUCULTURE debe procesarse de manera segura de acuerdo con las leyes locales, y la pol\u00edtica de privacidad de la empresa debe ser accesible para cualquier persona cuyos datos hayan sido recopilados y\/o procesados.<\/p><p style=\"text-align: justify;\"><strong>Contenido restringido adicional.<\/strong><\/p><p style=\"text-align: justify;\">Los anuncios promocionados en SUCULTURE no deben mostrar, facilitar ni respaldar el uso excesivo o el consumo de alcohol, o el consumo irresponsable, mostrar nombres de marcas de alcohol, escenas de bares o escenas de consumo de alcohol en la vida real en algunas regiones espec\u00edficas de orientaci\u00f3n de anuncios; apuestas con dinero real o apuestas simuladas, loter\u00edas, retratar o fomentar comportamientos relacionados con las apuestas, esto incluye apuestas deportivas\/carreras de caballos en algunas regiones espec\u00edficas de orientaci\u00f3n de anuncios; contener lenguaje violento o acciones insultantes; mostrar un comportamiento peligroso sin protecci\u00f3n de seguridad; mostrar crueldad animal, como peleas de perros o animales, violencia gratuita hacia los animales, contenido sensacionalista e impactante, contenido que contiene una comparaci\u00f3n maliciosa con otras marcas; anuncios que contengan afirmaciones enga\u00f1osas, descripciones exageradas o afirmaciones absolutas sin prueba relacionada, incluidas aquellas relacionadas con el efecto de un producto o que promuevan productos falsificados.\u00a0<\/p>\t\t\t\t\t\t<\/div>\n\t\t\t\t<\/div>\n\t\t\t\t\t<\/div>\n\t\t<\/div>\n\t\t\t\t\t\t\t<\/div>\n\t\t<\/section>\n\t\t\t\t\t\t\t<\/div>","protected":false},"excerpt":{"rendered":"<p>Descripci\u00f3n general Esta pol\u00edtica se aplica a toda la publicidad pagada de SUCULTURE por mercanc\u00edas, productos y\/o servicios. Los anunciantes en SUCULTURE son responsables de... <a class=\"more-link\" href=\"https:\/\/suculture.com\/es\/advertising\/\">Seguir leyendo \u2192<\/a><\/p>","protected":false},"author":1,"featured_media":0,"parent":0,"menu_order":0,"comment_status":"closed","ping_status":"closed","template":"","meta":{"_bbp_topic_count":0,"_bbp_reply_count":0,"_bbp_total_topic_count":0,"_bbp_total_reply_count":0,"_bbp_voice_count":0,"_bbp_anonymous_reply_count":0,"_bbp_topic_count_hidden":0,"_bbp_reply_count_hidden":0,"_bbp_forum_subforum_count":0},"yoast_head":"<!-- This site is optimized with the Yoast SEO plugin v19.6 - https:\/\/yoast.com\/wordpress\/plugins\/seo\/ -->\n<title>Advertising - SUCULTURE<\/title>\n<meta name=\"robots\" content=\"index, follow, max-snippet:-1, max-image-preview:large, max-video-preview:-1\" \/>\n<link rel=\"canonical\" href=\"https:\/\/suculture.com\/es\/advertising\/\" \/>\n<meta property=\"og:locale\" content=\"es_MX\" \/>\n<meta property=\"og:type\" content=\"article\" \/>\n<meta property=\"og:title\" content=\"Advertising - SUCULTURE\" \/>\n<meta property=\"og:description\" content=\"Overview This policy applies to all SUCULTURE paid advertising for merchandise, products and\/or services. Advertisers on SUCULTURE are responsible for ... Continue reading \u2192\" \/>\n<meta property=\"og:url\" content=\"https:\/\/suculture.com\/es\/advertising\/\" \/>\n<meta property=\"og:site_name\" content=\"SUCULTURE\" \/>\n<meta property=\"article:modified_time\" content=\"2021-03-06T20:34:46+00:00\" \/>\n<meta name=\"twitter:card\" content=\"summary_large_image\" \/>\n<meta name=\"twitter:label1\" content=\"Tiempo de lectura\" \/>\n\t<meta name=\"twitter:data1\" content=\"6 minutos\" \/>\n<script type=\"application\/ld+json\" class=\"yoast-schema-graph\">{\"@context\":\"https:\/\/schema.org\",\"@graph\":[{\"@type\":\"WebPage\",\"@id\":\"https:\/\/suculture.com\/advertising\/\",\"url\":\"https:\/\/suculture.com\/advertising\/\",\"name\":\"Advertising - SUCULTURE\",\"isPartOf\":{\"@id\":\"https:\/\/suculture.com\/#website\"},\"datePublished\":\"2021-03-06T20:30:17+00:00\",\"dateModified\":\"2021-03-06T20:34:46+00:00\",\"breadcrumb\":{\"@id\":\"https:\/\/suculture.com\/advertising\/#breadcrumb\"},\"inLanguage\":\"es-MX\",\"potentialAction\":[{\"@type\":\"ReadAction\",\"target\":[\"https:\/\/suculture.com\/advertising\/\"]}]},{\"@type\":\"BreadcrumbList\",\"@id\":\"https:\/\/suculture.com\/advertising\/#breadcrumb\",\"itemListElement\":[{\"@type\":\"ListItem\",\"position\":1,\"name\":\"Home\",\"item\":\"https:\/\/suculture.com\/\"},{\"@type\":\"ListItem\",\"position\":2,\"name\":\"Advertising\"}]},{\"@type\":\"WebSite\",\"@id\":\"https:\/\/suculture.com\/#website\",\"url\":\"https:\/\/suculture.com\/\",\"name\":\"SUCULTURE\",\"description\":\"A Unified Online Ecosystem\",\"publisher\":{\"@id\":\"https:\/\/suculture.com\/#organization\"},\"potentialAction\":[{\"@type\":\"SearchAction\",\"target\":{\"@type\":\"EntryPoint\",\"urlTemplate\":\"https:\/\/suculture.com\/?s={search_term_string}\"},\"query-input\":\"required name=search_term_string\"}],\"inLanguage\":\"es-MX\"},{\"@type\":\"Organization\",\"@id\":\"https:\/\/suculture.com\/#organization\",\"name\":\"SUCULTURE\",\"url\":\"https:\/\/suculture.com\/\",\"sameAs\":[],\"logo\":{\"@type\":\"ImageObject\",\"inLanguage\":\"es-MX\",\"@id\":\"https:\/\/suculture.com\/#\/schema\/logo\/image\/\",\"url\":\"https:\/\/suculture.com\/wp-content\/uploads\/2020\/10\/dark_logo.png\",\"contentUrl\":\"https:\/\/suculture.com\/wp-content\/uploads\/2020\/10\/dark_logo.png\",\"width\":1000,\"height\":195,\"caption\":\"SUCULTURE\"},\"image\":{\"@id\":\"https:\/\/suculture.com\/#\/schema\/logo\/image\/\"}}]}<\/script>\n<!-- \/ Yoast SEO plugin. -->","yoast_head_json":{"title":"Advertising - SUCULTURE","robots":{"index":"index","follow":"follow","max-snippet":"max-snippet:-1","max-image-preview":"max-image-preview:large","max-video-preview":"max-video-preview:-1"},"canonical":"https:\/\/suculture.com\/es\/advertising\/","og_locale":"es_MX","og_type":"article","og_title":"Advertising - SUCULTURE","og_description":"Overview This policy applies to all SUCULTURE paid advertising for merchandise, products and\/or services. Advertisers on SUCULTURE are responsible for ... Continue reading \u2192","og_url":"https:\/\/suculture.com\/es\/advertising\/","og_site_name":"SUCULTURE","article_modified_time":"2021-03-06T20:34:46+00:00","twitter_card":"summary_large_image","twitter_misc":{"Tiempo de lectura":"6 minutos"},"schema":{"@context":"https:\/\/schema.org","@graph":[{"@type":"WebPage","@id":"https:\/\/suculture.com\/advertising\/","url":"https:\/\/suculture.com\/advertising\/","name":"Advertising - SUCULTURE","isPartOf":{"@id":"https:\/\/suculture.com\/#website"},"datePublished":"2021-03-06T20:30:17+00:00","dateModified":"2021-03-06T20:34:46+00:00","breadcrumb":{"@id":"https:\/\/suculture.com\/advertising\/#breadcrumb"},"inLanguage":"es-MX","potentialAction":[{"@type":"ReadAction","target":["https:\/\/suculture.com\/advertising\/"]}]},{"@type":"BreadcrumbList","@id":"https:\/\/suculture.com\/advertising\/#breadcrumb","itemListElement":[{"@type":"ListItem","position":1,"name":"Home","item":"https:\/\/suculture.com\/"},{"@type":"ListItem","position":2,"name":"Advertising"}]},{"@type":"WebSite","@id":"https:\/\/suculture.com\/#website","url":"https:\/\/suculture.com\/","name":"SUCULTURE","description":"A Unified Online Ecosystem","publisher":{"@id":"https:\/\/suculture.com\/#organization"},"potentialAction":[{"@type":"SearchAction","target":{"@type":"EntryPoint","urlTemplate":"https:\/\/suculture.com\/?s={search_term_string}"},"query-input":"required name=search_term_string"}],"inLanguage":"es-MX"},{"@type":"Organization","@id":"https:\/\/suculture.com\/#organization","name":"SUCULTURE","url":"https:\/\/suculture.com\/","sameAs":[],"logo":{"@type":"ImageObject","inLanguage":"es-MX","@id":"https:\/\/suculture.com\/#\/schema\/logo\/image\/","url":"https:\/\/suculture.com\/wp-content\/uploads\/2020\/10\/dark_logo.png","contentUrl":"https:\/\/suculture.com\/wp-content\/uploads\/2020\/10\/dark_logo.png","width":1000,"height":195,"caption":"SUCULTURE"},"image":{"@id":"https:\/\/suculture.com\/#\/schema\/logo\/image\/"}}]}},"_links":{"self":[{"href":"https:\/\/suculture.com\/es\/wp-json\/wp\/v2\/pages\/4465"}],"collection":[{"href":"https:\/\/suculture.com\/es\/wp-json\/wp\/v2\/pages"}],"about":[{"href":"https:\/\/suculture.com\/es\/wp-json\/wp\/v2\/types\/page"}],"author":[{"embeddable":true,"href":"https:\/\/suculture.com\/es\/wp-json\/wp\/v2\/users\/1"}],"replies":[{"embeddable":true,"href":"https:\/\/suculture.com\/es\/wp-json\/wp\/v2\/comments?post=4465"}],"version-history":[{"count":5,"href":"https:\/\/suculture.com\/es\/wp-json\/wp\/v2\/pages\/4465\/revisions"}],"predecessor-version":[{"id":4637,"href":"https:\/\/suculture.com\/es\/wp-json\/wp\/v2\/pages\/4465\/revisions\/4637"}],"wp:attachment":[{"href":"https:\/\/suculture.com\/es\/wp-json\/wp\/v2\/media?parent=4465"}],"curies":[{"name":"wp","href":"https:\/\/api.w.org\/{rel}","templated":true}]}}