{"id":1948,"date":"2018-10-17T14:52:41","date_gmt":"2018-10-17T14:52:41","guid":{"rendered":"https:\/\/suculture.com\/?page_id=1948"},"modified":"2023-03-11T06:27:53","modified_gmt":"2023-03-11T06:27:53","slug":"privacy-policy","status":"publish","type":"page","link":"https:\/\/suculture.com\/es\/privacy-policy\/","title":{"rendered":"Pol\u00edtica de privacidad"},"content":{"rendered":"<div data-elementor-type=\"wp-page\" data-elementor-id=\"1948\" class=\"elementor elementor-1948\">\n\t\t\t\t\t\t\t\t\t<section class=\"elementor-section elementor-top-section elementor-element elementor-element-674d6714 elementor-section-boxed elementor-section-height-default elementor-section-height-default\" data-id=\"674d6714\" data-element_type=\"section\">\n\t\t\t\t\t\t<div class=\"elementor-container elementor-column-gap-default\">\n\t\t\t\t\t<div class=\"elementor-column elementor-col-100 elementor-top-column elementor-element elementor-element-5e63486\" data-id=\"5e63486\" data-element_type=\"column\">\n\t\t\t<div class=\"elementor-widget-wrap elementor-element-populated\">\n\t\t\t\t\t\t\t\t<div class=\"elementor-element elementor-element-1bf4c1b7 elementor-widget elementor-widget-text-editor\" data-id=\"1bf4c1b7\" data-element_type=\"widget\" data-widget_type=\"text-editor.default\">\n\t\t\t\t<div class=\"elementor-widget-container\">\n\t\t\t\t\t\t\t<p style=\"text-align: justify;\">SUCULTURA (\u201c<strong>SUCULTURA<\/strong>&#8220;, &#8220;<strong>nosotros<\/strong>&#8220;, &#8220;<strong>nuestro<\/strong>&quot; o &quot;<strong>a nosotros<\/strong>\u201c) comprende la importancia de la privacidad del Usuario y se lo toma muy en serio. SUCULTURE ha dise\u00f1ado esta Pol\u00edtica de Privacidad (el \u201c<strong>Pol\u00edtica<\/strong>\u201c) para que pueda comprender mejor nuestras pr\u00e1cticas de pol\u00edtica de privacidad en relaci\u00f3n con la informaci\u00f3n proporcionada o recopilada en o a trav\u00e9s de cualquiera de los Servicios de SUCULTURE.<\/p>\n<p style=\"text-align: justify;\">SUCULTURE recopila cierta informaci\u00f3n sobre su uso o interacci\u00f3n con los Servicios de SUCULTURE (<em>\u201c<\/em>informaci\u00f3n de uso\u201d). Esto se hace pidi\u00e9ndole directamente que nos proporcione informaci\u00f3n espec\u00edfica del usuario, y tambi\u00e9n recopil\u00e1ndola autom\u00e1ticamente, mediante el uso de tecnolog\u00edas web. SUCULTURE puede compartir parte de la informaci\u00f3n recopilada con terceros, incluidos otros Usuarios, visitantes, anunciantes, proveedores de servicios relacionados con la publicidad y afiliados.<\/p>\n<p style=\"text-align: justify;\">Los terceros, incluidos los anunciantes y los proveedores de servicios de publicidad, tambi\u00e9n pueden recopilar informaci\u00f3n sobre usted en relaci\u00f3n con su uso de los Servicios de SUCULTURE.<\/p>\n<p style=\"text-align: justify;\">Su acceso a SUCULTURE puede ser monitoreado a trav\u00e9s de su uso de los Servicios de SUCULTURE. SUCULTURE puede usar y tambi\u00e9n divulgar su actividad de consumo de contenido de medios como se describe en este documento, por un per\u00edodo de hasta 2 a\u00f1os a partir de la fecha de su consentimiento a los T\u00e9rminos de uso y la Pol\u00edtica de privacidad de SUCULTURE, que se renueva autom\u00e1ticamente y que usted puede desear retirar. de en cualquier momento. SUCULTURE usa servidores ubicados en los Estados Unidos y puede usar servidores en otros pa\u00edses. Cualquier informaci\u00f3n recopilada sobre su actividad de consumo en relaci\u00f3n con su uso de los Servicios de SUCULTURE puede almacenarse en los servidores, y podemos almacenar o transferir datos hacia o desde otros pa\u00edses (incluidos pa\u00edses dentro y fuera del Espacio Econ\u00f3mico Europeo) para su procesamiento. por aquellos empleados por nosotros directa o indirectamente. Usted acepta expresamente el procesamiento de sus datos de acuerdo con los T\u00e9rminos de uso y la Pol\u00edtica de privacidad de SUCULTURE como se establece en este documento.<\/p>\n<p style=\"text-align: justify;\">Esta Pol\u00edtica de privacidad se aplica tanto a las personas que utilizan los servicios de SUCULTURE que se registran en SUCULTURE y crean perfiles de usuario (\u201c<strong>Miembros<\/strong>\u201c), y esto incluye a las personas f\u00edsicas o jur\u00eddicas que utilicen dichos Servicios de SUCULTURE sin registrarse en el sitio web (\u201c<strong>Visitantes<\/strong>&#8220;).<\/p>\n<p style=\"text-align: justify;\">Esta Pol\u00edtica de privacidad involucra todas las operaciones y actividades de SUCULTURE con respecto a la recopilaci\u00f3n, aplicaci\u00f3n, almacenamiento y divulgaci\u00f3n de informaci\u00f3n a trav\u00e9s de cualquiera de los Servicios de SUCULTURE.<\/p>\n<p style=\"text-align: justify;\">SUCULTURE continuar\u00e1 evaluando y actualizando esta Pol\u00edtica de privacidad a medida que introduzcamos servicios adicionales para nuestra comunidad, empleemos nuevas tecnolog\u00edas y adaptemos estas tecnolog\u00edas de acuerdo con las tendencias digitales y en l\u00ednea en evoluci\u00f3n. Agradecemos cualquier comentario, ya que aspiramos a crear una Pol\u00edtica de privacidad que sea transparente y que mejore los Servicios de SUCULTURE.<\/p>\n<p style=\"text-align: justify;\">Si tiene alguna pregunta sobre nuestra Pol\u00edtica de privacidad y c\u00f3mo usamos o administramos sus datos, cont\u00e1ctenos en <a href=\"mailto:info@SUCULTURE.com\">info@SUCULTURA.com<\/a>.<\/p>\n<ol style=\"text-align: justify;\">\n<li><strong>La informaci\u00f3n que recopilamos<\/strong><\/li>\n<\/ol>\n<p style=\"text-align: justify;\"><strong>Informaci\u00f3n de Registro<\/strong><\/p>\n<p style=\"text-align: justify;\">Los aspectos espec\u00edficos de los Servicios de SUCULTURE estar\u00e1n disponibles para los Miembros que se hayan registrado en SUCULTURE y hayan creado un perfil de SUCULTURE. El proceso de registro consiste en llenar un formulario con informaci\u00f3n b\u00e1sica que incluye su nombre completo, direcci\u00f3n de correo electr\u00f3nico, fecha de nacimiento, profesi\u00f3n, ciudad, estado, etc. (colectivamente, \u201cel <strong>Informaci\u00f3n de Registro<\/strong>&#8220;).<\/p>\n<p style=\"text-align: justify;\"><strong>Perfil del usuario<\/strong><\/p>\n<p style=\"text-align: justify;\">Al crear un Perfil, SUCULTURE asigna un \u201cPerfil o <strong>ID de la cuenta<\/strong>\u201d \u00fanico para usted, que identifica y organiza la informaci\u00f3n relacionada con su cuenta espec\u00edfica y el contenido asociado con su perfil. El ID de perfil permite a SUCULTURE desarrollar una URL de Internet \u00fanica para su perfil (&quot;la <strong>URL del perfil<\/strong>\u201c). Como se describe, los ID de perfil de SUCULTURE y\/o las URL de perfil siempre constituyen informaci\u00f3n p\u00fablica y, en consecuencia, cualquier persona con acceso a los Servicios de SUCULTURE puede navegar, acceder, ver y\/o disfrutar. Puede restringir el acceso a partes de su perfil de usuario, que pueden constituir informaci\u00f3n p\u00fablica a trav\u00e9s de la configuraci\u00f3n de su perfil.<\/p>\n<p style=\"text-align: justify;\"><strong>Uso de datos personales<\/strong><\/p>\n<p style=\"text-align: justify;\">Los datos que recopilamos se utilizan para comprender y administrar los Servicios de SUCULTURE. Esto comprende, analizar su clasificaci\u00f3n o afinidad con contenido espec\u00edfico, comportamiento del usuario, inicio de sesi\u00f3n, actividad general, etiquetas geogr\u00e1ficas, medici\u00f3n, procesamiento de datos o estad\u00edsticas; perfeccionamiento y desarrollo tecnol\u00f3gico de los Servicios SUCULTURE; marketing directo, mejorando su uso; y brind\u00e1ndole soporte t\u00e9cnico. Podemos emplear herramientas de an\u00e1lisis internas o de terceros, para fines de an\u00e1lisis interno, en relaci\u00f3n con los Servicios de SUCULTURE mencionados anteriormente.<\/p>\n<p style=\"text-align: justify;\">Es posible que deba tener en cuenta que el requisito predeterminado para ser miembro de SUCULTURE es tener 16 a\u00f1os o m\u00e1s, y aquellos que indiquen que son menores de 16 a\u00f1os tienen prohibido usar los Servicios de SUCULTURE, excepto que se solicite el consentimiento expreso de uno de los padres. o tutor legal, y el padre o tutor legal acepta revisar y monitorear dichas actividades, de acuerdo con nuestros T\u00e9rminos de uso y Pol\u00edtica de privacidad.<\/p>\n<p style=\"text-align: justify;\"><strong>Terceros<\/strong><\/p>\n<p style=\"text-align: justify;\">Utilizamos terceros para ayudar en la gesti\u00f3n de los Servicios de SUCULTURE y podemos poner los datos que tenemos sobre usted a disposici\u00f3n de terceros para cumplir con lo siguiente; alojamiento de contenido multimedia, desarrollo o soporte de productos, servicios y caracter\u00edsticas, para el cumplimiento de nuestros T\u00e9rminos de uso, apoyo a nuestros esfuerzos de marketing, incluida la realizaci\u00f3n de campa\u00f1as de marketing por correo electr\u00f3nico realizadas en nuestro nombre, cumplimiento de pedidos, incluido el procesamiento de pagos, y asistencia con la administraci\u00f3n de la Servicios de SUCULTURA.<\/p>\n<p style=\"text-align: justify;\">\n<\/p><p style=\"text-align: justify;\">En caso de que SUCULTURE deba cumplir con la legislaci\u00f3n local aplicable espec\u00edfica, o para cumplir con cualquier requisito legal; o para que hagamos cumplir o apliquemos esta Pol\u00edtica de privacidad, incluidos, entre otros, los T\u00e9rminos de uso de SUCULTURE; que puede implicar el intercambio de informaci\u00f3n con otras organizaciones gubernamentales, usted acepta expresamente que recopilemos y compartamos dicha informaci\u00f3n con terceros para estos fines.<\/p>\n<p style=\"text-align: justify;\">Cuando haya dado su consentimiento expreso, podemos compartir cierta informaci\u00f3n en un formato anonimizado a posibles compradores. Si sustancialmente todos nuestros activos son adquiridos o vendidos a un tercero, en cuyo caso los datos personales que tenemos sobre nuestros usuarios, se clasificar\u00e1n como un activo transferible.<\/p>\n<p style=\"text-align: justify;\">Podemos compartir datos anonimizados con terceros, como datos (es decir, que reflejan la actividad del usuario) para publicidad dirigida que puede ser de su inter\u00e9s; incluidos correos electr\u00f3nicos dirigidos a productos y servicios, y para eventos de SUCULTURE patrocinados u organizados por dichos anunciantes.<\/p>\n<p style=\"text-align: justify;\">Tambi\u00e9n podemos agregar informaci\u00f3n de usuario anonimizada, que compartimos con terceros. Esto puede incluir informaci\u00f3n sobre datos demogr\u00e1ficos para anuncios dirigidos.<\/p>\n<p style=\"text-align: justify;\"><strong>En caso de que sus datos se compartan con terceros, implementaremos medidas, incluidos acuerdos contractuales, que ser\u00e1n necesarios para garantizar que sus datos personales se manejen de manera segura y protegida de acuerdo con esta Pol\u00edtica de privacidad.<\/strong><\/p>\n<p style=\"text-align: justify;\">Sin perjuicio de lo anterior, nunca venderemos sus datos personales a terceros ni permitiremos que terceros tengan acceso directo a sus datos personales para su uso personal\/comercial.<\/p>\n<p style=\"text-align: justify;\"><strong>Protecci\u00f3n de sus datos personales<\/strong><\/p>\n<p style=\"text-align: justify;\">Empleamos herramientas t\u00e9cnicas para que sus datos personales en nuestro poder est\u00e9n protegidos y seguros contra el uso o manejo no autorizado o ilegal, incluida la p\u00e9rdida, destrucci\u00f3n o da\u00f1o accidental. Sus datos personales se almacenan en un entorno seguro. El acceso a su informaci\u00f3n personal est\u00e1 a cargo de una cantidad estrictamente limitada de personal y seg\u00fan la necesidad de conocerla. Aunque haremos todo lo posible para garantizar (mientras aplicamos las precauciones de seguridad apropiadas) la seguridad de su informaci\u00f3n personal, no garantizamos la seguridad de su informaci\u00f3n cuando se nos transfiera a trav\u00e9s de Internet. Usted reconoce que cualquier transferencia de su informaci\u00f3n personal a trav\u00e9s de Internet es bajo su propio riesgo.&nbsp;<\/p>\n<p style=\"text-align: justify;\"><strong>Su derecho a solicitar informaci\u00f3n<\/strong><\/p>\n<p style=\"text-align: justify;\">Tiene derecho a solicitar detalles sobre c\u00f3mo usamos o procesamos su informaci\u00f3n personal. \u00c9stas incluyen:<\/p>\n<ul style=\"text-align: justify;\">\n<li>una solicitud de acceso a su informaci\u00f3n personal;<\/li>\n<li>una solicitud por escrito para modificar o eliminar cualquier informaci\u00f3n err\u00f3nea sobre usted de nuestra base de datos;<\/li>\n<li>piezas espec\u00edficas de informaci\u00f3n personal que tenemos sobre usted;<\/li>\n<li>una solicitud por escrito que requiere una restricci\u00f3n en el procesamiento de su informaci\u00f3n personal por motivos espec\u00edficos;<\/li>\n<li>una solicitud por escrito que requiera una copia de la informaci\u00f3n personal en un formato legible electr\u00f3nicamente;<\/li>\n<\/ul>\n<p style=\"text-align: justify;\">SUCULTURE responder\u00e1 a las solicitudes verificables recibidas del Usuario de conformidad con las leyes o reglamentos aplicables.<\/p>\n<p style=\"text-align: justify;\"><strong>Procedimiento de Verificaci\u00f3n y Respuesta<\/strong>. Podemos realizar comprobaciones, que pueden implicar el uso de servicios de verificaci\u00f3n de identificaci\u00f3n de terceros, para confirmar su identidad antes de revelar los detalles de su informaci\u00f3n personal. Nos esforzaremos por proporcionar una respuesta a su solicitud verificable dentro de los 30 d\u00edas posteriores a la recepci\u00f3n de la solicitud. Si necesit\u00e1ramos tiempo adicional (hasta 90 d\u00edas adicionales), se lo notificaremos y le informaremos sobre los motivos del per\u00edodo de extensi\u00f3n. Todos los informes de divulgaci\u00f3n abarcar\u00e1n el per\u00edodo de 12 meses anterior a la recepci\u00f3n de la solicitud verificable del Usuario.<\/p>\n<p style=\"text-align: justify;\">Si tiene preguntas, inquietudes o quejas sobre esta Pol\u00edtica o la forma en que manejamos su informaci\u00f3n personal, o para ejercer los derechos antes mencionados, comun\u00edquese con SUCULTURE a: <a href=\"mailto:info@SUCULTURE.com\">info@SUCULTURA.com<\/a><\/p>\n<p style=\"text-align: justify;\"><strong>Comunicaciones de SUCULTURE<\/strong><\/p>\n<p style=\"text-align: justify;\">Su uso continuado de los Servicios de SUCULTURE, y al mantener una Cuenta\/Perfil, siguiendo este aviso de pol\u00edtica y cualquier fecha de los T\u00e9rminos nuevos o modificados, constituye su aceptaci\u00f3n de dichos T\u00e9rminos y cambios nuevos. Por lo tanto, acepta recibir materiales promocionales o notificaciones dirigidas a su direcci\u00f3n de correo electr\u00f3nico o perfil. Puede optar por darse de baja de la recepci\u00f3n de materiales promocionales o notificaciones dirigidas en cualquier momento siguiendo las instrucciones para darse de baja que se encuentran en la parte inferior del correo electr\u00f3nico correspondiente de SUCULTURE.<\/p>\n<p style=\"text-align: justify;\">Sin embargo, tenga en cuenta que su solicitud de exclusi\u00f3n voluntaria de materiales promocionales o notificaciones dirigidas no se aplicar\u00e1 a suscripciones posteriores o diferentes, o a comunicaciones administrativas espec\u00edficas, por ejemplo, anuncios de servicios, relacionados con su Cuenta o el uso de los Servicios de SUCULTURE.<\/p>\n<p style=\"text-align: justify;\"><strong>Galletas <\/strong><\/p>\n<p style=\"text-align: justify;\"><strong>Galletas<\/strong>. Una cookie es un archivo de datos que se coloca en su dispositivo cuando se utiliza para visitar los Servicios de SUCULTURE y nos permite reconocer su dispositivo cada vez que visita SUCULTURE. Las cookies ofrecen la funcionalidad de inicio de sesi\u00f3n, recuerdan las del usuario de SUCULTURE, sus preferencias, el rendimiento anal\u00edtico y ayudan en su experiencia general. Tenga en cuenta que si deshabilita o elimina las cookies, las cookies flash o las cookies HTML5 en su dispositivo, es posible que ciertas partes de los Servicios de SUCULTURE no funcionen correctamente. SUCULTURE utiliza cookies temporales (&quot;de sesi\u00f3n&quot;) y permanentes o persistentes.<\/p>\n<p style=\"text-align: justify;\">Las cookies proporcionan las siguientes funciones:<\/p>\n<p style=\"text-align: justify;\">Esto le permite a SUCULTURE personalizar los contenidos para usted, responde a su dispositivo, en funci\u00f3n de una cadena \u00fanica de caracteres, n\u00fameros o letras que se le asigna autom\u00e1ticamente desde su visita inicial a SUCULTURE y recuerda sus preferencias, es decir; elecci\u00f3n de idioma o regi\u00f3n, y le permite iniciar sesi\u00f3n en \u00e1reas seguras del sitio web.<\/p>\n<p style=\"text-align: justify;\">Las cookies nos dan la oportunidad de distinguir y agregar el n\u00famero total de usuarios en un momento dado, y ver c\u00f3mo navegan los usuarios por nuestro sitio web. Esto crea una oportunidad para ayudarnos a mejorar la experiencia del usuario de SUCULTURE, mejorando la funcionalidad del sitio web y la facilidad de navegaci\u00f3n por el sitio.<\/p>\n<p style=\"text-align: justify;\">Adem\u00e1s de lo anterior, Google Analytics utiliza cookies, como se indica a continuaci\u00f3n.<\/p>\n<p style=\"text-align: justify;\"><strong>Dispositivo.<\/strong>&nbsp;Incluyendo, entre otros, tel\u00e9fonos m\u00f3viles personales, computadoras port\u00e1tiles, computadoras personales, tabletas u otros dispositivos port\u00e1tiles, televisores conectados a Internet y otros dispositivos que pueda usar para acceder a los Servicios de SUCULTURE.<\/p>\n<p style=\"text-align: justify;\"><strong>Integraci\u00f3n de terceros <\/strong><\/p>\n<p style=\"text-align: justify;\"><strong>Google analitico:<\/strong> Google Analytics se utiliza para construir y comprender estad\u00edsticas de uso. Consulte la pol\u00edtica de privacidad de Google sobre c\u00f3mo Google puede manejar o procesar sus datos personales.<\/p>\n<p style=\"text-align: justify;\"><strong>Facebook, Instagram y Twitter:<\/strong>&nbsp;Si utiliza la funci\u00f3n &quot;compartir&quot;, es posible que, sin saberlo o sin darse cuenta, est\u00e9 compartiendo informaci\u00f3n personal. Consulte la pol\u00edtica de privacidad de Instagram, Twitter y Facebook sobre c\u00f3mo estas entidades pueden manejar o procesar sus datos personales.<\/p>\n<p style=\"text-align: justify;\"><strong>Sitios web de terceros<\/strong><\/p>\n<p style=\"text-align: justify;\">SUCULTURE puede vincular a afiliados o sitios web de terceros. No obstante, SUCULTURE no es responsable por el contenido de las pol\u00edticas de privacidad de terceros y el desempe\u00f1o de dichos sitios web o pol\u00edticas. Es posible que desee ponerse en contacto con el administrador o gerente de terceros para comprender c\u00f3mo procesan su informaci\u00f3n personal.<\/p>\n<p style=\"text-align: justify;\">Para obtener m\u00e1s informaci\u00f3n, p\u00f3ngase en contacto con nosotros en: <a href=\"mailto:info@SUCULTURE.com\">info@SUCULTURA.com<\/a><\/p>\t\t\t\t\t\t<\/div>\n\t\t\t\t<\/div>\n\t\t\t\t\t<\/div>\n\t\t<\/div>\n\t\t\t\t\t\t\t<\/div>\n\t\t<\/section>\n\t\t\t\t\t\t\t<\/div>","protected":false},"excerpt":{"rendered":"<p>SUCULTURE (&quot;SUCULTURE&quot;, &quot;nosotros&quot;, &quot;nuestro&quot; o &quot;nosotros&quot;) comprende la importancia de la privacidad del Usuario y se lo toma muy en serio. SUCULTURE ha dise\u00f1ado\u2026 <a class=\"more-link\" href=\"https:\/\/suculture.com\/es\/privacy-policy\/\">Seguir leyendo \u2192<\/a><\/p>","protected":false},"author":1,"featured_media":0,"parent":0,"menu_order":0,"comment_status":"closed","ping_status":"closed","template":"","meta":{"_bbp_topic_count":0,"_bbp_reply_count":0,"_bbp_total_topic_count":0,"_bbp_total_reply_count":0,"_bbp_voice_count":0,"_bbp_anonymous_reply_count":0,"_bbp_topic_count_hidden":0,"_bbp_reply_count_hidden":0,"_bbp_forum_subforum_count":0},"yoast_head":"<!-- This site is optimized with the Yoast SEO plugin v19.6 - https:\/\/yoast.com\/wordpress\/plugins\/seo\/ -->\n<title>Privacy Policy - SUCULTURE<\/title>\n<meta name=\"robots\" content=\"index, follow, max-snippet:-1, max-image-preview:large, max-video-preview:-1\" \/>\n<link rel=\"canonical\" href=\"https:\/\/suculture.com\/es\/privacy-policy\/\" \/>\n<meta property=\"og:locale\" content=\"es_MX\" \/>\n<meta property=\"og:type\" content=\"article\" \/>\n<meta property=\"og:title\" content=\"Privacy Policy - SUCULTURE\" \/>\n<meta property=\"og:description\" content=\"SUCULTURE (&#8220;SUCULTURE&#8220;, &#8220;we&#8220;, &#8220;our&#8221; or &#8220;us&#8220;) understands the importance of User privacy and takes this very seriously. SUCULTURE has designed ... Continue reading \u2192\" \/>\n<meta property=\"og:url\" content=\"https:\/\/suculture.com\/es\/privacy-policy\/\" \/>\n<meta property=\"og:site_name\" content=\"SUCULTURE\" \/>\n<meta property=\"article:modified_time\" content=\"2023-03-11T06:27:53+00:00\" \/>\n<meta name=\"twitter:card\" content=\"summary_large_image\" \/>\n<meta name=\"twitter:label1\" content=\"Tiempo de lectura\" \/>\n\t<meta name=\"twitter:data1\" content=\"10 minutos\" \/>\n<script type=\"application\/ld+json\" class=\"yoast-schema-graph\">{\"@context\":\"https:\/\/schema.org\",\"@graph\":[{\"@type\":\"WebPage\",\"@id\":\"https:\/\/suculture.com\/privacy-policy\/\",\"url\":\"https:\/\/suculture.com\/privacy-policy\/\",\"name\":\"Privacy Policy - SUCULTURE\",\"isPartOf\":{\"@id\":\"https:\/\/suculture.com\/#website\"},\"datePublished\":\"2018-10-17T14:52:41+00:00\",\"dateModified\":\"2023-03-11T06:27:53+00:00\",\"breadcrumb\":{\"@id\":\"https:\/\/suculture.com\/privacy-policy\/#breadcrumb\"},\"inLanguage\":\"es-MX\",\"potentialAction\":[{\"@type\":\"ReadAction\",\"target\":[\"https:\/\/suculture.com\/privacy-policy\/\"]}]},{\"@type\":\"BreadcrumbList\",\"@id\":\"https:\/\/suculture.com\/privacy-policy\/#breadcrumb\",\"itemListElement\":[{\"@type\":\"ListItem\",\"position\":1,\"name\":\"Home\",\"item\":\"https:\/\/suculture.com\/\"},{\"@type\":\"ListItem\",\"position\":2,\"name\":\"Privacy Policy\"}]},{\"@type\":\"WebSite\",\"@id\":\"https:\/\/suculture.com\/#website\",\"url\":\"https:\/\/suculture.com\/\",\"name\":\"SUCULTURE\",\"description\":\"A Unified Online Ecosystem\",\"publisher\":{\"@id\":\"https:\/\/suculture.com\/#organization\"},\"potentialAction\":[{\"@type\":\"SearchAction\",\"target\":{\"@type\":\"EntryPoint\",\"urlTemplate\":\"https:\/\/suculture.com\/?s={search_term_string}\"},\"query-input\":\"required name=search_term_string\"}],\"inLanguage\":\"es-MX\"},{\"@type\":\"Organization\",\"@id\":\"https:\/\/suculture.com\/#organization\",\"name\":\"SUCULTURE\",\"url\":\"https:\/\/suculture.com\/\",\"sameAs\":[],\"logo\":{\"@type\":\"ImageObject\",\"inLanguage\":\"es-MX\",\"@id\":\"https:\/\/suculture.com\/#\/schema\/logo\/image\/\",\"url\":\"https:\/\/suculture.com\/wp-content\/uploads\/2020\/10\/dark_logo.png\",\"contentUrl\":\"https:\/\/suculture.com\/wp-content\/uploads\/2020\/10\/dark_logo.png\",\"width\":1000,\"height\":195,\"caption\":\"SUCULTURE\"},\"image\":{\"@id\":\"https:\/\/suculture.com\/#\/schema\/logo\/image\/\"}}]}<\/script>\n<!-- \/ Yoast SEO plugin. -->","yoast_head_json":{"title":"Privacy Policy - SUCULTURE","robots":{"index":"index","follow":"follow","max-snippet":"max-snippet:-1","max-image-preview":"max-image-preview:large","max-video-preview":"max-video-preview:-1"},"canonical":"https:\/\/suculture.com\/es\/privacy-policy\/","og_locale":"es_MX","og_type":"article","og_title":"Privacy Policy - SUCULTURE","og_description":"SUCULTURE (&#8220;SUCULTURE&#8220;, &#8220;we&#8220;, &#8220;our&#8221; or &#8220;us&#8220;) understands the importance of User privacy and takes this very seriously. SUCULTURE has designed ... Continue reading \u2192","og_url":"https:\/\/suculture.com\/es\/privacy-policy\/","og_site_name":"SUCULTURE","article_modified_time":"2023-03-11T06:27:53+00:00","twitter_card":"summary_large_image","twitter_misc":{"Tiempo de lectura":"10 minutos"},"schema":{"@context":"https:\/\/schema.org","@graph":[{"@type":"WebPage","@id":"https:\/\/suculture.com\/privacy-policy\/","url":"https:\/\/suculture.com\/privacy-policy\/","name":"Privacy Policy - SUCULTURE","isPartOf":{"@id":"https:\/\/suculture.com\/#website"},"datePublished":"2018-10-17T14:52:41+00:00","dateModified":"2023-03-11T06:27:53+00:00","breadcrumb":{"@id":"https:\/\/suculture.com\/privacy-policy\/#breadcrumb"},"inLanguage":"es-MX","potentialAction":[{"@type":"ReadAction","target":["https:\/\/suculture.com\/privacy-policy\/"]}]},{"@type":"BreadcrumbList","@id":"https:\/\/suculture.com\/privacy-policy\/#breadcrumb","itemListElement":[{"@type":"ListItem","position":1,"name":"Home","item":"https:\/\/suculture.com\/"},{"@type":"ListItem","position":2,"name":"Privacy Policy"}]},{"@type":"WebSite","@id":"https:\/\/suculture.com\/#website","url":"https:\/\/suculture.com\/","name":"SUCULTURE","description":"A Unified Online Ecosystem","publisher":{"@id":"https:\/\/suculture.com\/#organization"},"potentialAction":[{"@type":"SearchAction","target":{"@type":"EntryPoint","urlTemplate":"https:\/\/suculture.com\/?s={search_term_string}"},"query-input":"required name=search_term_string"}],"inLanguage":"es-MX"},{"@type":"Organization","@id":"https:\/\/suculture.com\/#organization","name":"SUCULTURE","url":"https:\/\/suculture.com\/","sameAs":[],"logo":{"@type":"ImageObject","inLanguage":"es-MX","@id":"https:\/\/suculture.com\/#\/schema\/logo\/image\/","url":"https:\/\/suculture.com\/wp-content\/uploads\/2020\/10\/dark_logo.png","contentUrl":"https:\/\/suculture.com\/wp-content\/uploads\/2020\/10\/dark_logo.png","width":1000,"height":195,"caption":"SUCULTURE"},"image":{"@id":"https:\/\/suculture.com\/#\/schema\/logo\/image\/"}}]}},"_links":{"self":[{"href":"https:\/\/suculture.com\/es\/wp-json\/wp\/v2\/pages\/1948"}],"collection":[{"href":"https:\/\/suculture.com\/es\/wp-json\/wp\/v2\/pages"}],"about":[{"href":"https:\/\/suculture.com\/es\/wp-json\/wp\/v2\/types\/page"}],"author":[{"embeddable":true,"href":"https:\/\/suculture.com\/es\/wp-json\/wp\/v2\/users\/1"}],"replies":[{"embeddable":true,"href":"https:\/\/suculture.com\/es\/wp-json\/wp\/v2\/comments?post=1948"}],"version-history":[{"count":17,"href":"https:\/\/suculture.com\/es\/wp-json\/wp\/v2\/pages\/1948\/revisions"}],"predecessor-version":[{"id":10238,"href":"https:\/\/suculture.com\/es\/wp-json\/wp\/v2\/pages\/1948\/revisions\/10238"}],"wp:attachment":[{"href":"https:\/\/suculture.com\/es\/wp-json\/wp\/v2\/media?parent=1948"}],"curies":[{"name":"wp","href":"https:\/\/api.w.org\/{rel}","templated":true}]}}